{"id":10873,"date":"2026-02-09T15:48:57","date_gmt":"2026-02-09T15:48:57","guid":{"rendered":"https:\/\/portalf1.si\/?page_id=10873"},"modified":"2026-02-10T07:35:20","modified_gmt":"2026-02-10T07:35:20","slug":"cadillac","status":"publish","type":"page","link":"https:\/\/portalf1.si\/index.php\/ekipe\/cadillac\/","title":{"rendered":"CADILLAC"},"content":{"rendered":"\n<div class=\"wp-block-stackable-columns stk-block-columns stk-block stk-d33dc5e\" data-block-id=\"d33dc5e\"><div class=\"stk-row stk-inner-blocks stk-block-content stk-content-align stk-d33dc5e-column\">\n<div class=\"wp-block-stackable-column stk-block-column stk-column stk-block stk-5275a39\" data-v=\"4\" data-block-id=\"5275a39\"><div class=\"stk-column-wrapper stk-block-column__content stk-container stk-5275a39-container stk--no-background stk--no-padding\"><div class=\"stk-block-content stk-inner-blocks stk-5275a39-inner-blocks\">\n<div class=\"wp-block-columns is-layout-flex wp-container-core-columns-is-layout-28f84493 wp-block-columns-is-layout-flex\">\n<div class=\"wp-block-column is-layout-flow wp-block-column-is-layout-flow\" style=\"flex-basis:100%\">\n<div class=\"wp-block-stackable-columns stk-block-columns stk-block stk-1314836\" data-block-id=\"1314836\"><div class=\"stk-row stk-inner-blocks stk-block-content stk-content-align stk-1314836-column\">\n<div class=\"wp-block-stackable-column stk-block-column stk-column stk-block stk-a713b40\" data-v=\"4\" data-block-id=\"a713b40\"><div class=\"stk-column-wrapper stk-block-column__content stk-container stk-a713b40-container stk--no-background stk--no-padding\"><div class=\"stk-block-content stk-inner-blocks stk-a713b40-inner-blocks\">\n<div class=\"wp-block-stackable-columns stk-block-columns stk-block stk-1360be1\" data-block-id=\"1360be1\"><div class=\"stk-row stk-inner-blocks stk-block-content stk-content-align stk-1360be1-column\">\n<div class=\"wp-block-stackable-column stk-block-column stk-column stk-block stk-b85e01c\" data-v=\"4\" data-block-id=\"b85e01c\"><div class=\"stk-column-wrapper stk-block-column__content stk-container stk-b85e01c-container stk--no-background stk--no-padding\"><div class=\"stk-block-content stk-inner-blocks stk-b85e01c-inner-blocks\">\n<div class=\"wp-block-stackable-card alignfull stk-block-card stk-block stk-f14cb0c is-style-default\" data-v=\"2\" data-block-id=\"f14cb0c\"><style>.stk-f14cb0c .stk-block-card__image img{object-position:50% 49% !important;object-fit:contain !important;}<\/style><div class=\"stk--no-padding stk-container stk-f14cb0c-container stk-hover-parent\"><figure class=\"stk-block-card__image stk-img-wrapper stk-image--shape-stretch\"><img data-dominant-color=\"1e1e1e\" data-has-transparency=\"true\" style=\"--dominant-color: #1e1e1e;\" loading=\"lazy\" decoding=\"async\" class=\"stk-img wp-image-10874 has-transparency\" src=\"https:\/\/portalf1.si\/wp-content\/uploads\/2026\/02\/Cadillac_Formula_1_Team_logo.webp\" width=\"1920\" height=\"987\" srcset=\"https:\/\/portalf1.si\/wp-content\/uploads\/2026\/02\/Cadillac_Formula_1_Team_logo.webp 1920w, https:\/\/portalf1.si\/wp-content\/uploads\/2026\/02\/Cadillac_Formula_1_Team_logo-300x154.webp 300w, https:\/\/portalf1.si\/wp-content\/uploads\/2026\/02\/Cadillac_Formula_1_Team_logo-1024x526.webp 1024w, https:\/\/portalf1.si\/wp-content\/uploads\/2026\/02\/Cadillac_Formula_1_Team_logo-768x395.webp 768w, https:\/\/portalf1.si\/wp-content\/uploads\/2026\/02\/Cadillac_Formula_1_Team_logo-1536x790.webp 1536w, https:\/\/portalf1.si\/wp-content\/uploads\/2026\/02\/Cadillac_Formula_1_Team_logo-18x9.webp 18w\" sizes=\"auto, (max-width: 1920px) 100vw, 1920px\" \/><\/figure><div class=\"stk-container-padding stk-block-card__content\"><div class=\"stk-block-content stk-inner-blocks stk-f14cb0c-inner-blocks\">\n<div class=\"wp-block-stackable-text stk-block-text stk-block stk-6286508\" data-block-id=\"6286508\"><p class=\"stk-block-text__text\"><strong>Polno ime:<\/strong> Cadillac Formula 1 Team<\/p><\/div>\n\n\n\n<p><strong>Sede\u017e ekipe:<\/strong> Silverstone, Velika Britanija<\/p>\n\n\n\n<p><strong>Vodja ekipe:<\/strong> Graeme Lowdon<\/p>\n\n\n\n<p><strong>Tehni\u010dni direktor:<\/strong> Nick Chester<\/p>\n\n\n\n<p><strong>Motor:<\/strong> Ferrari<\/p>\n\n\n\n<p><strong>\u0160asija:<\/strong> \/<\/p>\n<\/div><\/div><\/div><\/div>\n<\/div><\/div><\/div>\n\n\n\n<div class=\"wp-block-stackable-column stk-block-column stk-column stk-block stk-ccb632c\" data-v=\"4\" data-block-id=\"ccb632c\"><div class=\"stk-column-wrapper stk-block-column__content stk-container stk-ccb632c-container stk--no-background stk--no-padding\"><div class=\"stk-block-content stk-inner-blocks stk-ccb632c-inner-blocks\">\n<div class=\"wp-block-columns is-layout-flex wp-container-core-columns-is-layout-28f84493 wp-block-columns-is-layout-flex\">\n<div class=\"wp-block-column is-layout-flow wp-block-column-is-layout-flow\">\n<div class=\"wp-block-stackable-card stk-block-card stk-block stk-69d5051 is-style-default\" data-v=\"2\" data-block-id=\"69d5051\"><style>.stk-69d5051 {border-style:solid !important;border-color:var(--theme-palette-color-5, #e1e8ed) !important;}<\/style><div class=\"stk--no-padding stk-container stk-69d5051-container stk-hover-parent\"><figure class=\"stk-block-card__image stk-img-wrapper stk-image--shape-stretch\"><img data-dominant-color=\"191311\" data-has-transparency=\"true\" style=\"--dominant-color: #191311;\" loading=\"lazy\" decoding=\"async\" class=\"stk-img wp-image-10875 has-transparency\" src=\"https:\/\/portalf1.si\/wp-content\/uploads\/2026\/02\/Sergio-Perez-Cadillac.webp\" width=\"440\" height=\"440\" srcset=\"https:\/\/portalf1.si\/wp-content\/uploads\/2026\/02\/Sergio-Perez-Cadillac.webp 440w, https:\/\/portalf1.si\/wp-content\/uploads\/2026\/02\/Sergio-Perez-Cadillac-300x300.webp 300w, https:\/\/portalf1.si\/wp-content\/uploads\/2026\/02\/Sergio-Perez-Cadillac-150x150.webp 150w, https:\/\/portalf1.si\/wp-content\/uploads\/2026\/02\/Sergio-Perez-Cadillac-12x12.webp 12w\" sizes=\"auto, (max-width: 440px) 100vw, 440px\" \/><\/figure><div class=\"stk-container-padding stk-block-card__content\"><div class=\"stk-block-content stk-inner-blocks stk-69d5051-inner-blocks\">\n<div class=\"wp-block-stackable-heading stk-block-heading stk-block-heading--v2 stk-block stk-ac304bd\" id=\"11\" data-block-id=\"ac304bd\"><h2 class=\"stk-block-heading__text\">11<\/h2><\/div>\n\n\n\n<div class=\"wp-block-stackable-subtitle stk-block-subtitle stk-block stk-99d0bed\" data-block-id=\"99d0bed\"><style>.stk-99d0bed .stk-block-subtitle__text{font-size:20px !important;color:#000000 !important;}@media screen and (max-width:999px){.stk-99d0bed .stk-block-subtitle__text{font-size:20px !important;}}<\/style><p class=\"stk-block-subtitle__text stk-subtitle has-text-color\"><strong>Sergio P\u00e9rez<\/strong><\/p><\/div>\n<\/div><\/div><\/div><\/div>\n<\/div>\n\n\n\n<div class=\"wp-block-column is-layout-flow wp-block-column-is-layout-flow\">\n<div class=\"wp-block-stackable-card stk-block-card stk-block stk-fbf883f is-style-default\" data-v=\"2\" data-block-id=\"fbf883f\"><style>.stk-fbf883f-container{border-style:solid !important;border-color:var(--theme-palette-color-5, #e1e8ed) !important;}<\/style><div class=\"stk--no-padding stk-container stk-fbf883f-container stk-hover-parent\"><figure class=\"stk-block-card__image stk-img-wrapper stk-image--shape-stretch\"><img data-dominant-color=\"241c19\" data-has-transparency=\"true\" style=\"--dominant-color: #241c19;\" loading=\"lazy\" decoding=\"async\" class=\"stk-img wp-image-10876 has-transparency\" src=\"https:\/\/portalf1.si\/wp-content\/uploads\/2026\/02\/Valtteri-Bottas-Cadillac.webp\" width=\"440\" height=\"440\" srcset=\"https:\/\/portalf1.si\/wp-content\/uploads\/2026\/02\/Valtteri-Bottas-Cadillac.webp 440w, https:\/\/portalf1.si\/wp-content\/uploads\/2026\/02\/Valtteri-Bottas-Cadillac-300x300.webp 300w, https:\/\/portalf1.si\/wp-content\/uploads\/2026\/02\/Valtteri-Bottas-Cadillac-150x150.webp 150w, https:\/\/portalf1.si\/wp-content\/uploads\/2026\/02\/Valtteri-Bottas-Cadillac-12x12.webp 12w\" sizes=\"auto, (max-width: 440px) 100vw, 440px\" \/><\/figure><div class=\"stk-container-padding stk-block-card__content\"><div class=\"stk-block-content stk-inner-blocks stk-fbf883f-inner-blocks\">\n<div class=\"wp-block-stackable-heading stk-block-heading stk-block-heading--v2 stk-block stk-d11897d\" id=\"77\" data-block-id=\"d11897d\"><h2 class=\"stk-block-heading__text\">77<\/h2><\/div>\n\n\n\n<div class=\"wp-block-stackable-subtitle stk-block-subtitle stk-block stk-ec19f10\" data-block-id=\"ec19f10\"><style>.stk-ec19f10 {border-color:var(--theme-palette-color-5, #e1e8ed) !important;}.stk-ec19f10 .stk-block-subtitle__text{font-size:20px !important;color:#000000 !important;}@media screen and (max-width:999px){.stk-ec19f10 .stk-block-subtitle__text{font-size:20px !important;}}<\/style><p class=\"stk-block-subtitle__text stk-subtitle has-text-color\"><strong>Valtteri Bottas<\/strong><\/p><\/div>\n<\/div><\/div><\/div><\/div>\n<\/div>\n<\/div>\n<\/div><\/div><\/div>\n<\/div><\/div>\n<\/div><\/div><\/div>\n<\/div><\/div>\n<\/div>\n<\/div>\n<\/div><\/div><\/div>\n<\/div><\/div>\n\n\n\n<div class=\"wp-block-stackable-divider stk-block-divider stk-block stk-458a0db is-style-bar\" data-block-id=\"458a0db\"><style>.stk-458a0db hr.stk-block-divider__hr{background:#0f0e17 !important;border-radius:calc(50px \/ 2) !important;height:50px !important;width:100% !important;}.stk-458a0db {margin-bottom:0px !important;}<\/style><hr class=\"stk-block-divider__hr\"\/><\/div>\n\n\n\n<div class=\"wp-block-stackable-divider stk-block-divider stk-block stk-ab4960d is-style-bar\" data-block-id=\"ab4960d\"><style>.stk-ab4960d hr.stk-block-divider__hr{background:#0f0e17 !important;border-radius:calc(50px \/ 2) !important;height:50px !important;width:100% !important;}<\/style><hr class=\"stk-block-divider__hr\"\/><\/div>\n\n\n\n<div class=\"wp-block-stackable-card stk-block-card stk-block stk-9010292 is-style-default\" data-v=\"2\" data-block-id=\"9010292\"><style>.stk-9010292 .stk-block-card__image{height:500px !important;}@media screen and (max-width:999px){.stk-9010292 .stk-block-card__image{height:400px !important;}}@media screen and (max-width:689px){.stk-9010292 .stk-block-card__image{height:150px !important;}}<\/style><div class=\"stk--no-padding stk-container stk-9010292-container stk-hover-parent\"><figure class=\"stk-block-card__image stk-img-wrapper stk-image--shape-stretch\"><img data-dominant-color=\"424b51\" data-has-transparency=\"false\" style=\"--dominant-color: #424b51;\" loading=\"lazy\" decoding=\"async\" class=\"stk-img wp-image-10878 not-transparent\" src=\"https:\/\/portalf1.si\/wp-content\/uploads\/2026\/02\/CadillacF1Team_2202_HiResEdit-scaled.webp\" width=\"2560\" height=\"1440\" srcset=\"https:\/\/portalf1.si\/wp-content\/uploads\/2026\/02\/CadillacF1Team_2202_HiResEdit-scaled.webp 2560w, https:\/\/portalf1.si\/wp-content\/uploads\/2026\/02\/CadillacF1Team_2202_HiResEdit-300x169.webp 300w, https:\/\/portalf1.si\/wp-content\/uploads\/2026\/02\/CadillacF1Team_2202_HiResEdit-1024x576.webp 1024w, https:\/\/portalf1.si\/wp-content\/uploads\/2026\/02\/CadillacF1Team_2202_HiResEdit-768x432.webp 768w, https:\/\/portalf1.si\/wp-content\/uploads\/2026\/02\/CadillacF1Team_2202_HiResEdit-1536x864.webp 1536w, https:\/\/portalf1.si\/wp-content\/uploads\/2026\/02\/CadillacF1Team_2202_HiResEdit-2048x1152.webp 2048w, https:\/\/portalf1.si\/wp-content\/uploads\/2026\/02\/CadillacF1Team_2202_HiResEdit-18x10.webp 18w\" sizes=\"auto, (max-width: 2560px) 100vw, 2560px\" \/><\/figure><div class=\"stk-container-padding stk-block-card__content\"><div class=\"stk-block-content stk-inner-blocks stk-9010292-inner-blocks\">\n<p><strong>Eno najslavnej\u0161ih imen ameri\u0161ke avtomobilske industrije v letu 2026 prihaja v Formulo 1, ko bo povsem nova ekipa Cadillac debitirala kot enajsto mo\u0161tvo na startni vrsti. Ni pa znano le njihovo ime, Sergio Perez in Valtteri Bottas namre\u010d spadata med najbolj izku\u0161ene dirka\u010de v karavani, saj se skupaj pona\u0161ata s 16 zmagami na Velikih nagradah in ve\u010d kot 500 odpeljanimi dirkami. Tudi vodja ekipe Graeme Lowdon ima izku\u0161nje iz F1, saj je pred tem vodil mo\u0161tvo Marussia. Motorje bo dobavljal Ferrari, lastnik Cadillaca, koncern General Motors (GM), pa naj bi svojo lastno pogonsko enoto predstavil leta 2029.<\/strong><\/p>\n<\/div><\/div><\/div><\/div>\n","protected":false},"excerpt":{"rendered":"<p>Polno ime: Cadillac Formula 1 Team Sede\u017e ekipe: Silverstone, Velika Britanija Vodja ekipe: Graeme Lowdon Tehni\u010dni direktor: Nick Chester Motor: Ferrari \u0160asija: \/ 11 Sergio P\u00e9rez 77 Valtteri Bottas Eno najslavnej\u0161ih imen ameri\u0161ke avtomobilske industrije v letu 2026 prihaja v Formulo 1, ko bo povsem nova ekipa Cadillac debitirala kot enajsto mo\u0161tvo na startni vrsti. [&hellip;]<\/p>\n","protected":false},"author":1,"featured_media":0,"parent":3097,"menu_order":0,"comment_status":"closed","ping_status":"closed","template":"","meta":{"footnotes":""},"class_list":["post-10873","page","type-page","status-publish","hentry"],"blocksy_meta":[],"yoast_head":"<!-- This site is optimized with the Yoast SEO plugin v27.4 - https:\/\/yoast.com\/product\/yoast-seo-wordpress\/ -->\n<title>CADILLAC - Portal F1<\/title>\n<meta name=\"description\" content=\"Portal F1 je spletna platforma, ki vam prina\u0161a najnovej\u0161e novice, strokovne \u010dlanke, analize in kolumne iz sveta Formule 1. F1. Formula 1.\" \/>\n<meta name=\"robots\" content=\"index, follow, max-snippet:-1, max-image-preview:large, max-video-preview:-1\" \/>\n<link rel=\"canonical\" href=\"https:\/\/portalf1.si\/index.php\/ekipe\/cadillac\/\" \/>\n<meta property=\"og:locale\" content=\"sl_SI\" \/>\n<meta property=\"og:type\" content=\"article\" \/>\n<meta property=\"og:title\" content=\"CADILLAC - Portal F1\" \/>\n<meta property=\"og:description\" content=\"Portal F1 je spletna platforma, ki vam prina\u0161a najnovej\u0161e novice, strokovne \u010dlanke, analize in kolumne iz sveta Formule 1. F1. Formula 1.\" \/>\n<meta property=\"og:url\" content=\"https:\/\/portalf1.si\/index.php\/ekipe\/cadillac\/\" \/>\n<meta property=\"og:site_name\" content=\"Portal F1\" \/>\n<meta property=\"article:publisher\" content=\"https:\/\/www.facebook.com\/portalf1.si\/?locale=sl_SI\" \/>\n<meta property=\"article:modified_time\" content=\"2026-02-10T07:35:20+00:00\" \/>\n<meta property=\"og:image\" content=\"https:\/\/portalf1.si\/wp-content\/uploads\/2026\/02\/Cadillac_Formula_1_Team_logo.webp\" \/>\n\t<meta property=\"og:image:width\" content=\"1920\" \/>\n\t<meta property=\"og:image:height\" content=\"987\" \/>\n\t<meta property=\"og:image:type\" content=\"image\/png\" \/>\n<meta name=\"twitter:card\" content=\"summary_large_image\" \/>\n<meta name=\"twitter:label1\" content=\"Est. reading time\" \/>\n\t<meta name=\"twitter:data1\" content=\"2 minuti\" \/>\n<script type=\"application\/ld+json\" class=\"yoast-schema-graph\">{\"@context\":\"https:\\\/\\\/schema.org\",\"@graph\":[{\"@type\":\"WebPage\",\"@id\":\"https:\\\/\\\/portalf1.si\\\/index.php\\\/ekipe\\\/cadillac\\\/\",\"url\":\"https:\\\/\\\/portalf1.si\\\/index.php\\\/ekipe\\\/cadillac\\\/\",\"name\":\"CADILLAC - Portal F1\",\"isPartOf\":{\"@id\":\"https:\\\/\\\/portalf1.si\\\/#website\"},\"primaryImageOfPage\":{\"@id\":\"https:\\\/\\\/portalf1.si\\\/index.php\\\/ekipe\\\/cadillac\\\/#primaryimage\"},\"image\":{\"@id\":\"https:\\\/\\\/portalf1.si\\\/index.php\\\/ekipe\\\/cadillac\\\/#primaryimage\"},\"thumbnailUrl\":\"https:\\\/\\\/portalf1.si\\\/wp-content\\\/uploads\\\/2026\\\/02\\\/Cadillac_Formula_1_Team_logo.webp\",\"datePublished\":\"2026-02-09T15:48:57+00:00\",\"dateModified\":\"2026-02-10T07:35:20+00:00\",\"description\":\"Portal F1 je spletna platforma, ki vam prina\u0161a najnovej\u0161e novice, strokovne \u010dlanke, analize in kolumne iz sveta Formule 1. F1. Formula 1.\",\"breadcrumb\":{\"@id\":\"https:\\\/\\\/portalf1.si\\\/index.php\\\/ekipe\\\/cadillac\\\/#breadcrumb\"},\"inLanguage\":\"sl-SI\",\"potentialAction\":[{\"@type\":\"ReadAction\",\"target\":[\"https:\\\/\\\/portalf1.si\\\/index.php\\\/ekipe\\\/cadillac\\\/\"]}]},{\"@type\":\"ImageObject\",\"inLanguage\":\"sl-SI\",\"@id\":\"https:\\\/\\\/portalf1.si\\\/index.php\\\/ekipe\\\/cadillac\\\/#primaryimage\",\"url\":\"https:\\\/\\\/portalf1.si\\\/wp-content\\\/uploads\\\/2026\\\/02\\\/Cadillac_Formula_1_Team_logo.webp\",\"contentUrl\":\"https:\\\/\\\/portalf1.si\\\/wp-content\\\/uploads\\\/2026\\\/02\\\/Cadillac_Formula_1_Team_logo.webp\",\"width\":1920,\"height\":987},{\"@type\":\"BreadcrumbList\",\"@id\":\"https:\\\/\\\/portalf1.si\\\/index.php\\\/ekipe\\\/cadillac\\\/#breadcrumb\",\"itemListElement\":[{\"@type\":\"ListItem\",\"position\":1,\"name\":\"Home\",\"item\":\"https:\\\/\\\/portalf1.si\\\/\"},{\"@type\":\"ListItem\",\"position\":2,\"name\":\"EKIPE\",\"item\":\"https:\\\/\\\/portalf1.si\\\/index.php\\\/ekipe\\\/\"},{\"@type\":\"ListItem\",\"position\":3,\"name\":\"CADILLAC\"}]},{\"@type\":\"WebSite\",\"@id\":\"https:\\\/\\\/portalf1.si\\\/#website\",\"url\":\"https:\\\/\\\/portalf1.si\\\/\",\"name\":\"Portal F1\",\"description\":\"Vstopite v svet hitrosti in adrenalina\",\"publisher\":{\"@id\":\"https:\\\/\\\/portalf1.si\\\/#organization\"},\"potentialAction\":[{\"@type\":\"SearchAction\",\"target\":{\"@type\":\"EntryPoint\",\"urlTemplate\":\"https:\\\/\\\/portalf1.si\\\/?s={search_term_string}\"},\"query-input\":{\"@type\":\"PropertyValueSpecification\",\"valueRequired\":true,\"valueName\":\"search_term_string\"}}],\"inLanguage\":\"sl-SI\"},{\"@type\":\"Organization\",\"@id\":\"https:\\\/\\\/portalf1.si\\\/#organization\",\"name\":\"Portal F1\",\"url\":\"https:\\\/\\\/portalf1.si\\\/\",\"logo\":{\"@type\":\"ImageObject\",\"inLanguage\":\"sl-SI\",\"@id\":\"https:\\\/\\\/portalf1.si\\\/#\\\/schema\\\/logo\\\/image\\\/\",\"url\":\"https:\\\/\\\/portalf1.si\\\/wp-content\\\/uploads\\\/2025\\\/02\\\/cropped-HiPaint_1738532868530.png\",\"contentUrl\":\"https:\\\/\\\/portalf1.si\\\/wp-content\\\/uploads\\\/2025\\\/02\\\/cropped-HiPaint_1738532868530.png\",\"width\":512,\"height\":512,\"caption\":\"Portal F1\"},\"image\":{\"@id\":\"https:\\\/\\\/portalf1.si\\\/#\\\/schema\\\/logo\\\/image\\\/\"},\"sameAs\":[\"https:\\\/\\\/www.facebook.com\\\/portalf1.si\\\/?locale=sl_SI\"]}]}<\/script>\n<!-- \/ Yoast SEO plugin. -->","yoast_head_json":{"title":"CADILLAC - Portal F1","description":"Portal F1 je spletna platforma, ki vam prina\u0161a najnovej\u0161e novice, strokovne \u010dlanke, analize in kolumne iz sveta Formule 1. F1. Formula 1.","robots":{"index":"index","follow":"follow","max-snippet":"max-snippet:-1","max-image-preview":"max-image-preview:large","max-video-preview":"max-video-preview:-1"},"canonical":"https:\/\/portalf1.si\/index.php\/ekipe\/cadillac\/","og_locale":"sl_SI","og_type":"article","og_title":"CADILLAC - Portal F1","og_description":"Portal F1 je spletna platforma, ki vam prina\u0161a najnovej\u0161e novice, strokovne \u010dlanke, analize in kolumne iz sveta Formule 1. F1. Formula 1.","og_url":"https:\/\/portalf1.si\/index.php\/ekipe\/cadillac\/","og_site_name":"Portal F1","article_publisher":"https:\/\/www.facebook.com\/portalf1.si\/?locale=sl_SI","article_modified_time":"2026-02-10T07:35:20+00:00","og_image":[{"width":1920,"height":987,"url":"https:\/\/portalf1.si\/wp-content\/uploads\/2026\/02\/Cadillac_Formula_1_Team_logo.webp","type":"image\/png"}],"twitter_card":"summary_large_image","twitter_misc":{"Est. reading time":"2 minuti"},"schema":{"@context":"https:\/\/schema.org","@graph":[{"@type":"WebPage","@id":"https:\/\/portalf1.si\/index.php\/ekipe\/cadillac\/","url":"https:\/\/portalf1.si\/index.php\/ekipe\/cadillac\/","name":"CADILLAC - Portal F1","isPartOf":{"@id":"https:\/\/portalf1.si\/#website"},"primaryImageOfPage":{"@id":"https:\/\/portalf1.si\/index.php\/ekipe\/cadillac\/#primaryimage"},"image":{"@id":"https:\/\/portalf1.si\/index.php\/ekipe\/cadillac\/#primaryimage"},"thumbnailUrl":"https:\/\/portalf1.si\/wp-content\/uploads\/2026\/02\/Cadillac_Formula_1_Team_logo.webp","datePublished":"2026-02-09T15:48:57+00:00","dateModified":"2026-02-10T07:35:20+00:00","description":"Portal F1 je spletna platforma, ki vam prina\u0161a najnovej\u0161e novice, strokovne \u010dlanke, analize in kolumne iz sveta Formule 1. F1. Formula 1.","breadcrumb":{"@id":"https:\/\/portalf1.si\/index.php\/ekipe\/cadillac\/#breadcrumb"},"inLanguage":"sl-SI","potentialAction":[{"@type":"ReadAction","target":["https:\/\/portalf1.si\/index.php\/ekipe\/cadillac\/"]}]},{"@type":"ImageObject","inLanguage":"sl-SI","@id":"https:\/\/portalf1.si\/index.php\/ekipe\/cadillac\/#primaryimage","url":"https:\/\/portalf1.si\/wp-content\/uploads\/2026\/02\/Cadillac_Formula_1_Team_logo.webp","contentUrl":"https:\/\/portalf1.si\/wp-content\/uploads\/2026\/02\/Cadillac_Formula_1_Team_logo.webp","width":1920,"height":987},{"@type":"BreadcrumbList","@id":"https:\/\/portalf1.si\/index.php\/ekipe\/cadillac\/#breadcrumb","itemListElement":[{"@type":"ListItem","position":1,"name":"Home","item":"https:\/\/portalf1.si\/"},{"@type":"ListItem","position":2,"name":"EKIPE","item":"https:\/\/portalf1.si\/index.php\/ekipe\/"},{"@type":"ListItem","position":3,"name":"CADILLAC"}]},{"@type":"WebSite","@id":"https:\/\/portalf1.si\/#website","url":"https:\/\/portalf1.si\/","name":"Portal F1","description":"Vstopite v svet hitrosti in adrenalina","publisher":{"@id":"https:\/\/portalf1.si\/#organization"},"potentialAction":[{"@type":"SearchAction","target":{"@type":"EntryPoint","urlTemplate":"https:\/\/portalf1.si\/?s={search_term_string}"},"query-input":{"@type":"PropertyValueSpecification","valueRequired":true,"valueName":"search_term_string"}}],"inLanguage":"sl-SI"},{"@type":"Organization","@id":"https:\/\/portalf1.si\/#organization","name":"Portal F1","url":"https:\/\/portalf1.si\/","logo":{"@type":"ImageObject","inLanguage":"sl-SI","@id":"https:\/\/portalf1.si\/#\/schema\/logo\/image\/","url":"https:\/\/portalf1.si\/wp-content\/uploads\/2025\/02\/cropped-HiPaint_1738532868530.png","contentUrl":"https:\/\/portalf1.si\/wp-content\/uploads\/2025\/02\/cropped-HiPaint_1738532868530.png","width":512,"height":512,"caption":"Portal F1"},"image":{"@id":"https:\/\/portalf1.si\/#\/schema\/logo\/image\/"},"sameAs":["https:\/\/www.facebook.com\/portalf1.si\/?locale=sl_SI"]}]}},"_links":{"self":[{"href":"https:\/\/portalf1.si\/index.php\/wp-json\/wp\/v2\/pages\/10873","targetHints":{"allow":["GET"]}}],"collection":[{"href":"https:\/\/portalf1.si\/index.php\/wp-json\/wp\/v2\/pages"}],"about":[{"href":"https:\/\/portalf1.si\/index.php\/wp-json\/wp\/v2\/types\/page"}],"author":[{"embeddable":true,"href":"https:\/\/portalf1.si\/index.php\/wp-json\/wp\/v2\/users\/1"}],"replies":[{"embeddable":true,"href":"https:\/\/portalf1.si\/index.php\/wp-json\/wp\/v2\/comments?post=10873"}],"version-history":[{"count":4,"href":"https:\/\/portalf1.si\/index.php\/wp-json\/wp\/v2\/pages\/10873\/revisions"}],"predecessor-version":[{"id":10907,"href":"https:\/\/portalf1.si\/index.php\/wp-json\/wp\/v2\/pages\/10873\/revisions\/10907"}],"up":[{"embeddable":true,"href":"https:\/\/portalf1.si\/index.php\/wp-json\/wp\/v2\/pages\/3097"}],"wp:attachment":[{"href":"https:\/\/portalf1.si\/index.php\/wp-json\/wp\/v2\/media?parent=10873"}],"curies":[{"name":"wp","href":"https:\/\/api.w.org\/{rel}","templated":true}]}}