{"id":3342,"date":"2025-02-03T07:35:47","date_gmt":"2025-02-03T07:35:47","guid":{"rendered":"https:\/\/portalf1.si\/?page_id=3342"},"modified":"2025-02-09T22:27:12","modified_gmt":"2025-02-09T22:27:12","slug":"urednistvo","status":"publish","type":"page","link":"https:\/\/portalf1.si\/index.php\/urednistvo\/","title":{"rendered":"UREDNI\u0160TVO"},"content":{"rendered":"<h4>Glavni urednik<\/h4>\n<p>Denis \u0160tojs<\/p>\n<h4>Pravila o uporabi<\/h4>\n<p>Portal uporabljate na lastno odgovornost.<\/p>\n<h4>Kontaktne informacije<\/h4>\n<p>Svoje \u017eelje, predloge in prito\u017ebe nam lahko posredujete na elektronski naslov <a href=\"mailto:info@portalf1.si\">info@portalf1.si<\/a>. Z veseljem bomo prisluhnili va\u0161im idejam.<\/p>\n<p>V primeru te\u017eav z uporabo spletne strani nam prosimo pi\u0161ite na elektronski naslov <a href=\"mailto:info@portalf1.si\">info@portalf1.si<\/a>.<\/p>\n","protected":false},"excerpt":{"rendered":"<p>Glavni urednik Denis \u0160tojs Pravila o uporabi Portal uporabljate na lastno odgovornost. Kontaktne informacije Svoje \u017eelje, predloge in prito\u017ebe nam lahko posredujete na elektronski naslov info@portalf1.si. Z veseljem bomo prisluhnili va\u0161im idejam. V primeru te\u017eav z uporabo spletne strani nam prosimo pi\u0161ite na elektronski naslov info@portalf1.si.<\/p>\n","protected":false},"author":1,"featured_media":3348,"parent":0,"menu_order":0,"comment_status":"closed","ping_status":"closed","template":"","meta":{"footnotes":""},"class_list":["post-3342","page","type-page","status-publish","has-post-thumbnail","hentry"],"blocksy_meta":[],"yoast_head":"<!-- This site is optimized with the Yoast SEO plugin v27.4 - https:\/\/yoast.com\/product\/yoast-seo-wordpress\/ -->\n<title>UREDNI\u0160TVO - Portal F1<\/title>\n<meta name=\"description\" content=\"Portal F1 je spletna platforma, ki vam prina\u0161a najnovej\u0161e novice, strokovne \u010dlanke, analize dogajanja na stezi, zanimive kolumne in \u0161e mnogo ve\u010d.\" \/>\n<meta name=\"robots\" content=\"index, follow, max-snippet:-1, max-image-preview:large, max-video-preview:-1\" \/>\n<link rel=\"canonical\" href=\"https:\/\/portalf1.si\/index.php\/urednistvo\/\" \/>\n<meta property=\"og:locale\" content=\"sl_SI\" \/>\n<meta property=\"og:type\" content=\"article\" \/>\n<meta property=\"og:title\" content=\"UREDNI\u0160TVO - Portal F1\" \/>\n<meta property=\"og:description\" content=\"Portal F1 je spletna platforma, ki vam prina\u0161a najnovej\u0161e novice, strokovne \u010dlanke, analize dogajanja na stezi, zanimive kolumne in \u0161e mnogo ve\u010d.\" \/>\n<meta property=\"og:url\" content=\"https:\/\/portalf1.si\/index.php\/urednistvo\/\" \/>\n<meta property=\"og:site_name\" content=\"Portal F1\" \/>\n<meta property=\"article:publisher\" content=\"https:\/\/www.facebook.com\/portalf1.si\/?locale=sl_SI\" \/>\n<meta property=\"article:modified_time\" content=\"2025-02-09T22:27:12+00:00\" \/>\n<meta property=\"og:image\" content=\"https:\/\/portalf1.si\/wp-content\/uploads\/2025\/02\/trent-erwin-UgA3Xvi3SkA-unsplash-scaled-e1738703052747.jpg\" \/>\n\t<meta property=\"og:image:width\" content=\"2560\" \/>\n\t<meta property=\"og:image:height\" content=\"1045\" \/>\n\t<meta property=\"og:image:type\" content=\"image\/jpeg\" \/>\n<meta name=\"twitter:card\" content=\"summary_large_image\" \/>\n<meta name=\"twitter:label1\" content=\"Est. reading time\" \/>\n\t<meta name=\"twitter:data1\" content=\"1 minuta\" \/>\n<script type=\"application\/ld+json\" class=\"yoast-schema-graph\">{\"@context\":\"https:\\\/\\\/schema.org\",\"@graph\":[{\"@type\":\"WebPage\",\"@id\":\"https:\\\/\\\/portalf1.si\\\/index.php\\\/urednistvo\\\/\",\"url\":\"https:\\\/\\\/portalf1.si\\\/index.php\\\/urednistvo\\\/\",\"name\":\"UREDNI\u0160TVO - Portal F1\",\"isPartOf\":{\"@id\":\"https:\\\/\\\/portalf1.si\\\/#website\"},\"primaryImageOfPage\":{\"@id\":\"https:\\\/\\\/portalf1.si\\\/index.php\\\/urednistvo\\\/#primaryimage\"},\"image\":{\"@id\":\"https:\\\/\\\/portalf1.si\\\/index.php\\\/urednistvo\\\/#primaryimage\"},\"thumbnailUrl\":\"https:\\\/\\\/portalf1.si\\\/wp-content\\\/uploads\\\/2025\\\/02\\\/trent-erwin-UgA3Xvi3SkA-unsplash-scaled-e1738703052747.jpg\",\"datePublished\":\"2025-02-03T07:35:47+00:00\",\"dateModified\":\"2025-02-09T22:27:12+00:00\",\"description\":\"Portal F1 je spletna platforma, ki vam prina\u0161a najnovej\u0161e novice, strokovne \u010dlanke, analize dogajanja na stezi, zanimive kolumne in \u0161e mnogo ve\u010d.\",\"breadcrumb\":{\"@id\":\"https:\\\/\\\/portalf1.si\\\/index.php\\\/urednistvo\\\/#breadcrumb\"},\"inLanguage\":\"sl-SI\",\"potentialAction\":[{\"@type\":\"ReadAction\",\"target\":[\"https:\\\/\\\/portalf1.si\\\/index.php\\\/urednistvo\\\/\"]}]},{\"@type\":\"ImageObject\",\"inLanguage\":\"sl-SI\",\"@id\":\"https:\\\/\\\/portalf1.si\\\/index.php\\\/urednistvo\\\/#primaryimage\",\"url\":\"https:\\\/\\\/portalf1.si\\\/wp-content\\\/uploads\\\/2025\\\/02\\\/trent-erwin-UgA3Xvi3SkA-unsplash-scaled-e1738703052747.jpg\",\"contentUrl\":\"https:\\\/\\\/portalf1.si\\\/wp-content\\\/uploads\\\/2025\\\/02\\\/trent-erwin-UgA3Xvi3SkA-unsplash-scaled-e1738703052747.jpg\",\"width\":2560,\"height\":1045},{\"@type\":\"BreadcrumbList\",\"@id\":\"https:\\\/\\\/portalf1.si\\\/index.php\\\/urednistvo\\\/#breadcrumb\",\"itemListElement\":[{\"@type\":\"ListItem\",\"position\":1,\"name\":\"Home\",\"item\":\"https:\\\/\\\/portalf1.si\\\/\"},{\"@type\":\"ListItem\",\"position\":2,\"name\":\"UREDNI\u0160TVO\"}]},{\"@type\":\"WebSite\",\"@id\":\"https:\\\/\\\/portalf1.si\\\/#website\",\"url\":\"https:\\\/\\\/portalf1.si\\\/\",\"name\":\"Portal F1\",\"description\":\"Vstopite v svet hitrosti in adrenalina\",\"publisher\":{\"@id\":\"https:\\\/\\\/portalf1.si\\\/#organization\"},\"potentialAction\":[{\"@type\":\"SearchAction\",\"target\":{\"@type\":\"EntryPoint\",\"urlTemplate\":\"https:\\\/\\\/portalf1.si\\\/?s={search_term_string}\"},\"query-input\":{\"@type\":\"PropertyValueSpecification\",\"valueRequired\":true,\"valueName\":\"search_term_string\"}}],\"inLanguage\":\"sl-SI\"},{\"@type\":\"Organization\",\"@id\":\"https:\\\/\\\/portalf1.si\\\/#organization\",\"name\":\"Portal F1\",\"url\":\"https:\\\/\\\/portalf1.si\\\/\",\"logo\":{\"@type\":\"ImageObject\",\"inLanguage\":\"sl-SI\",\"@id\":\"https:\\\/\\\/portalf1.si\\\/#\\\/schema\\\/logo\\\/image\\\/\",\"url\":\"https:\\\/\\\/portalf1.si\\\/wp-content\\\/uploads\\\/2025\\\/02\\\/cropped-HiPaint_1738532868530.png\",\"contentUrl\":\"https:\\\/\\\/portalf1.si\\\/wp-content\\\/uploads\\\/2025\\\/02\\\/cropped-HiPaint_1738532868530.png\",\"width\":512,\"height\":512,\"caption\":\"Portal F1\"},\"image\":{\"@id\":\"https:\\\/\\\/portalf1.si\\\/#\\\/schema\\\/logo\\\/image\\\/\"},\"sameAs\":[\"https:\\\/\\\/www.facebook.com\\\/portalf1.si\\\/?locale=sl_SI\"]}]}<\/script>\n<!-- \/ Yoast SEO plugin. -->","yoast_head_json":{"title":"UREDNI\u0160TVO - Portal F1","description":"Portal F1 je spletna platforma, ki vam prina\u0161a najnovej\u0161e novice, strokovne \u010dlanke, analize dogajanja na stezi, zanimive kolumne in \u0161e mnogo ve\u010d.","robots":{"index":"index","follow":"follow","max-snippet":"max-snippet:-1","max-image-preview":"max-image-preview:large","max-video-preview":"max-video-preview:-1"},"canonical":"https:\/\/portalf1.si\/index.php\/urednistvo\/","og_locale":"sl_SI","og_type":"article","og_title":"UREDNI\u0160TVO - Portal F1","og_description":"Portal F1 je spletna platforma, ki vam prina\u0161a najnovej\u0161e novice, strokovne \u010dlanke, analize dogajanja na stezi, zanimive kolumne in \u0161e mnogo ve\u010d.","og_url":"https:\/\/portalf1.si\/index.php\/urednistvo\/","og_site_name":"Portal F1","article_publisher":"https:\/\/www.facebook.com\/portalf1.si\/?locale=sl_SI","article_modified_time":"2025-02-09T22:27:12+00:00","og_image":[{"width":2560,"height":1045,"url":"https:\/\/portalf1.si\/wp-content\/uploads\/2025\/02\/trent-erwin-UgA3Xvi3SkA-unsplash-scaled-e1738703052747.jpg","type":"image\/jpeg"}],"twitter_card":"summary_large_image","twitter_misc":{"Est. reading time":"1 minuta"},"schema":{"@context":"https:\/\/schema.org","@graph":[{"@type":"WebPage","@id":"https:\/\/portalf1.si\/index.php\/urednistvo\/","url":"https:\/\/portalf1.si\/index.php\/urednistvo\/","name":"UREDNI\u0160TVO - Portal F1","isPartOf":{"@id":"https:\/\/portalf1.si\/#website"},"primaryImageOfPage":{"@id":"https:\/\/portalf1.si\/index.php\/urednistvo\/#primaryimage"},"image":{"@id":"https:\/\/portalf1.si\/index.php\/urednistvo\/#primaryimage"},"thumbnailUrl":"https:\/\/portalf1.si\/wp-content\/uploads\/2025\/02\/trent-erwin-UgA3Xvi3SkA-unsplash-scaled-e1738703052747.jpg","datePublished":"2025-02-03T07:35:47+00:00","dateModified":"2025-02-09T22:27:12+00:00","description":"Portal F1 je spletna platforma, ki vam prina\u0161a najnovej\u0161e novice, strokovne \u010dlanke, analize dogajanja na stezi, zanimive kolumne in \u0161e mnogo ve\u010d.","breadcrumb":{"@id":"https:\/\/portalf1.si\/index.php\/urednistvo\/#breadcrumb"},"inLanguage":"sl-SI","potentialAction":[{"@type":"ReadAction","target":["https:\/\/portalf1.si\/index.php\/urednistvo\/"]}]},{"@type":"ImageObject","inLanguage":"sl-SI","@id":"https:\/\/portalf1.si\/index.php\/urednistvo\/#primaryimage","url":"https:\/\/portalf1.si\/wp-content\/uploads\/2025\/02\/trent-erwin-UgA3Xvi3SkA-unsplash-scaled-e1738703052747.jpg","contentUrl":"https:\/\/portalf1.si\/wp-content\/uploads\/2025\/02\/trent-erwin-UgA3Xvi3SkA-unsplash-scaled-e1738703052747.jpg","width":2560,"height":1045},{"@type":"BreadcrumbList","@id":"https:\/\/portalf1.si\/index.php\/urednistvo\/#breadcrumb","itemListElement":[{"@type":"ListItem","position":1,"name":"Home","item":"https:\/\/portalf1.si\/"},{"@type":"ListItem","position":2,"name":"UREDNI\u0160TVO"}]},{"@type":"WebSite","@id":"https:\/\/portalf1.si\/#website","url":"https:\/\/portalf1.si\/","name":"Portal F1","description":"Vstopite v svet hitrosti in adrenalina","publisher":{"@id":"https:\/\/portalf1.si\/#organization"},"potentialAction":[{"@type":"SearchAction","target":{"@type":"EntryPoint","urlTemplate":"https:\/\/portalf1.si\/?s={search_term_string}"},"query-input":{"@type":"PropertyValueSpecification","valueRequired":true,"valueName":"search_term_string"}}],"inLanguage":"sl-SI"},{"@type":"Organization","@id":"https:\/\/portalf1.si\/#organization","name":"Portal F1","url":"https:\/\/portalf1.si\/","logo":{"@type":"ImageObject","inLanguage":"sl-SI","@id":"https:\/\/portalf1.si\/#\/schema\/logo\/image\/","url":"https:\/\/portalf1.si\/wp-content\/uploads\/2025\/02\/cropped-HiPaint_1738532868530.png","contentUrl":"https:\/\/portalf1.si\/wp-content\/uploads\/2025\/02\/cropped-HiPaint_1738532868530.png","width":512,"height":512,"caption":"Portal F1"},"image":{"@id":"https:\/\/portalf1.si\/#\/schema\/logo\/image\/"},"sameAs":["https:\/\/www.facebook.com\/portalf1.si\/?locale=sl_SI"]}]}},"_links":{"self":[{"href":"https:\/\/portalf1.si\/index.php\/wp-json\/wp\/v2\/pages\/3342","targetHints":{"allow":["GET"]}}],"collection":[{"href":"https:\/\/portalf1.si\/index.php\/wp-json\/wp\/v2\/pages"}],"about":[{"href":"https:\/\/portalf1.si\/index.php\/wp-json\/wp\/v2\/types\/page"}],"author":[{"embeddable":true,"href":"https:\/\/portalf1.si\/index.php\/wp-json\/wp\/v2\/users\/1"}],"replies":[{"embeddable":true,"href":"https:\/\/portalf1.si\/index.php\/wp-json\/wp\/v2\/comments?post=3342"}],"version-history":[{"count":3,"href":"https:\/\/portalf1.si\/index.php\/wp-json\/wp\/v2\/pages\/3342\/revisions"}],"predecessor-version":[{"id":3350,"href":"https:\/\/portalf1.si\/index.php\/wp-json\/wp\/v2\/pages\/3342\/revisions\/3350"}],"wp:featuredmedia":[{"embeddable":true,"href":"https:\/\/portalf1.si\/index.php\/wp-json\/wp\/v2\/media\/3348"}],"wp:attachment":[{"href":"https:\/\/portalf1.si\/index.php\/wp-json\/wp\/v2\/media?parent=3342"}],"curies":[{"name":"wp","href":"https:\/\/api.w.org\/{rel}","templated":true}]}}