{"id":3377,"date":"2025-02-04T21:12:40","date_gmt":"2025-02-04T21:12:40","guid":{"rendered":"https:\/\/portalf1.si\/?page_id=3377"},"modified":"2026-02-10T07:00:52","modified_gmt":"2026-02-10T07:00:52","slug":"alpine","status":"publish","type":"page","link":"https:\/\/portalf1.si\/index.php\/ekipe\/alpine\/","title":{"rendered":"ALPINE"},"content":{"rendered":"\n<div class=\"wp-block-stackable-columns stk-block-columns stk-block stk-1343bf3\" data-block-id=\"1343bf3\"><div class=\"stk-row stk-inner-blocks stk-block-content stk-content-align stk-1343bf3-column\">\n<div class=\"wp-block-stackable-column stk-block-column stk-column stk-block stk-adf7e6b\" data-v=\"4\" data-block-id=\"adf7e6b\"><style>@media screen and (min-width:690px){.stk-adf7e6b {flex:var(--stk-flex-grow, 1) 1 calc(50% - var(--stk-column-gap, 0px) * 1 \/ 2 ) !important;}}<\/style><div class=\"stk-column-wrapper stk-block-column__content stk-container stk-adf7e6b-container stk--no-background stk--no-padding\"><div class=\"stk-block-content stk-inner-blocks stk-adf7e6b-inner-blocks\">\n<div class=\"wp-block-stackable-card alignfull stk-block-card stk-block stk-f14cb0c is-style-default\" data-v=\"2\" data-block-id=\"f14cb0c\"><style>.stk-f14cb0c .stk-block-card__image img{object-position:50% 49% !important;object-fit:contain !important;}<\/style><div class=\"stk--no-padding stk-container stk-f14cb0c-container stk-hover-parent\"><figure class=\"stk-block-card__image stk-img-wrapper stk-image--shape-stretch\"><img loading=\"lazy\" decoding=\"async\" class=\"stk-img wp-image-3379\" src=\"https:\/\/portalf1.si\/wp-content\/uploads\/2025\/02\/ALPINE-LOGO.png\" width=\"1280\" height=\"741\" srcset=\"https:\/\/portalf1.si\/wp-content\/uploads\/2025\/02\/ALPINE-LOGO.png 1280w, https:\/\/portalf1.si\/wp-content\/uploads\/2025\/02\/ALPINE-LOGO-300x174.png 300w, https:\/\/portalf1.si\/wp-content\/uploads\/2025\/02\/ALPINE-LOGO-1024x593.png 1024w, https:\/\/portalf1.si\/wp-content\/uploads\/2025\/02\/ALPINE-LOGO-768x445.png 768w\" sizes=\"auto, (max-width: 1280px) 100vw, 1280px\" \/><\/figure><div class=\"stk-container-padding stk-block-card__content\"><div class=\"stk-block-content stk-inner-blocks stk-f14cb0c-inner-blocks\">\n<div class=\"wp-block-stackable-text stk-block-text stk-block stk-6286508\" data-block-id=\"6286508\"><p class=\"stk-block-text__text\"><strong>Polno ime:<\/strong> BWT Alpine Formula One Team<\/p><\/div>\n\n\n\n<p><strong>Sede\u017e ekipe:<\/strong> Enstone, Velika Britanija<\/p>\n\n\n\n<p><strong>Vodja ekipe:<\/strong> Flavio Briatore<\/p>\n\n\n\n<p><strong>Tehni\u010dni direktor:<\/strong> David Sanchez<\/p>\n\n\n\n<p><strong>Motor:<\/strong> Mercedes<\/p>\n\n\n\n<p><strong>\u0160asija:<\/strong> A526<\/p>\n<\/div><\/div><\/div><\/div>\n<\/div><\/div><\/div>\n\n\n\n<div class=\"wp-block-stackable-column stk-block-column stk-column stk-block stk-29836de\" data-v=\"4\" data-block-id=\"29836de\"><style>@media screen and (min-width:690px){.stk-29836de {flex:var(--stk-flex-grow, 1) 1 calc(50% - var(--stk-column-gap, 0px) * 1 \/ 2 ) !important;}}<\/style><div class=\"stk-column-wrapper stk-block-column__content stk-container stk-29836de-container stk--no-background stk--no-padding\"><div class=\"stk-block-content stk-inner-blocks stk-29836de-inner-blocks\">\n<div class=\"wp-block-stackable-columns stk-block-columns stk-block stk-20b3d62\" data-block-id=\"20b3d62\"><div class=\"stk-row stk-inner-blocks stk-block-content stk-content-align stk-20b3d62-column\">\n<div class=\"wp-block-stackable-column stk-block-column stk-column stk-block stk-ba467fe\" data-v=\"4\" data-block-id=\"ba467fe\"><div class=\"stk-column-wrapper stk-block-column__content stk-container stk-ba467fe-container stk--no-background stk--no-padding\"><div class=\"stk-block-content stk-inner-blocks stk-ba467fe-inner-blocks\">\n<div class=\"wp-block-stackable-card stk-block-card stk-block stk-69d5051 is-style-default\" data-v=\"2\" data-block-id=\"69d5051\"><style>.stk-69d5051 {border-style:solid !important;border-color:var(--theme-palette-color-5, #e1e8ed) !important;}<\/style><div class=\"stk--no-padding stk-container stk-69d5051-container stk-hover-parent\"><figure class=\"stk-block-card__image stk-img-wrapper stk-image--shape-stretch\"><img data-dominant-color=\"3b6587\" data-has-transparency=\"false\" style=\"--dominant-color: #3b6587;\" loading=\"lazy\" decoding=\"async\" class=\"stk-img wp-image-10776 not-transparent\" src=\"https:\/\/portalf1.si\/wp-content\/uploads\/2026\/02\/gasly.webp\" width=\"1320\" height=\"1320\" srcset=\"https:\/\/portalf1.si\/wp-content\/uploads\/2026\/02\/gasly.webp 1320w, https:\/\/portalf1.si\/wp-content\/uploads\/2026\/02\/gasly-300x300.webp 300w, https:\/\/portalf1.si\/wp-content\/uploads\/2026\/02\/gasly-1024x1024.webp 1024w, https:\/\/portalf1.si\/wp-content\/uploads\/2026\/02\/gasly-150x150.webp 150w, https:\/\/portalf1.si\/wp-content\/uploads\/2026\/02\/gasly-768x768.webp 768w, https:\/\/portalf1.si\/wp-content\/uploads\/2026\/02\/gasly-12x12.webp 12w\" sizes=\"auto, (max-width: 1320px) 100vw, 1320px\" \/><\/figure><div class=\"stk-container-padding stk-block-card__content\"><div class=\"stk-block-content stk-inner-blocks stk-69d5051-inner-blocks\">\n<div class=\"wp-block-stackable-heading stk-block-heading stk-block-heading--v2 stk-block stk-ac304bd\" id=\"10\" data-block-id=\"ac304bd\"><h2 class=\"stk-block-heading__text\">10<\/h2><\/div>\n\n\n\n<div class=\"wp-block-stackable-subtitle stk-block-subtitle stk-block stk-99d0bed\" data-block-id=\"99d0bed\"><style>.stk-99d0bed .stk-block-subtitle__text{font-size:20px !important;color:#000000 !important;}@media screen and (max-width:999px){.stk-99d0bed .stk-block-subtitle__text{font-size:20px !important;}}<\/style><p class=\"stk-block-subtitle__text stk-subtitle has-text-color\"><strong>Pierre Gasly<\/strong><\/p><\/div>\n<\/div><\/div><\/div><\/div>\n<\/div><\/div><\/div>\n\n\n\n<div class=\"wp-block-stackable-column stk-block-column stk-column stk-block stk-41535b4\" data-v=\"4\" data-block-id=\"41535b4\"><div class=\"stk-column-wrapper stk-block-column__content stk-container stk-41535b4-container stk--no-background stk--no-padding\"><div class=\"stk-block-content stk-inner-blocks stk-41535b4-inner-blocks\">\n<div class=\"wp-block-stackable-card stk-block-card stk-block stk-fbf883f is-style-default\" data-v=\"2\" data-block-id=\"fbf883f\"><style>.stk-fbf883f-container{border-style:solid !important;border-color:var(--theme-palette-color-5, #e1e8ed) !important;}<\/style><div class=\"stk--no-padding stk-container stk-fbf883f-container stk-hover-parent\"><figure class=\"stk-block-card__image stk-img-wrapper stk-image--shape-stretch\"><img data-dominant-color=\"346082\" data-has-transparency=\"false\" style=\"--dominant-color: #346082;\" loading=\"lazy\" decoding=\"async\" class=\"stk-img wp-image-10775 not-transparent\" src=\"https:\/\/portalf1.si\/wp-content\/uploads\/2026\/02\/Colapinto2025_Alpine.webp\" width=\"1320\" height=\"1320\" srcset=\"https:\/\/portalf1.si\/wp-content\/uploads\/2026\/02\/Colapinto2025_Alpine.webp 1320w, https:\/\/portalf1.si\/wp-content\/uploads\/2026\/02\/Colapinto2025_Alpine-300x300.webp 300w, https:\/\/portalf1.si\/wp-content\/uploads\/2026\/02\/Colapinto2025_Alpine-1024x1024.webp 1024w, https:\/\/portalf1.si\/wp-content\/uploads\/2026\/02\/Colapinto2025_Alpine-150x150.webp 150w, https:\/\/portalf1.si\/wp-content\/uploads\/2026\/02\/Colapinto2025_Alpine-768x768.webp 768w, https:\/\/portalf1.si\/wp-content\/uploads\/2026\/02\/Colapinto2025_Alpine-12x12.webp 12w\" sizes=\"auto, (max-width: 1320px) 100vw, 1320px\" \/><\/figure><div class=\"stk-container-padding stk-block-card__content\"><div class=\"stk-block-content stk-inner-blocks stk-fbf883f-inner-blocks\">\n<div class=\"wp-block-stackable-heading stk-block-heading stk-block-heading--v2 stk-block stk-d11897d\" id=\"43\" data-block-id=\"d11897d\"><h2 class=\"stk-block-heading__text\">43<\/h2><\/div>\n\n\n\n<div class=\"wp-block-stackable-subtitle stk-block-subtitle stk-block stk-ec19f10\" data-block-id=\"ec19f10\"><style>.stk-ec19f10 {border-color:var(--theme-palette-color-5, #e1e8ed) !important;}.stk-ec19f10 .stk-block-subtitle__text{font-size:20px !important;color:#000000 !important;}@media screen and (max-width:999px){.stk-ec19f10 .stk-block-subtitle__text{font-size:20px !important;}}<\/style><p class=\"stk-block-subtitle__text stk-subtitle has-text-color\"><strong>Franco Colapinto<\/strong><\/p><\/div>\n<\/div><\/div><\/div><\/div>\n<\/div><\/div><\/div>\n<\/div><\/div>\n<\/div><\/div><\/div>\n<\/div><\/div>\n\n\n\n<div class=\"wp-block-stackable-divider stk-block-divider stk-block stk-4b35413 is-style-bar\" data-block-id=\"4b35413\"><style>.stk-4b35413 hr.stk-block-divider__hr{background:#2673e2 !important;border-radius:calc(50px \/ 2) !important;height:50px !important;width:100% !important;}.stk-4b35413 {margin-bottom:0px !important;}<\/style><hr class=\"stk-block-divider__hr\"\/><\/div>\n\n\n\n<div class=\"wp-block-stackable-divider stk-block-divider stk-block stk-da4afb7 is-style-bar\" data-block-id=\"da4afb7\"><style>.stk-da4afb7 hr.stk-block-divider__hr{background:#2673e2 !important;border-radius:calc(50px \/ 2) !important;height:50px !important;width:100% !important;}<\/style><hr class=\"stk-block-divider__hr\"\/><\/div>\n\n\n\n<div class=\"wp-block-stackable-card stk-block-card stk-block stk-ba4e06b is-style-default\" data-v=\"2\" data-block-id=\"ba4e06b\"><style>.stk-ba4e06b .stk-block-card__image{height:500px !important;}@media screen and (max-width:999px){.stk-ba4e06b .stk-block-card__image{height:450px !important;}}@media screen and (max-width:689px){.stk-ba4e06b .stk-block-card__image{height:200px !important;}}<\/style><div class=\"stk--no-padding stk-container stk-ba4e06b-container stk-hover-parent\"><figure class=\"stk-block-card__image stk-img-wrapper stk-image--shape-stretch\"><img data-dominant-color=\"494e56\" data-has-transparency=\"false\" style=\"--dominant-color: #494e56;\" loading=\"lazy\" decoding=\"async\" class=\"stk-img wp-image-10779 not-transparent\" src=\"https:\/\/portalf1.si\/wp-content\/uploads\/2026\/02\/alpine-a526-livery-3.webp\" width=\"1000\" height=\"666\" srcset=\"https:\/\/portalf1.si\/wp-content\/uploads\/2026\/02\/alpine-a526-livery-3.webp 1000w, https:\/\/portalf1.si\/wp-content\/uploads\/2026\/02\/alpine-a526-livery-3-300x200.webp 300w, https:\/\/portalf1.si\/wp-content\/uploads\/2026\/02\/alpine-a526-livery-3-768x511.webp 768w, https:\/\/portalf1.si\/wp-content\/uploads\/2026\/02\/alpine-a526-livery-3-18x12.webp 18w\" sizes=\"auto, (max-width: 1000px) 100vw, 1000px\" \/><\/figure><div class=\"stk-container-padding stk-block-card__content\"><div class=\"stk-block-content stk-inner-blocks stk-ba4e06b-inner-blocks\">\n<p class=\"has-medium-font-size\"><strong>Alpine je morda razmeroma novo ime v Formuli 1, vendar ima Renaultov sloviti oddelek \u0161portnih avtomobilov bogato dirka\u0161ko dedi\u0161\u010dino. Preimenovanje ekipe leta 2021 je ozna\u010dilo naslednji korak v Renaultovem o\u017eivljanju Formule 1, ki se je za\u010delo leta 2016 s prevzemom takratne ekipe Lotus. Ker so pod novo podobo \u017ee dosegli zmage na dirkah, mora biti njihov naslednji cilj redne stopni\u010dke in boj za naslov prvaka \u2026<\/strong><\/p>\n<\/div><\/div><\/div><\/div>\n\n\n\n<p><\/p>\n","protected":false},"excerpt":{"rendered":"<p>Polno ime: BWT Alpine Formula One Team Sede\u017e ekipe: Enstone, Velika Britanija Vodja ekipe: Flavio Briatore Tehni\u010dni direktor: David Sanchez Motor: Mercedes \u0160asija: A526 10 Pierre Gasly 43 Franco Colapinto Alpine je morda razmeroma novo ime v Formuli 1, vendar ima Renaultov sloviti oddelek \u0161portnih avtomobilov bogato dirka\u0161ko dedi\u0161\u010dino. Preimenovanje ekipe leta 2021 je ozna\u010dilo [&hellip;]<\/p>\n","protected":false},"author":1,"featured_media":0,"parent":3097,"menu_order":0,"comment_status":"closed","ping_status":"closed","template":"","meta":{"footnotes":""},"class_list":["post-3377","page","type-page","status-publish","hentry"],"blocksy_meta":[],"yoast_head":"<!-- This site is optimized with the Yoast SEO plugin v27.4 - https:\/\/yoast.com\/product\/yoast-seo-wordpress\/ -->\n<title>ALPINE - Portal F1<\/title>\n<meta name=\"description\" content=\"Portal F1 je spletna platforma, ki vam prina\u0161a najnovej\u0161e novice, strokovne \u010dlanke, analize in kolumne iz sveta Formule 1. F1. Formula 1.\" \/>\n<meta name=\"robots\" content=\"index, follow, max-snippet:-1, max-image-preview:large, max-video-preview:-1\" \/>\n<link rel=\"canonical\" href=\"https:\/\/portalf1.si\/index.php\/ekipe\/alpine\/\" \/>\n<meta property=\"og:locale\" content=\"sl_SI\" \/>\n<meta property=\"og:type\" content=\"article\" \/>\n<meta property=\"og:title\" content=\"ALPINE - Portal F1\" \/>\n<meta property=\"og:description\" content=\"Portal F1 je spletna platforma, ki vam prina\u0161a najnovej\u0161e novice, strokovne \u010dlanke, analize in kolumne iz sveta Formule 1. F1. Formula 1.\" \/>\n<meta property=\"og:url\" content=\"https:\/\/portalf1.si\/index.php\/ekipe\/alpine\/\" \/>\n<meta property=\"og:site_name\" content=\"Portal F1\" \/>\n<meta property=\"article:publisher\" content=\"https:\/\/www.facebook.com\/portalf1.si\/?locale=sl_SI\" \/>\n<meta property=\"article:modified_time\" content=\"2026-02-10T07:00:52+00:00\" \/>\n<meta property=\"og:image\" content=\"https:\/\/portalf1.si\/wp-content\/uploads\/2025\/02\/ALPINE-LOGO.png\" \/>\n\t<meta property=\"og:image:width\" content=\"1280\" \/>\n\t<meta property=\"og:image:height\" content=\"741\" \/>\n\t<meta property=\"og:image:type\" content=\"image\/png\" \/>\n<meta name=\"twitter:card\" content=\"summary_large_image\" \/>\n<meta name=\"twitter:label1\" content=\"Est. reading time\" \/>\n\t<meta name=\"twitter:data1\" content=\"2 minuti\" \/>\n<script type=\"application\/ld+json\" class=\"yoast-schema-graph\">{\"@context\":\"https:\\\/\\\/schema.org\",\"@graph\":[{\"@type\":\"WebPage\",\"@id\":\"https:\\\/\\\/portalf1.si\\\/index.php\\\/ekipe\\\/alpine\\\/\",\"url\":\"https:\\\/\\\/portalf1.si\\\/index.php\\\/ekipe\\\/alpine\\\/\",\"name\":\"ALPINE - Portal F1\",\"isPartOf\":{\"@id\":\"https:\\\/\\\/portalf1.si\\\/#website\"},\"primaryImageOfPage\":{\"@id\":\"https:\\\/\\\/portalf1.si\\\/index.php\\\/ekipe\\\/alpine\\\/#primaryimage\"},\"image\":{\"@id\":\"https:\\\/\\\/portalf1.si\\\/index.php\\\/ekipe\\\/alpine\\\/#primaryimage\"},\"thumbnailUrl\":\"https:\\\/\\\/portalf1.si\\\/wp-content\\\/uploads\\\/2025\\\/02\\\/ALPINE-LOGO.png\",\"datePublished\":\"2025-02-04T21:12:40+00:00\",\"dateModified\":\"2026-02-10T07:00:52+00:00\",\"description\":\"Portal F1 je spletna platforma, ki vam prina\u0161a najnovej\u0161e novice, strokovne \u010dlanke, analize in kolumne iz sveta Formule 1. F1. Formula 1.\",\"breadcrumb\":{\"@id\":\"https:\\\/\\\/portalf1.si\\\/index.php\\\/ekipe\\\/alpine\\\/#breadcrumb\"},\"inLanguage\":\"sl-SI\",\"potentialAction\":[{\"@type\":\"ReadAction\",\"target\":[\"https:\\\/\\\/portalf1.si\\\/index.php\\\/ekipe\\\/alpine\\\/\"]}]},{\"@type\":\"ImageObject\",\"inLanguage\":\"sl-SI\",\"@id\":\"https:\\\/\\\/portalf1.si\\\/index.php\\\/ekipe\\\/alpine\\\/#primaryimage\",\"url\":\"https:\\\/\\\/portalf1.si\\\/wp-content\\\/uploads\\\/2025\\\/02\\\/ALPINE-LOGO.png\",\"contentUrl\":\"https:\\\/\\\/portalf1.si\\\/wp-content\\\/uploads\\\/2025\\\/02\\\/ALPINE-LOGO.png\",\"width\":1280,\"height\":741},{\"@type\":\"BreadcrumbList\",\"@id\":\"https:\\\/\\\/portalf1.si\\\/index.php\\\/ekipe\\\/alpine\\\/#breadcrumb\",\"itemListElement\":[{\"@type\":\"ListItem\",\"position\":1,\"name\":\"Home\",\"item\":\"https:\\\/\\\/portalf1.si\\\/\"},{\"@type\":\"ListItem\",\"position\":2,\"name\":\"EKIPE\",\"item\":\"https:\\\/\\\/portalf1.si\\\/index.php\\\/ekipe\\\/\"},{\"@type\":\"ListItem\",\"position\":3,\"name\":\"ALPINE\"}]},{\"@type\":\"WebSite\",\"@id\":\"https:\\\/\\\/portalf1.si\\\/#website\",\"url\":\"https:\\\/\\\/portalf1.si\\\/\",\"name\":\"Portal F1\",\"description\":\"Vstopite v svet hitrosti in adrenalina\",\"publisher\":{\"@id\":\"https:\\\/\\\/portalf1.si\\\/#organization\"},\"potentialAction\":[{\"@type\":\"SearchAction\",\"target\":{\"@type\":\"EntryPoint\",\"urlTemplate\":\"https:\\\/\\\/portalf1.si\\\/?s={search_term_string}\"},\"query-input\":{\"@type\":\"PropertyValueSpecification\",\"valueRequired\":true,\"valueName\":\"search_term_string\"}}],\"inLanguage\":\"sl-SI\"},{\"@type\":\"Organization\",\"@id\":\"https:\\\/\\\/portalf1.si\\\/#organization\",\"name\":\"Portal F1\",\"url\":\"https:\\\/\\\/portalf1.si\\\/\",\"logo\":{\"@type\":\"ImageObject\",\"inLanguage\":\"sl-SI\",\"@id\":\"https:\\\/\\\/portalf1.si\\\/#\\\/schema\\\/logo\\\/image\\\/\",\"url\":\"https:\\\/\\\/portalf1.si\\\/wp-content\\\/uploads\\\/2025\\\/02\\\/cropped-HiPaint_1738532868530.png\",\"contentUrl\":\"https:\\\/\\\/portalf1.si\\\/wp-content\\\/uploads\\\/2025\\\/02\\\/cropped-HiPaint_1738532868530.png\",\"width\":512,\"height\":512,\"caption\":\"Portal F1\"},\"image\":{\"@id\":\"https:\\\/\\\/portalf1.si\\\/#\\\/schema\\\/logo\\\/image\\\/\"},\"sameAs\":[\"https:\\\/\\\/www.facebook.com\\\/portalf1.si\\\/?locale=sl_SI\"]}]}<\/script>\n<!-- \/ Yoast SEO plugin. -->","yoast_head_json":{"title":"ALPINE - Portal F1","description":"Portal F1 je spletna platforma, ki vam prina\u0161a najnovej\u0161e novice, strokovne \u010dlanke, analize in kolumne iz sveta Formule 1. F1. Formula 1.","robots":{"index":"index","follow":"follow","max-snippet":"max-snippet:-1","max-image-preview":"max-image-preview:large","max-video-preview":"max-video-preview:-1"},"canonical":"https:\/\/portalf1.si\/index.php\/ekipe\/alpine\/","og_locale":"sl_SI","og_type":"article","og_title":"ALPINE - Portal F1","og_description":"Portal F1 je spletna platforma, ki vam prina\u0161a najnovej\u0161e novice, strokovne \u010dlanke, analize in kolumne iz sveta Formule 1. F1. Formula 1.","og_url":"https:\/\/portalf1.si\/index.php\/ekipe\/alpine\/","og_site_name":"Portal F1","article_publisher":"https:\/\/www.facebook.com\/portalf1.si\/?locale=sl_SI","article_modified_time":"2026-02-10T07:00:52+00:00","og_image":[{"width":1280,"height":741,"url":"https:\/\/portalf1.si\/wp-content\/uploads\/2025\/02\/ALPINE-LOGO.png","type":"image\/png"}],"twitter_card":"summary_large_image","twitter_misc":{"Est. reading time":"2 minuti"},"schema":{"@context":"https:\/\/schema.org","@graph":[{"@type":"WebPage","@id":"https:\/\/portalf1.si\/index.php\/ekipe\/alpine\/","url":"https:\/\/portalf1.si\/index.php\/ekipe\/alpine\/","name":"ALPINE - Portal F1","isPartOf":{"@id":"https:\/\/portalf1.si\/#website"},"primaryImageOfPage":{"@id":"https:\/\/portalf1.si\/index.php\/ekipe\/alpine\/#primaryimage"},"image":{"@id":"https:\/\/portalf1.si\/index.php\/ekipe\/alpine\/#primaryimage"},"thumbnailUrl":"https:\/\/portalf1.si\/wp-content\/uploads\/2025\/02\/ALPINE-LOGO.png","datePublished":"2025-02-04T21:12:40+00:00","dateModified":"2026-02-10T07:00:52+00:00","description":"Portal F1 je spletna platforma, ki vam prina\u0161a najnovej\u0161e novice, strokovne \u010dlanke, analize in kolumne iz sveta Formule 1. F1. Formula 1.","breadcrumb":{"@id":"https:\/\/portalf1.si\/index.php\/ekipe\/alpine\/#breadcrumb"},"inLanguage":"sl-SI","potentialAction":[{"@type":"ReadAction","target":["https:\/\/portalf1.si\/index.php\/ekipe\/alpine\/"]}]},{"@type":"ImageObject","inLanguage":"sl-SI","@id":"https:\/\/portalf1.si\/index.php\/ekipe\/alpine\/#primaryimage","url":"https:\/\/portalf1.si\/wp-content\/uploads\/2025\/02\/ALPINE-LOGO.png","contentUrl":"https:\/\/portalf1.si\/wp-content\/uploads\/2025\/02\/ALPINE-LOGO.png","width":1280,"height":741},{"@type":"BreadcrumbList","@id":"https:\/\/portalf1.si\/index.php\/ekipe\/alpine\/#breadcrumb","itemListElement":[{"@type":"ListItem","position":1,"name":"Home","item":"https:\/\/portalf1.si\/"},{"@type":"ListItem","position":2,"name":"EKIPE","item":"https:\/\/portalf1.si\/index.php\/ekipe\/"},{"@type":"ListItem","position":3,"name":"ALPINE"}]},{"@type":"WebSite","@id":"https:\/\/portalf1.si\/#website","url":"https:\/\/portalf1.si\/","name":"Portal F1","description":"Vstopite v svet hitrosti in adrenalina","publisher":{"@id":"https:\/\/portalf1.si\/#organization"},"potentialAction":[{"@type":"SearchAction","target":{"@type":"EntryPoint","urlTemplate":"https:\/\/portalf1.si\/?s={search_term_string}"},"query-input":{"@type":"PropertyValueSpecification","valueRequired":true,"valueName":"search_term_string"}}],"inLanguage":"sl-SI"},{"@type":"Organization","@id":"https:\/\/portalf1.si\/#organization","name":"Portal F1","url":"https:\/\/portalf1.si\/","logo":{"@type":"ImageObject","inLanguage":"sl-SI","@id":"https:\/\/portalf1.si\/#\/schema\/logo\/image\/","url":"https:\/\/portalf1.si\/wp-content\/uploads\/2025\/02\/cropped-HiPaint_1738532868530.png","contentUrl":"https:\/\/portalf1.si\/wp-content\/uploads\/2025\/02\/cropped-HiPaint_1738532868530.png","width":512,"height":512,"caption":"Portal F1"},"image":{"@id":"https:\/\/portalf1.si\/#\/schema\/logo\/image\/"},"sameAs":["https:\/\/www.facebook.com\/portalf1.si\/?locale=sl_SI"]}]}},"_links":{"self":[{"href":"https:\/\/portalf1.si\/index.php\/wp-json\/wp\/v2\/pages\/3377","targetHints":{"allow":["GET"]}}],"collection":[{"href":"https:\/\/portalf1.si\/index.php\/wp-json\/wp\/v2\/pages"}],"about":[{"href":"https:\/\/portalf1.si\/index.php\/wp-json\/wp\/v2\/types\/page"}],"author":[{"embeddable":true,"href":"https:\/\/portalf1.si\/index.php\/wp-json\/wp\/v2\/users\/1"}],"replies":[{"embeddable":true,"href":"https:\/\/portalf1.si\/index.php\/wp-json\/wp\/v2\/comments?post=3377"}],"version-history":[{"count":8,"href":"https:\/\/portalf1.si\/index.php\/wp-json\/wp\/v2\/pages\/3377\/revisions"}],"predecessor-version":[{"id":10896,"href":"https:\/\/portalf1.si\/index.php\/wp-json\/wp\/v2\/pages\/3377\/revisions\/10896"}],"up":[{"embeddable":true,"href":"https:\/\/portalf1.si\/index.php\/wp-json\/wp\/v2\/pages\/3097"}],"wp:attachment":[{"href":"https:\/\/portalf1.si\/index.php\/wp-json\/wp\/v2\/media?parent=3377"}],"curies":[{"name":"wp","href":"https:\/\/api.w.org\/{rel}","templated":true}]}}