{"id":3401,"date":"2025-02-04T21:41:03","date_gmt":"2025-02-04T21:41:03","guid":{"rendered":"https:\/\/portalf1.si\/?page_id=3401"},"modified":"2026-02-10T07:02:09","modified_gmt":"2026-02-10T07:02:09","slug":"ferrari","status":"publish","type":"page","link":"https:\/\/portalf1.si\/index.php\/ekipe\/ferrari\/","title":{"rendered":"FERRARI"},"content":{"rendered":"\n<div class=\"wp-block-stackable-columns stk-block-columns stk-block stk-1199a59\" data-block-id=\"1199a59\"><div class=\"stk-row stk-inner-blocks stk-block-content stk-content-align stk-1199a59-column\">\n<div class=\"wp-block-stackable-column stk-block-column stk-column stk-block stk-a30f621\" data-v=\"4\" data-block-id=\"a30f621\"><div class=\"stk-column-wrapper stk-block-column__content stk-container stk-a30f621-container stk--no-background stk--no-padding\"><div class=\"stk-block-content stk-inner-blocks stk-a30f621-inner-blocks\">\n<div class=\"wp-block-stackable-card stk-block-card stk-block stk-9e3ad8a is-style-default\" data-v=\"2\" data-block-id=\"9e3ad8a\"><style>.stk-9e3ad8a .stk-block-card__image img{object-fit:contain !important;}<\/style><div class=\"stk--no-padding stk-container stk-9e3ad8a-container stk-hover-parent\"><figure class=\"stk-block-card__image stk-img-wrapper stk-image--shape-stretch\"><img loading=\"lazy\" decoding=\"async\" class=\"stk-img wp-image-3402\" src=\"https:\/\/portalf1.si\/wp-content\/uploads\/2025\/02\/FERRARI-LOGO.png\" width=\"1920\" height=\"768\" srcset=\"https:\/\/portalf1.si\/wp-content\/uploads\/2025\/02\/FERRARI-LOGO.png 1920w, https:\/\/portalf1.si\/wp-content\/uploads\/2025\/02\/FERRARI-LOGO-300x120.png 300w, https:\/\/portalf1.si\/wp-content\/uploads\/2025\/02\/FERRARI-LOGO-1024x410.png 1024w, https:\/\/portalf1.si\/wp-content\/uploads\/2025\/02\/FERRARI-LOGO-768x307.png 768w, https:\/\/portalf1.si\/wp-content\/uploads\/2025\/02\/FERRARI-LOGO-1536x614.png 1536w\" sizes=\"auto, (max-width: 1920px) 100vw, 1920px\" \/><\/figure><div class=\"stk-container-padding stk-block-card__content\"><div class=\"stk-block-content stk-inner-blocks stk-9e3ad8a-inner-blocks\">\n<div class=\"wp-block-stackable-text stk-block-text stk-block stk-22401f1\" data-block-id=\"22401f1\"><p class=\"stk-block-text__text\"><strong>Polno ime:<\/strong> Scuderia Ferrari HP<\/p><\/div>\n\n\n\n<p><strong>Sede\u017e ekipe:<\/strong> Maranello, Italija<\/p>\n\n\n\n<p><strong>Vodja ekipe:<\/strong> Fr\u00e9d\u00e9ric Vasseur<\/p>\n\n\n\n<p><strong>Tehni\u010dni direktor:<\/strong> Loic Serra \/ Enrico Gualtieri<\/p>\n\n\n\n<p><strong>Motor:<\/strong> Ferrari<\/p>\n\n\n\n<p><strong>\u0160asija:<\/strong> SF-26<\/p>\n<\/div><\/div><\/div><\/div>\n<\/div><\/div><\/div>\n\n\n\n<div class=\"wp-block-stackable-column stk-block-column stk-column stk-block stk-f77e541\" data-v=\"4\" data-block-id=\"f77e541\"><div class=\"stk-column-wrapper stk-block-column__content stk-container stk-f77e541-container stk--no-background stk--no-padding\"><div class=\"stk-block-content stk-inner-blocks stk-f77e541-inner-blocks\">\n<div class=\"wp-block-stackable-columns stk-block-columns stk-block stk-98219e0\" data-block-id=\"98219e0\"><div class=\"stk-row stk-inner-blocks stk-block-content stk-content-align stk-98219e0-column\">\n<div class=\"wp-block-stackable-column stk-block-column stk-column stk-block stk-ed38042\" data-v=\"4\" data-block-id=\"ed38042\"><div class=\"stk-column-wrapper stk-block-column__content stk-container stk-ed38042-container stk--no-background stk--no-padding\"><div class=\"stk-block-content stk-inner-blocks stk-ed38042-inner-blocks\">\n<div class=\"wp-block-stackable-card stk-block-card stk-block stk-fc632ad is-style-default\" data-v=\"2\" data-block-id=\"fc632ad\"><style>.stk-fc632ad {border-style:solid !important;border-color:var(--theme-palette-color-5, #e1e8ed) !important;}.stk-fc632ad .stk-block-card__image img{object-fit:cover !important;}<\/style><div class=\"stk--no-padding stk-container stk-fc632ad-container stk-hover-parent\"><figure class=\"stk-block-card__image stk-img-wrapper stk-image--shape-stretch\"><img data-dominant-color=\"a82633\" data-has-transparency=\"false\" style=\"--dominant-color: #a82633;\" loading=\"lazy\" decoding=\"async\" class=\"stk-img wp-image-10797 not-transparent\" src=\"https:\/\/portalf1.si\/wp-content\/uploads\/2026\/02\/Lewis-Hamilton.webp\" width=\"500\" height=\"500\" srcset=\"https:\/\/portalf1.si\/wp-content\/uploads\/2026\/02\/Lewis-Hamilton.webp 500w, https:\/\/portalf1.si\/wp-content\/uploads\/2026\/02\/Lewis-Hamilton-300x300.webp 300w, https:\/\/portalf1.si\/wp-content\/uploads\/2026\/02\/Lewis-Hamilton-150x150.webp 150w, https:\/\/portalf1.si\/wp-content\/uploads\/2026\/02\/Lewis-Hamilton-12x12.webp 12w\" sizes=\"auto, (max-width: 500px) 100vw, 500px\" \/><\/figure><div class=\"stk-container-padding stk-block-card__content\"><div class=\"stk-block-content stk-inner-blocks stk-fc632ad-inner-blocks\">\n<div class=\"wp-block-stackable-heading stk-block-heading stk-block-heading--v2 stk-block stk-a50b01b\" id=\"44\" data-block-id=\"a50b01b\"><h2 class=\"stk-block-heading__text\">44<\/h2><\/div>\n\n\n\n<div class=\"wp-block-stackable-subtitle stk-block-subtitle stk-block stk-30e74bc\" data-block-id=\"30e74bc\"><style>.stk-30e74bc .stk-block-subtitle__text{font-size:20px !important;color:#000000 !important;}@media screen and (max-width:999px){.stk-30e74bc .stk-block-subtitle__text{font-size:20px !important;}}<\/style><p class=\"stk-block-subtitle__text stk-subtitle has-text-color\"><strong>Lewis Hamilton<\/strong><\/p><\/div>\n<\/div><\/div><\/div><\/div>\n<\/div><\/div><\/div>\n\n\n\n<div class=\"wp-block-stackable-column stk-block-column stk-column stk-block stk-bf7b3b1\" data-v=\"4\" data-block-id=\"bf7b3b1\"><div class=\"stk-column-wrapper stk-block-column__content stk-container stk-bf7b3b1-container stk--no-background stk--no-padding\"><div class=\"stk-block-content stk-inner-blocks stk-bf7b3b1-inner-blocks\">\n<div class=\"wp-block-stackable-card stk-block-card stk-block stk-a6abe9b is-style-default\" data-v=\"2\" data-block-id=\"a6abe9b\"><style>.stk-a6abe9b {border-style:solid !important;border-color:var(--theme-palette-color-5, #e1e8ed) !important;}<\/style><div class=\"stk--no-padding stk-container stk-a6abe9b-container stk-hover-parent\"><figure class=\"stk-block-card__image stk-img-wrapper stk-image--shape-stretch\"><img data-dominant-color=\"a32931\" data-has-transparency=\"false\" style=\"--dominant-color: #a32931;\" loading=\"lazy\" decoding=\"async\" class=\"stk-img wp-image-10798 not-transparent\" src=\"https:\/\/portalf1.si\/wp-content\/uploads\/2026\/02\/Charles-Leclerc.webp\" width=\"500\" height=\"500\" srcset=\"https:\/\/portalf1.si\/wp-content\/uploads\/2026\/02\/Charles-Leclerc.webp 500w, https:\/\/portalf1.si\/wp-content\/uploads\/2026\/02\/Charles-Leclerc-300x300.webp 300w, https:\/\/portalf1.si\/wp-content\/uploads\/2026\/02\/Charles-Leclerc-150x150.webp 150w, https:\/\/portalf1.si\/wp-content\/uploads\/2026\/02\/Charles-Leclerc-12x12.webp 12w\" sizes=\"auto, (max-width: 500px) 100vw, 500px\" \/><\/figure><div class=\"stk-container-padding stk-block-card__content\"><div class=\"stk-block-content stk-inner-blocks stk-a6abe9b-inner-blocks\">\n<div class=\"wp-block-stackable-heading stk-block-heading stk-block-heading--v2 stk-block stk-df8fc72\" id=\"16\" data-block-id=\"df8fc72\"><h2 class=\"stk-block-heading__text\">16<\/h2><\/div>\n\n\n\n<div class=\"wp-block-stackable-subtitle stk-block-subtitle stk-block stk-205b20c\" data-block-id=\"205b20c\"><style>.stk-205b20c .stk-block-subtitle__text{font-size:20px !important;}@media screen and (max-width:999px){.stk-205b20c .stk-block-subtitle__text{font-size:20px !important;}}<\/style><p class=\"stk-block-subtitle__text stk-subtitle\"><strong>Charles Leclerc<\/strong><\/p><\/div>\n<\/div><\/div><\/div><\/div>\n<\/div><\/div><\/div>\n<\/div><\/div>\n<\/div><\/div><\/div>\n<\/div><\/div>\n\n\n\n<div class=\"wp-block-stackable-divider stk-block-divider stk-block stk-ece7d92 is-style-bar\" data-block-id=\"ece7d92\"><style>.stk-ece7d92 hr.stk-block-divider__hr{background:#ff2800 !important;border-radius:calc(50px \/ 2) !important;height:50px !important;width:100% !important;}.stk-ece7d92 {min-height:0px !important;margin-bottom:0px !important;}<\/style><hr class=\"stk-block-divider__hr\"\/><\/div>\n\n\n\n<div class=\"wp-block-stackable-divider stk-block-divider stk-block stk-c22e939 is-style-bar\" data-block-id=\"c22e939\"><style>.stk-c22e939 hr.stk-block-divider__hr{background:#ff2800 !important;border-radius:calc(50px \/ 2) !important;height:50px !important;width:100% !important;}.stk-c22e939 {min-height:0px !important;}<\/style><hr class=\"stk-block-divider__hr\"\/><\/div>\n\n\n\n<div class=\"wp-block-stackable-card stk-block-card stk-block stk-bf1920e is-style-default\" data-v=\"2\" data-block-id=\"bf1920e\"><style>.stk-bf1920e .stk-block-card__image{height:500px !important;}@media screen and (max-width:999px){.stk-bf1920e .stk-block-card__image{height:400px !important;}}@media screen and (max-width:689px){.stk-bf1920e .stk-block-card__image{height:150px !important;}}<\/style><div class=\"stk--no-padding stk-container stk-bf1920e-container stk-hover-parent\"><figure class=\"stk-block-card__image stk-img-wrapper stk-image--shape-stretch\"><img data-dominant-color=\"403035\" data-has-transparency=\"false\" style=\"--dominant-color: #403035;\" loading=\"lazy\" decoding=\"async\" class=\"stk-img wp-image-10868 not-transparent\" src=\"https:\/\/portalf1.si\/wp-content\/uploads\/2026\/02\/618119198-1484194180377999-763028991906568251-n_f.webp\" width=\"1920\" height=\"1080\" srcset=\"https:\/\/portalf1.si\/wp-content\/uploads\/2026\/02\/618119198-1484194180377999-763028991906568251-n_f.webp 1920w, https:\/\/portalf1.si\/wp-content\/uploads\/2026\/02\/618119198-1484194180377999-763028991906568251-n_f-300x169.webp 300w, https:\/\/portalf1.si\/wp-content\/uploads\/2026\/02\/618119198-1484194180377999-763028991906568251-n_f-1024x576.webp 1024w, https:\/\/portalf1.si\/wp-content\/uploads\/2026\/02\/618119198-1484194180377999-763028991906568251-n_f-768x432.webp 768w, https:\/\/portalf1.si\/wp-content\/uploads\/2026\/02\/618119198-1484194180377999-763028991906568251-n_f-1536x864.webp 1536w, https:\/\/portalf1.si\/wp-content\/uploads\/2026\/02\/618119198-1484194180377999-763028991906568251-n_f-18x10.webp 18w\" sizes=\"auto, (max-width: 1920px) 100vw, 1920px\" \/><\/figure><div class=\"stk-container-padding stk-block-card__content\"><div class=\"stk-block-content stk-inner-blocks stk-bf1920e-inner-blocks\">\n<p class=\"has-medium-font-size\"><strong>Za mnoge sta Ferrari in Formula 1 postala nerazdru\u017eljiva. Kot edina ekipa, ki je sodelovala v prav vsaki sezoni od za\u010detka svetovnega prvenstva, se je &#8216;poskakujo\u010di konji\u010dek&#8217; razvil iz skromnih sanj ustanovitelja Enza Ferrarija v eno najbolj kultnih in prepoznavnih blagovnih znamk na svetu. Uspehi so pri\u0161li hitro z imeni, kot sta Alberto Ascari in John Surtees, ter se, kljub nekaterim su\u0161nim obdobjem, nadaljevali z Nikijem Laudo v sedemdesetih letih in nato z Michaelom Schumacherjem v drugem tiso\u010dletju. Takrat je Ferrari osvojil za tisti \u010das nepredstavljivih pet zaporednih dvojnih naslovov, s \u010dimer so si utrdili status najuspe\u0161nej\u0161e in najbolj odlikovane ekipe v zgodovini Formule 1 \u2026<\/strong><\/p>\n<\/div><\/div><\/div><\/div>\n","protected":false},"excerpt":{"rendered":"<p>Polno ime: Scuderia Ferrari HP Sede\u017e ekipe: Maranello, Italija Vodja ekipe: Fr\u00e9d\u00e9ric Vasseur Tehni\u010dni direktor: Loic Serra \/ Enrico Gualtieri Motor: Ferrari \u0160asija: SF-26 44 Lewis Hamilton 16 Charles Leclerc Za mnoge sta Ferrari in Formula 1 postala nerazdru\u017eljiva. Kot edina ekipa, ki je sodelovala v prav vsaki sezoni od za\u010detka svetovnega prvenstva, se je [&hellip;]<\/p>\n","protected":false},"author":1,"featured_media":0,"parent":3097,"menu_order":0,"comment_status":"closed","ping_status":"closed","template":"","meta":{"footnotes":""},"class_list":["post-3401","page","type-page","status-publish","hentry"],"blocksy_meta":[],"yoast_head":"<!-- This site is optimized with the Yoast SEO plugin v27.4 - https:\/\/yoast.com\/product\/yoast-seo-wordpress\/ -->\n<title>FERRARI - Portal F1<\/title>\n<meta name=\"description\" content=\"Portal F1 je spletna platforma, ki vam prina\u0161a najnovej\u0161e novice, strokovne \u010dlanke, analize in kolumne iz sveta Formule 1. F1. Formula 1.\" \/>\n<meta name=\"robots\" content=\"index, follow, max-snippet:-1, max-image-preview:large, max-video-preview:-1\" \/>\n<link rel=\"canonical\" href=\"https:\/\/portalf1.si\/index.php\/ekipe\/ferrari\/\" \/>\n<meta property=\"og:locale\" content=\"sl_SI\" \/>\n<meta property=\"og:type\" content=\"article\" \/>\n<meta property=\"og:title\" content=\"FERRARI - Portal F1\" \/>\n<meta property=\"og:description\" content=\"Portal F1 je spletna platforma, ki vam prina\u0161a najnovej\u0161e novice, strokovne \u010dlanke, analize in kolumne iz sveta Formule 1. F1. Formula 1.\" \/>\n<meta property=\"og:url\" content=\"https:\/\/portalf1.si\/index.php\/ekipe\/ferrari\/\" \/>\n<meta property=\"og:site_name\" content=\"Portal F1\" \/>\n<meta property=\"article:publisher\" content=\"https:\/\/www.facebook.com\/portalf1.si\/?locale=sl_SI\" \/>\n<meta property=\"article:modified_time\" content=\"2026-02-10T07:02:09+00:00\" \/>\n<meta property=\"og:image\" content=\"https:\/\/portalf1.si\/wp-content\/uploads\/2025\/02\/FERRARI-LOGO.png\" \/>\n\t<meta property=\"og:image:width\" content=\"1920\" \/>\n\t<meta property=\"og:image:height\" content=\"768\" \/>\n\t<meta property=\"og:image:type\" content=\"image\/png\" \/>\n<meta name=\"twitter:card\" content=\"summary_large_image\" \/>\n<meta name=\"twitter:label1\" content=\"Est. reading time\" \/>\n\t<meta name=\"twitter:data1\" content=\"2 minuti\" \/>\n<script type=\"application\/ld+json\" class=\"yoast-schema-graph\">{\"@context\":\"https:\\\/\\\/schema.org\",\"@graph\":[{\"@type\":\"WebPage\",\"@id\":\"https:\\\/\\\/portalf1.si\\\/index.php\\\/ekipe\\\/ferrari\\\/\",\"url\":\"https:\\\/\\\/portalf1.si\\\/index.php\\\/ekipe\\\/ferrari\\\/\",\"name\":\"FERRARI - Portal F1\",\"isPartOf\":{\"@id\":\"https:\\\/\\\/portalf1.si\\\/#website\"},\"primaryImageOfPage\":{\"@id\":\"https:\\\/\\\/portalf1.si\\\/index.php\\\/ekipe\\\/ferrari\\\/#primaryimage\"},\"image\":{\"@id\":\"https:\\\/\\\/portalf1.si\\\/index.php\\\/ekipe\\\/ferrari\\\/#primaryimage\"},\"thumbnailUrl\":\"https:\\\/\\\/portalf1.si\\\/wp-content\\\/uploads\\\/2025\\\/02\\\/FERRARI-LOGO.png\",\"datePublished\":\"2025-02-04T21:41:03+00:00\",\"dateModified\":\"2026-02-10T07:02:09+00:00\",\"description\":\"Portal F1 je spletna platforma, ki vam prina\u0161a najnovej\u0161e novice, strokovne \u010dlanke, analize in kolumne iz sveta Formule 1. F1. Formula 1.\",\"breadcrumb\":{\"@id\":\"https:\\\/\\\/portalf1.si\\\/index.php\\\/ekipe\\\/ferrari\\\/#breadcrumb\"},\"inLanguage\":\"sl-SI\",\"potentialAction\":[{\"@type\":\"ReadAction\",\"target\":[\"https:\\\/\\\/portalf1.si\\\/index.php\\\/ekipe\\\/ferrari\\\/\"]}]},{\"@type\":\"ImageObject\",\"inLanguage\":\"sl-SI\",\"@id\":\"https:\\\/\\\/portalf1.si\\\/index.php\\\/ekipe\\\/ferrari\\\/#primaryimage\",\"url\":\"https:\\\/\\\/portalf1.si\\\/wp-content\\\/uploads\\\/2025\\\/02\\\/FERRARI-LOGO.png\",\"contentUrl\":\"https:\\\/\\\/portalf1.si\\\/wp-content\\\/uploads\\\/2025\\\/02\\\/FERRARI-LOGO.png\",\"width\":1920,\"height\":768},{\"@type\":\"BreadcrumbList\",\"@id\":\"https:\\\/\\\/portalf1.si\\\/index.php\\\/ekipe\\\/ferrari\\\/#breadcrumb\",\"itemListElement\":[{\"@type\":\"ListItem\",\"position\":1,\"name\":\"Home\",\"item\":\"https:\\\/\\\/portalf1.si\\\/\"},{\"@type\":\"ListItem\",\"position\":2,\"name\":\"EKIPE\",\"item\":\"https:\\\/\\\/portalf1.si\\\/index.php\\\/ekipe\\\/\"},{\"@type\":\"ListItem\",\"position\":3,\"name\":\"FERRARI\"}]},{\"@type\":\"WebSite\",\"@id\":\"https:\\\/\\\/portalf1.si\\\/#website\",\"url\":\"https:\\\/\\\/portalf1.si\\\/\",\"name\":\"Portal F1\",\"description\":\"Vstopite v svet hitrosti in adrenalina\",\"publisher\":{\"@id\":\"https:\\\/\\\/portalf1.si\\\/#organization\"},\"potentialAction\":[{\"@type\":\"SearchAction\",\"target\":{\"@type\":\"EntryPoint\",\"urlTemplate\":\"https:\\\/\\\/portalf1.si\\\/?s={search_term_string}\"},\"query-input\":{\"@type\":\"PropertyValueSpecification\",\"valueRequired\":true,\"valueName\":\"search_term_string\"}}],\"inLanguage\":\"sl-SI\"},{\"@type\":\"Organization\",\"@id\":\"https:\\\/\\\/portalf1.si\\\/#organization\",\"name\":\"Portal F1\",\"url\":\"https:\\\/\\\/portalf1.si\\\/\",\"logo\":{\"@type\":\"ImageObject\",\"inLanguage\":\"sl-SI\",\"@id\":\"https:\\\/\\\/portalf1.si\\\/#\\\/schema\\\/logo\\\/image\\\/\",\"url\":\"https:\\\/\\\/portalf1.si\\\/wp-content\\\/uploads\\\/2025\\\/02\\\/cropped-HiPaint_1738532868530.png\",\"contentUrl\":\"https:\\\/\\\/portalf1.si\\\/wp-content\\\/uploads\\\/2025\\\/02\\\/cropped-HiPaint_1738532868530.png\",\"width\":512,\"height\":512,\"caption\":\"Portal F1\"},\"image\":{\"@id\":\"https:\\\/\\\/portalf1.si\\\/#\\\/schema\\\/logo\\\/image\\\/\"},\"sameAs\":[\"https:\\\/\\\/www.facebook.com\\\/portalf1.si\\\/?locale=sl_SI\"]}]}<\/script>\n<!-- \/ Yoast SEO plugin. -->","yoast_head_json":{"title":"FERRARI - Portal F1","description":"Portal F1 je spletna platforma, ki vam prina\u0161a najnovej\u0161e novice, strokovne \u010dlanke, analize in kolumne iz sveta Formule 1. F1. Formula 1.","robots":{"index":"index","follow":"follow","max-snippet":"max-snippet:-1","max-image-preview":"max-image-preview:large","max-video-preview":"max-video-preview:-1"},"canonical":"https:\/\/portalf1.si\/index.php\/ekipe\/ferrari\/","og_locale":"sl_SI","og_type":"article","og_title":"FERRARI - Portal F1","og_description":"Portal F1 je spletna platforma, ki vam prina\u0161a najnovej\u0161e novice, strokovne \u010dlanke, analize in kolumne iz sveta Formule 1. F1. Formula 1.","og_url":"https:\/\/portalf1.si\/index.php\/ekipe\/ferrari\/","og_site_name":"Portal F1","article_publisher":"https:\/\/www.facebook.com\/portalf1.si\/?locale=sl_SI","article_modified_time":"2026-02-10T07:02:09+00:00","og_image":[{"width":1920,"height":768,"url":"https:\/\/portalf1.si\/wp-content\/uploads\/2025\/02\/FERRARI-LOGO.png","type":"image\/png"}],"twitter_card":"summary_large_image","twitter_misc":{"Est. reading time":"2 minuti"},"schema":{"@context":"https:\/\/schema.org","@graph":[{"@type":"WebPage","@id":"https:\/\/portalf1.si\/index.php\/ekipe\/ferrari\/","url":"https:\/\/portalf1.si\/index.php\/ekipe\/ferrari\/","name":"FERRARI - Portal F1","isPartOf":{"@id":"https:\/\/portalf1.si\/#website"},"primaryImageOfPage":{"@id":"https:\/\/portalf1.si\/index.php\/ekipe\/ferrari\/#primaryimage"},"image":{"@id":"https:\/\/portalf1.si\/index.php\/ekipe\/ferrari\/#primaryimage"},"thumbnailUrl":"https:\/\/portalf1.si\/wp-content\/uploads\/2025\/02\/FERRARI-LOGO.png","datePublished":"2025-02-04T21:41:03+00:00","dateModified":"2026-02-10T07:02:09+00:00","description":"Portal F1 je spletna platforma, ki vam prina\u0161a najnovej\u0161e novice, strokovne \u010dlanke, analize in kolumne iz sveta Formule 1. F1. Formula 1.","breadcrumb":{"@id":"https:\/\/portalf1.si\/index.php\/ekipe\/ferrari\/#breadcrumb"},"inLanguage":"sl-SI","potentialAction":[{"@type":"ReadAction","target":["https:\/\/portalf1.si\/index.php\/ekipe\/ferrari\/"]}]},{"@type":"ImageObject","inLanguage":"sl-SI","@id":"https:\/\/portalf1.si\/index.php\/ekipe\/ferrari\/#primaryimage","url":"https:\/\/portalf1.si\/wp-content\/uploads\/2025\/02\/FERRARI-LOGO.png","contentUrl":"https:\/\/portalf1.si\/wp-content\/uploads\/2025\/02\/FERRARI-LOGO.png","width":1920,"height":768},{"@type":"BreadcrumbList","@id":"https:\/\/portalf1.si\/index.php\/ekipe\/ferrari\/#breadcrumb","itemListElement":[{"@type":"ListItem","position":1,"name":"Home","item":"https:\/\/portalf1.si\/"},{"@type":"ListItem","position":2,"name":"EKIPE","item":"https:\/\/portalf1.si\/index.php\/ekipe\/"},{"@type":"ListItem","position":3,"name":"FERRARI"}]},{"@type":"WebSite","@id":"https:\/\/portalf1.si\/#website","url":"https:\/\/portalf1.si\/","name":"Portal F1","description":"Vstopite v svet hitrosti in adrenalina","publisher":{"@id":"https:\/\/portalf1.si\/#organization"},"potentialAction":[{"@type":"SearchAction","target":{"@type":"EntryPoint","urlTemplate":"https:\/\/portalf1.si\/?s={search_term_string}"},"query-input":{"@type":"PropertyValueSpecification","valueRequired":true,"valueName":"search_term_string"}}],"inLanguage":"sl-SI"},{"@type":"Organization","@id":"https:\/\/portalf1.si\/#organization","name":"Portal F1","url":"https:\/\/portalf1.si\/","logo":{"@type":"ImageObject","inLanguage":"sl-SI","@id":"https:\/\/portalf1.si\/#\/schema\/logo\/image\/","url":"https:\/\/portalf1.si\/wp-content\/uploads\/2025\/02\/cropped-HiPaint_1738532868530.png","contentUrl":"https:\/\/portalf1.si\/wp-content\/uploads\/2025\/02\/cropped-HiPaint_1738532868530.png","width":512,"height":512,"caption":"Portal F1"},"image":{"@id":"https:\/\/portalf1.si\/#\/schema\/logo\/image\/"},"sameAs":["https:\/\/www.facebook.com\/portalf1.si\/?locale=sl_SI"]}]}},"_links":{"self":[{"href":"https:\/\/portalf1.si\/index.php\/wp-json\/wp\/v2\/pages\/3401","targetHints":{"allow":["GET"]}}],"collection":[{"href":"https:\/\/portalf1.si\/index.php\/wp-json\/wp\/v2\/pages"}],"about":[{"href":"https:\/\/portalf1.si\/index.php\/wp-json\/wp\/v2\/types\/page"}],"author":[{"embeddable":true,"href":"https:\/\/portalf1.si\/index.php\/wp-json\/wp\/v2\/users\/1"}],"replies":[{"embeddable":true,"href":"https:\/\/portalf1.si\/index.php\/wp-json\/wp\/v2\/comments?post=3401"}],"version-history":[{"count":6,"href":"https:\/\/portalf1.si\/index.php\/wp-json\/wp\/v2\/pages\/3401\/revisions"}],"predecessor-version":[{"id":10898,"href":"https:\/\/portalf1.si\/index.php\/wp-json\/wp\/v2\/pages\/3401\/revisions\/10898"}],"up":[{"embeddable":true,"href":"https:\/\/portalf1.si\/index.php\/wp-json\/wp\/v2\/pages\/3097"}],"wp:attachment":[{"href":"https:\/\/portalf1.si\/index.php\/wp-json\/wp\/v2\/media?parent=3401"}],"curies":[{"name":"wp","href":"https:\/\/api.w.org\/{rel}","templated":true}]}}