{"id":3405,"date":"2025-02-04T21:49:20","date_gmt":"2025-02-04T21:49:20","guid":{"rendered":"https:\/\/portalf1.si\/?page_id=3405"},"modified":"2026-02-10T07:19:10","modified_gmt":"2026-02-10T07:19:10","slug":"haas","status":"publish","type":"page","link":"https:\/\/portalf1.si\/index.php\/ekipe\/haas\/","title":{"rendered":"HAAS"},"content":{"rendered":"\n<div class=\"wp-block-stackable-columns stk-block-columns stk-block stk-1a307e6\" data-block-id=\"1a307e6\"><div class=\"stk-row stk-inner-blocks stk-block-content stk-content-align stk-1a307e6-column\">\n<div class=\"wp-block-stackable-column stk-block-column stk-column stk-block stk-73b463a\" data-v=\"4\" data-block-id=\"73b463a\"><div class=\"stk-column-wrapper stk-block-column__content stk-container stk-73b463a-container stk--no-background stk--no-padding\"><div class=\"stk-block-content stk-inner-blocks stk-73b463a-inner-blocks\">\n<div class=\"wp-block-stackable-card stk-block-card stk-block stk-5c61f62 is-style-default\" data-v=\"2\" data-block-id=\"5c61f62\"><style>.stk-5c61f62 .stk-block-card__image img{object-fit:contain !important;}<\/style><div class=\"stk--no-padding stk-container stk-5c61f62-container stk-hover-parent\"><figure class=\"stk-block-card__image stk-img-wrapper stk-image--shape-stretch\"><img data-dominant-color=\"330000\" data-has-transparency=\"true\" style=\"--dominant-color: #330000;\" loading=\"lazy\" decoding=\"async\" class=\"stk-img wp-image-10814 has-transparency\" src=\"https:\/\/portalf1.si\/wp-content\/uploads\/2026\/02\/TGR_Haas_F1_Team_Logo_2026.svg.webp\" width=\"960\" height=\"879\" srcset=\"https:\/\/portalf1.si\/wp-content\/uploads\/2026\/02\/TGR_Haas_F1_Team_Logo_2026.svg.webp 960w, https:\/\/portalf1.si\/wp-content\/uploads\/2026\/02\/TGR_Haas_F1_Team_Logo_2026.svg-300x275.webp 300w, https:\/\/portalf1.si\/wp-content\/uploads\/2026\/02\/TGR_Haas_F1_Team_Logo_2026.svg-768x703.webp 768w, https:\/\/portalf1.si\/wp-content\/uploads\/2026\/02\/TGR_Haas_F1_Team_Logo_2026.svg-13x12.webp 13w\" sizes=\"auto, (max-width: 960px) 100vw, 960px\" \/><\/figure><div class=\"stk-container-padding stk-block-card__content\"><div class=\"stk-block-content stk-inner-blocks stk-5c61f62-inner-blocks\">\n<div class=\"wp-block-stackable-text stk-block-text stk-block stk-fdd24ca\" data-block-id=\"fdd24ca\"><p class=\"stk-block-text__text\"><strong>Polno ime:<\/strong> TGR Haas F1 Team<\/p><\/div>\n\n\n\n<p><strong>Sede\u017e ekipe:<\/strong> Kannapolis, ZDA<\/p>\n\n\n\n<p><strong>Vodja ekipe:<\/strong> Ayao Komatsu<\/p>\n\n\n\n<p><strong>Tehni\u010dni direktor:<\/strong> Andrea De Zordo<\/p>\n\n\n\n<p><strong>Motor:<\/strong> Ferrari<\/p>\n\n\n\n<p><strong>\u0160asija:<\/strong> VF-26<\/p>\n<\/div><\/div><\/div><\/div>\n<\/div><\/div><\/div>\n\n\n\n<div class=\"wp-block-stackable-column stk-block-column stk-column stk-block stk-e0e1726\" data-v=\"4\" data-block-id=\"e0e1726\"><div class=\"stk-column-wrapper stk-block-column__content stk-container stk-e0e1726-container stk--no-background stk--no-padding\"><div class=\"stk-block-content stk-inner-blocks stk-e0e1726-inner-blocks\">\n<div class=\"wp-block-stackable-columns stk-block-columns stk-block stk-a2a518d\" data-block-id=\"a2a518d\"><div class=\"stk-row stk-inner-blocks stk-block-content stk-content-align stk-a2a518d-column\">\n<div class=\"wp-block-stackable-column stk-block-column stk-column stk-block stk-4531d48\" data-v=\"4\" data-block-id=\"4531d48\"><div class=\"stk-column-wrapper stk-block-column__content stk-container stk-4531d48-container stk--no-background stk--no-padding\"><div class=\"stk-block-content stk-inner-blocks stk-4531d48-inner-blocks\">\n<div class=\"wp-block-stackable-card stk-block-card stk-block stk-38e0051 is-style-default\" data-v=\"2\" data-block-id=\"38e0051\"><style>.stk-38e0051 {border-style:solid !important;border-color:var(--theme-palette-color-5, #e1e8ed) !important;}<\/style><div class=\"stk--no-padding stk-container stk-38e0051-container stk-hover-parent\"><figure class=\"stk-block-card__image stk-img-wrapper stk-image--shape-stretch\"><img data-dominant-color=\"685c5c\" data-has-transparency=\"false\" style=\"--dominant-color: #685c5c;\" loading=\"lazy\" decoding=\"async\" class=\"stk-img wp-image-10816 not-transparent\" src=\"https:\/\/portalf1.si\/wp-content\/uploads\/2026\/02\/34d4155677ae4874aae0240f9b366cc3.webp\" width=\"500\" height=\"500\" srcset=\"https:\/\/portalf1.si\/wp-content\/uploads\/2026\/02\/34d4155677ae4874aae0240f9b366cc3.webp 500w, https:\/\/portalf1.si\/wp-content\/uploads\/2026\/02\/34d4155677ae4874aae0240f9b366cc3-300x300.webp 300w, https:\/\/portalf1.si\/wp-content\/uploads\/2026\/02\/34d4155677ae4874aae0240f9b366cc3-150x150.webp 150w, https:\/\/portalf1.si\/wp-content\/uploads\/2026\/02\/34d4155677ae4874aae0240f9b366cc3-12x12.webp 12w\" sizes=\"auto, (max-width: 500px) 100vw, 500px\" \/><\/figure><div class=\"stk-container-padding stk-block-card__content\"><div class=\"stk-block-content stk-inner-blocks stk-38e0051-inner-blocks\">\n<div class=\"wp-block-stackable-heading stk-block-heading stk-block-heading--v2 stk-block stk-3eb64b8\" id=\"31\" data-block-id=\"3eb64b8\"><h2 class=\"stk-block-heading__text\">31<\/h2><\/div>\n\n\n\n<div class=\"wp-block-stackable-subtitle stk-block-subtitle stk-block stk-c82494b\" data-block-id=\"c82494b\"><style>.stk-c82494b .stk-block-subtitle__text{font-size:20px !important;color:#000000 !important;}@media screen and (max-width:999px){.stk-c82494b .stk-block-subtitle__text{font-size:20px !important;}}<\/style><p class=\"stk-block-subtitle__text stk-subtitle has-text-color\"><strong>Esteban Ocon<\/strong><\/p><\/div>\n<\/div><\/div><\/div><\/div>\n<\/div><\/div><\/div>\n\n\n\n<div class=\"wp-block-stackable-column stk-block-column stk-column stk-block stk-8b5630a\" data-v=\"4\" data-block-id=\"8b5630a\"><div class=\"stk-column-wrapper stk-block-column__content stk-container stk-8b5630a-container stk--no-background stk--no-padding\"><div class=\"stk-block-content stk-inner-blocks stk-8b5630a-inner-blocks\">\n<div class=\"wp-block-stackable-card stk-block-card stk-block stk-06486a7 is-style-default\" data-v=\"2\" data-block-id=\"06486a7\"><style>.stk-06486a7 {border-style:solid !important;border-color:var(--theme-palette-color-5, #e1e8ed) !important;}<\/style><div class=\"stk--no-padding stk-container stk-06486a7-container stk-hover-parent\"><figure class=\"stk-block-card__image stk-img-wrapper stk-image--shape-stretch\"><img data-dominant-color=\"695f60\" data-has-transparency=\"false\" style=\"--dominant-color: #695f60;\" loading=\"lazy\" decoding=\"async\" class=\"stk-img wp-image-10817 not-transparent\" src=\"https:\/\/portalf1.si\/wp-content\/uploads\/2026\/02\/b4e1b56f7f2a4c989f16787b26852cba.webp\" width=\"500\" height=\"500\" srcset=\"https:\/\/portalf1.si\/wp-content\/uploads\/2026\/02\/b4e1b56f7f2a4c989f16787b26852cba.webp 500w, https:\/\/portalf1.si\/wp-content\/uploads\/2026\/02\/b4e1b56f7f2a4c989f16787b26852cba-300x300.webp 300w, https:\/\/portalf1.si\/wp-content\/uploads\/2026\/02\/b4e1b56f7f2a4c989f16787b26852cba-150x150.webp 150w, https:\/\/portalf1.si\/wp-content\/uploads\/2026\/02\/b4e1b56f7f2a4c989f16787b26852cba-12x12.webp 12w\" sizes=\"auto, (max-width: 500px) 100vw, 500px\" \/><\/figure><div class=\"stk-container-padding stk-block-card__content\"><div class=\"stk-block-content stk-inner-blocks stk-06486a7-inner-blocks\">\n<div class=\"wp-block-stackable-heading stk-block-heading stk-block-heading--v2 stk-block stk-225943e\" id=\"87\" data-block-id=\"225943e\"><h2 class=\"stk-block-heading__text\">87<\/h2><\/div>\n\n\n\n<div class=\"wp-block-stackable-subtitle stk-block-subtitle stk-block stk-7ea5b8d\" data-block-id=\"7ea5b8d\"><style>.stk-7ea5b8d .stk-block-subtitle__text{font-size:20px !important;color:#000000 !important;}@media screen and (max-width:999px){.stk-7ea5b8d .stk-block-subtitle__text{font-size:20px !important;}}<\/style><p class=\"stk-block-subtitle__text stk-subtitle has-text-color\"><strong>Oliver Bearman<\/strong><\/p><\/div>\n<\/div><\/div><\/div><\/div>\n<\/div><\/div><\/div>\n<\/div><\/div>\n<\/div><\/div><\/div>\n<\/div><\/div>\n\n\n\n<div class=\"wp-block-stackable-divider stk-block-divider stk-block stk-5f4506b is-style-bar\" data-block-id=\"5f4506b\"><style>.stk-5f4506b hr.stk-block-divider__hr{background:#0f0e17 !important;border-radius:calc(50px \/ 2) !important;height:50px !important;width:100% !important;}.stk-5f4506b {margin-bottom:0px !important;}<\/style><hr class=\"stk-block-divider__hr\"\/><\/div>\n\n\n\n<div class=\"wp-block-stackable-divider stk-block-divider stk-block stk-166f5d0 is-style-bar\" data-block-id=\"166f5d0\"><style>.stk-166f5d0 hr.stk-block-divider__hr{background:#0f0e17 !important;border-radius:calc(50px \/ 2) !important;height:50px !important;width:100% !important;}<\/style><hr class=\"stk-block-divider__hr\"\/><\/div>\n\n\n\n<div class=\"wp-block-stackable-card stk-block-card stk-block stk-0e82b77 is-style-default\" data-v=\"2\" data-block-id=\"0e82b77\"><style>.stk-0e82b77 .stk-block-card__image{height:500px !important;}@media screen and (max-width:999px){.stk-0e82b77 .stk-block-card__image{height:450px !important;}}@media screen and (max-width:689px){.stk-0e82b77 .stk-block-card__image{height:200px !important;}}<\/style><div class=\"stk--no-padding stk-container stk-0e82b77-container stk-hover-parent\"><figure class=\"stk-block-card__image stk-img-wrapper stk-image--shape-stretch\"><img data-dominant-color=\"322424\" data-has-transparency=\"false\" style=\"--dominant-color: #322424;\" loading=\"lazy\" decoding=\"async\" class=\"stk-img wp-image-10866 not-transparent\" src=\"https:\/\/portalf1.si\/wp-content\/uploads\/2026\/02\/Haas-VF-26-unveil-3.webp\" width=\"1900\" height=\"1200\" srcset=\"https:\/\/portalf1.si\/wp-content\/uploads\/2026\/02\/Haas-VF-26-unveil-3.webp 1900w, https:\/\/portalf1.si\/wp-content\/uploads\/2026\/02\/Haas-VF-26-unveil-3-300x189.webp 300w, https:\/\/portalf1.si\/wp-content\/uploads\/2026\/02\/Haas-VF-26-unveil-3-1024x647.webp 1024w, https:\/\/portalf1.si\/wp-content\/uploads\/2026\/02\/Haas-VF-26-unveil-3-768x485.webp 768w, https:\/\/portalf1.si\/wp-content\/uploads\/2026\/02\/Haas-VF-26-unveil-3-1536x970.webp 1536w, https:\/\/portalf1.si\/wp-content\/uploads\/2026\/02\/Haas-VF-26-unveil-3-18x12.webp 18w\" sizes=\"auto, (max-width: 1900px) 100vw, 1900px\" \/><\/figure><div class=\"stk-container-padding stk-block-card__content\"><div class=\"stk-block-content stk-inner-blocks stk-0e82b77-inner-blocks\">\n<p><strong>Haas je leta 2016 poskrbel za izjemno impresiven prvenec in s tem postal prva povsem ameri\u0161ka ekipa v Formuli 1 po treh desetletjih. Ustanovil jo je industrialec Gene Haas, sede\u017e ekipe pa je v ZDA, v istem objektu v Kannapolisu v Severni Karolini, kjer domuje tudi njegova ekipa Stewart-Haas Racing, ki zmaguje v seriji NASCAR Sprint Cup. Ekipa, ki uporablja Ferrarijeve motorje, ima svojo tovarno tudi v Banburyju v Veliki Britaniji.<\/strong><\/p>\n<\/div><\/div><\/div><\/div>\n","protected":false},"excerpt":{"rendered":"<p>Polno ime: TGR Haas F1 Team Sede\u017e ekipe: Kannapolis, ZDA Vodja ekipe: Ayao Komatsu Tehni\u010dni direktor: Andrea De Zordo Motor: Ferrari \u0160asija: VF-26 31 Esteban Ocon 87 Oliver Bearman Haas je leta 2016 poskrbel za izjemno impresiven prvenec in s tem postal prva povsem ameri\u0161ka ekipa v Formuli 1 po treh desetletjih. Ustanovil jo je [&hellip;]<\/p>\n","protected":false},"author":1,"featured_media":0,"parent":3097,"menu_order":0,"comment_status":"closed","ping_status":"closed","template":"","meta":{"footnotes":""},"class_list":["post-3405","page","type-page","status-publish","hentry"],"blocksy_meta":[],"yoast_head":"<!-- This site is optimized with the Yoast SEO plugin v27.4 - https:\/\/yoast.com\/product\/yoast-seo-wordpress\/ -->\n<title>HAAS - Portal F1<\/title>\n<meta name=\"description\" content=\"Portal F1 je spletna platforma, ki vam prina\u0161a najnovej\u0161e novice, strokovne \u010dlanke, analize in kolumne iz sveta Formule 1. F1. Formula 1.\" \/>\n<meta name=\"robots\" content=\"index, follow, max-snippet:-1, max-image-preview:large, max-video-preview:-1\" \/>\n<link rel=\"canonical\" href=\"https:\/\/portalf1.si\/index.php\/ekipe\/haas\/\" \/>\n<meta property=\"og:locale\" content=\"sl_SI\" \/>\n<meta property=\"og:type\" content=\"article\" \/>\n<meta property=\"og:title\" content=\"HAAS - Portal F1\" \/>\n<meta property=\"og:description\" content=\"Portal F1 je spletna platforma, ki vam prina\u0161a najnovej\u0161e novice, strokovne \u010dlanke, analize in kolumne iz sveta Formule 1. F1. Formula 1.\" \/>\n<meta property=\"og:url\" content=\"https:\/\/portalf1.si\/index.php\/ekipe\/haas\/\" \/>\n<meta property=\"og:site_name\" content=\"Portal F1\" \/>\n<meta property=\"article:publisher\" content=\"https:\/\/www.facebook.com\/portalf1.si\/?locale=sl_SI\" \/>\n<meta property=\"article:modified_time\" content=\"2026-02-10T07:19:10+00:00\" \/>\n<meta property=\"og:image\" content=\"https:\/\/portalf1.si\/wp-content\/uploads\/2026\/02\/TGR_Haas_F1_Team_Logo_2026.svg.webp\" \/>\n\t<meta property=\"og:image:width\" content=\"960\" \/>\n\t<meta property=\"og:image:height\" content=\"879\" \/>\n\t<meta property=\"og:image:type\" content=\"image\/png\" \/>\n<meta name=\"twitter:card\" content=\"summary_large_image\" \/>\n<meta name=\"twitter:label1\" content=\"Est. reading time\" \/>\n\t<meta name=\"twitter:data1\" content=\"2 minuti\" \/>\n<script type=\"application\/ld+json\" class=\"yoast-schema-graph\">{\"@context\":\"https:\\\/\\\/schema.org\",\"@graph\":[{\"@type\":\"WebPage\",\"@id\":\"https:\\\/\\\/portalf1.si\\\/index.php\\\/ekipe\\\/haas\\\/\",\"url\":\"https:\\\/\\\/portalf1.si\\\/index.php\\\/ekipe\\\/haas\\\/\",\"name\":\"HAAS - Portal F1\",\"isPartOf\":{\"@id\":\"https:\\\/\\\/portalf1.si\\\/#website\"},\"primaryImageOfPage\":{\"@id\":\"https:\\\/\\\/portalf1.si\\\/index.php\\\/ekipe\\\/haas\\\/#primaryimage\"},\"image\":{\"@id\":\"https:\\\/\\\/portalf1.si\\\/index.php\\\/ekipe\\\/haas\\\/#primaryimage\"},\"thumbnailUrl\":\"https:\\\/\\\/portalf1.si\\\/wp-content\\\/uploads\\\/2026\\\/02\\\/TGR_Haas_F1_Team_Logo_2026.svg.webp\",\"datePublished\":\"2025-02-04T21:49:20+00:00\",\"dateModified\":\"2026-02-10T07:19:10+00:00\",\"description\":\"Portal F1 je spletna platforma, ki vam prina\u0161a najnovej\u0161e novice, strokovne \u010dlanke, analize in kolumne iz sveta Formule 1. F1. Formula 1.\",\"breadcrumb\":{\"@id\":\"https:\\\/\\\/portalf1.si\\\/index.php\\\/ekipe\\\/haas\\\/#breadcrumb\"},\"inLanguage\":\"sl-SI\",\"potentialAction\":[{\"@type\":\"ReadAction\",\"target\":[\"https:\\\/\\\/portalf1.si\\\/index.php\\\/ekipe\\\/haas\\\/\"]}]},{\"@type\":\"ImageObject\",\"inLanguage\":\"sl-SI\",\"@id\":\"https:\\\/\\\/portalf1.si\\\/index.php\\\/ekipe\\\/haas\\\/#primaryimage\",\"url\":\"https:\\\/\\\/portalf1.si\\\/wp-content\\\/uploads\\\/2026\\\/02\\\/TGR_Haas_F1_Team_Logo_2026.svg.webp\",\"contentUrl\":\"https:\\\/\\\/portalf1.si\\\/wp-content\\\/uploads\\\/2026\\\/02\\\/TGR_Haas_F1_Team_Logo_2026.svg.webp\",\"width\":960,\"height\":879},{\"@type\":\"BreadcrumbList\",\"@id\":\"https:\\\/\\\/portalf1.si\\\/index.php\\\/ekipe\\\/haas\\\/#breadcrumb\",\"itemListElement\":[{\"@type\":\"ListItem\",\"position\":1,\"name\":\"Home\",\"item\":\"https:\\\/\\\/portalf1.si\\\/\"},{\"@type\":\"ListItem\",\"position\":2,\"name\":\"EKIPE\",\"item\":\"https:\\\/\\\/portalf1.si\\\/index.php\\\/ekipe\\\/\"},{\"@type\":\"ListItem\",\"position\":3,\"name\":\"HAAS\"}]},{\"@type\":\"WebSite\",\"@id\":\"https:\\\/\\\/portalf1.si\\\/#website\",\"url\":\"https:\\\/\\\/portalf1.si\\\/\",\"name\":\"Portal F1\",\"description\":\"Vstopite v svet hitrosti in adrenalina\",\"publisher\":{\"@id\":\"https:\\\/\\\/portalf1.si\\\/#organization\"},\"potentialAction\":[{\"@type\":\"SearchAction\",\"target\":{\"@type\":\"EntryPoint\",\"urlTemplate\":\"https:\\\/\\\/portalf1.si\\\/?s={search_term_string}\"},\"query-input\":{\"@type\":\"PropertyValueSpecification\",\"valueRequired\":true,\"valueName\":\"search_term_string\"}}],\"inLanguage\":\"sl-SI\"},{\"@type\":\"Organization\",\"@id\":\"https:\\\/\\\/portalf1.si\\\/#organization\",\"name\":\"Portal F1\",\"url\":\"https:\\\/\\\/portalf1.si\\\/\",\"logo\":{\"@type\":\"ImageObject\",\"inLanguage\":\"sl-SI\",\"@id\":\"https:\\\/\\\/portalf1.si\\\/#\\\/schema\\\/logo\\\/image\\\/\",\"url\":\"https:\\\/\\\/portalf1.si\\\/wp-content\\\/uploads\\\/2025\\\/02\\\/cropped-HiPaint_1738532868530.png\",\"contentUrl\":\"https:\\\/\\\/portalf1.si\\\/wp-content\\\/uploads\\\/2025\\\/02\\\/cropped-HiPaint_1738532868530.png\",\"width\":512,\"height\":512,\"caption\":\"Portal F1\"},\"image\":{\"@id\":\"https:\\\/\\\/portalf1.si\\\/#\\\/schema\\\/logo\\\/image\\\/\"},\"sameAs\":[\"https:\\\/\\\/www.facebook.com\\\/portalf1.si\\\/?locale=sl_SI\"]}]}<\/script>\n<!-- \/ Yoast SEO plugin. -->","yoast_head_json":{"title":"HAAS - Portal F1","description":"Portal F1 je spletna platforma, ki vam prina\u0161a najnovej\u0161e novice, strokovne \u010dlanke, analize in kolumne iz sveta Formule 1. F1. Formula 1.","robots":{"index":"index","follow":"follow","max-snippet":"max-snippet:-1","max-image-preview":"max-image-preview:large","max-video-preview":"max-video-preview:-1"},"canonical":"https:\/\/portalf1.si\/index.php\/ekipe\/haas\/","og_locale":"sl_SI","og_type":"article","og_title":"HAAS - Portal F1","og_description":"Portal F1 je spletna platforma, ki vam prina\u0161a najnovej\u0161e novice, strokovne \u010dlanke, analize in kolumne iz sveta Formule 1. F1. Formula 1.","og_url":"https:\/\/portalf1.si\/index.php\/ekipe\/haas\/","og_site_name":"Portal F1","article_publisher":"https:\/\/www.facebook.com\/portalf1.si\/?locale=sl_SI","article_modified_time":"2026-02-10T07:19:10+00:00","og_image":[{"width":960,"height":879,"url":"https:\/\/portalf1.si\/wp-content\/uploads\/2026\/02\/TGR_Haas_F1_Team_Logo_2026.svg.webp","type":"image\/png"}],"twitter_card":"summary_large_image","twitter_misc":{"Est. reading time":"2 minuti"},"schema":{"@context":"https:\/\/schema.org","@graph":[{"@type":"WebPage","@id":"https:\/\/portalf1.si\/index.php\/ekipe\/haas\/","url":"https:\/\/portalf1.si\/index.php\/ekipe\/haas\/","name":"HAAS - Portal F1","isPartOf":{"@id":"https:\/\/portalf1.si\/#website"},"primaryImageOfPage":{"@id":"https:\/\/portalf1.si\/index.php\/ekipe\/haas\/#primaryimage"},"image":{"@id":"https:\/\/portalf1.si\/index.php\/ekipe\/haas\/#primaryimage"},"thumbnailUrl":"https:\/\/portalf1.si\/wp-content\/uploads\/2026\/02\/TGR_Haas_F1_Team_Logo_2026.svg.webp","datePublished":"2025-02-04T21:49:20+00:00","dateModified":"2026-02-10T07:19:10+00:00","description":"Portal F1 je spletna platforma, ki vam prina\u0161a najnovej\u0161e novice, strokovne \u010dlanke, analize in kolumne iz sveta Formule 1. F1. Formula 1.","breadcrumb":{"@id":"https:\/\/portalf1.si\/index.php\/ekipe\/haas\/#breadcrumb"},"inLanguage":"sl-SI","potentialAction":[{"@type":"ReadAction","target":["https:\/\/portalf1.si\/index.php\/ekipe\/haas\/"]}]},{"@type":"ImageObject","inLanguage":"sl-SI","@id":"https:\/\/portalf1.si\/index.php\/ekipe\/haas\/#primaryimage","url":"https:\/\/portalf1.si\/wp-content\/uploads\/2026\/02\/TGR_Haas_F1_Team_Logo_2026.svg.webp","contentUrl":"https:\/\/portalf1.si\/wp-content\/uploads\/2026\/02\/TGR_Haas_F1_Team_Logo_2026.svg.webp","width":960,"height":879},{"@type":"BreadcrumbList","@id":"https:\/\/portalf1.si\/index.php\/ekipe\/haas\/#breadcrumb","itemListElement":[{"@type":"ListItem","position":1,"name":"Home","item":"https:\/\/portalf1.si\/"},{"@type":"ListItem","position":2,"name":"EKIPE","item":"https:\/\/portalf1.si\/index.php\/ekipe\/"},{"@type":"ListItem","position":3,"name":"HAAS"}]},{"@type":"WebSite","@id":"https:\/\/portalf1.si\/#website","url":"https:\/\/portalf1.si\/","name":"Portal F1","description":"Vstopite v svet hitrosti in adrenalina","publisher":{"@id":"https:\/\/portalf1.si\/#organization"},"potentialAction":[{"@type":"SearchAction","target":{"@type":"EntryPoint","urlTemplate":"https:\/\/portalf1.si\/?s={search_term_string}"},"query-input":{"@type":"PropertyValueSpecification","valueRequired":true,"valueName":"search_term_string"}}],"inLanguage":"sl-SI"},{"@type":"Organization","@id":"https:\/\/portalf1.si\/#organization","name":"Portal F1","url":"https:\/\/portalf1.si\/","logo":{"@type":"ImageObject","inLanguage":"sl-SI","@id":"https:\/\/portalf1.si\/#\/schema\/logo\/image\/","url":"https:\/\/portalf1.si\/wp-content\/uploads\/2025\/02\/cropped-HiPaint_1738532868530.png","contentUrl":"https:\/\/portalf1.si\/wp-content\/uploads\/2025\/02\/cropped-HiPaint_1738532868530.png","width":512,"height":512,"caption":"Portal F1"},"image":{"@id":"https:\/\/portalf1.si\/#\/schema\/logo\/image\/"},"sameAs":["https:\/\/www.facebook.com\/portalf1.si\/?locale=sl_SI"]}]}},"_links":{"self":[{"href":"https:\/\/portalf1.si\/index.php\/wp-json\/wp\/v2\/pages\/3405","targetHints":{"allow":["GET"]}}],"collection":[{"href":"https:\/\/portalf1.si\/index.php\/wp-json\/wp\/v2\/pages"}],"about":[{"href":"https:\/\/portalf1.si\/index.php\/wp-json\/wp\/v2\/types\/page"}],"author":[{"embeddable":true,"href":"https:\/\/portalf1.si\/index.php\/wp-json\/wp\/v2\/users\/1"}],"replies":[{"embeddable":true,"href":"https:\/\/portalf1.si\/index.php\/wp-json\/wp\/v2\/comments?post=3405"}],"version-history":[{"count":7,"href":"https:\/\/portalf1.si\/index.php\/wp-json\/wp\/v2\/pages\/3405\/revisions"}],"predecessor-version":[{"id":10899,"href":"https:\/\/portalf1.si\/index.php\/wp-json\/wp\/v2\/pages\/3405\/revisions\/10899"}],"up":[{"embeddable":true,"href":"https:\/\/portalf1.si\/index.php\/wp-json\/wp\/v2\/pages\/3097"}],"wp:attachment":[{"href":"https:\/\/portalf1.si\/index.php\/wp-json\/wp\/v2\/media?parent=3405"}],"curies":[{"name":"wp","href":"https:\/\/api.w.org\/{rel}","templated":true}]}}