{"id":3409,"date":"2025-02-04T21:59:13","date_gmt":"2025-02-04T21:59:13","guid":{"rendered":"https:\/\/portalf1.si\/?page_id=3409"},"modified":"2026-02-10T07:00:35","modified_gmt":"2026-02-10T07:00:35","slug":"audi","status":"publish","type":"page","link":"https:\/\/portalf1.si\/index.php\/ekipe\/audi\/","title":{"rendered":"AUDI"},"content":{"rendered":"\n<div class=\"wp-block-stackable-columns stk-block-columns stk-block stk-e48af9a\" data-block-id=\"e48af9a\"><div class=\"stk-row stk-inner-blocks stk-block-content stk-content-align stk-e48af9a-column\">\n<div class=\"wp-block-stackable-column stk-block-column stk-column stk-block stk-efc668a\" data-v=\"4\" data-block-id=\"efc668a\"><div class=\"stk-column-wrapper stk-block-column__content stk-container stk-efc668a-container stk--no-background stk--no-padding\"><div class=\"stk-block-content stk-inner-blocks stk-efc668a-inner-blocks\">\n<div class=\"wp-block-stackable-card stk-block-card stk-block stk-1377462 is-style-default\" data-v=\"2\" data-block-id=\"1377462\"><style>.stk-1377462 .stk-block-card__image img{object-fit:contain !important;}<\/style><div class=\"stk--no-padding stk-container stk-1377462-container stk-hover-parent\"><figure class=\"stk-block-card__image stk-img-wrapper stk-image--shape-stretch\"><img data-dominant-color=\"3f0b00\" data-has-transparency=\"true\" style=\"--dominant-color: #3f0b00;\" loading=\"lazy\" decoding=\"async\" class=\"stk-img wp-image-10791 has-transparency\" src=\"https:\/\/portalf1.si\/wp-content\/uploads\/2026\/02\/Audif1.com_logo17_cropped.svg.webp\" width=\"1280\" height=\"1183\" srcset=\"https:\/\/portalf1.si\/wp-content\/uploads\/2026\/02\/Audif1.com_logo17_cropped.svg.webp 1280w, https:\/\/portalf1.si\/wp-content\/uploads\/2026\/02\/Audif1.com_logo17_cropped.svg-300x277.webp 300w, https:\/\/portalf1.si\/wp-content\/uploads\/2026\/02\/Audif1.com_logo17_cropped.svg-1024x946.webp 1024w, https:\/\/portalf1.si\/wp-content\/uploads\/2026\/02\/Audif1.com_logo17_cropped.svg-768x710.webp 768w, https:\/\/portalf1.si\/wp-content\/uploads\/2026\/02\/Audif1.com_logo17_cropped.svg-13x12.webp 13w\" sizes=\"auto, (max-width: 1280px) 100vw, 1280px\" \/><\/figure><div class=\"stk-container-padding stk-block-card__content\"><div class=\"stk-block-content stk-inner-blocks stk-1377462-inner-blocks\">\n<div class=\"wp-block-stackable-text stk-block-text stk-block stk-74c4fad\" data-block-id=\"74c4fad\"><p class=\"stk-block-text__text\"><strong>Polno ime:<\/strong> Audi Revolut F1 Team<\/p><\/div>\n\n\n\n<p><strong>Sede\u017e ekipe:<\/strong> Hinwil, \u0160vica<\/p>\n\n\n\n<p><strong>Vodja ekipe:<\/strong> Jonathan Wheatley<\/p>\n\n\n\n<p><strong>Tehni\u010dni direktor:<\/strong> James Key<\/p>\n\n\n\n<p><strong>Motor:<\/strong> Audi<\/p>\n\n\n\n<p><strong>\u0160asija:<\/strong> R26<\/p>\n<\/div><\/div><\/div><\/div>\n<\/div><\/div><\/div>\n\n\n\n<div class=\"wp-block-stackable-column stk-block-column stk-column stk-block stk-2bc7f15\" data-v=\"4\" data-block-id=\"2bc7f15\"><div class=\"stk-column-wrapper stk-block-column__content stk-container stk-2bc7f15-container stk--no-background stk--no-padding\"><div class=\"stk-block-content stk-inner-blocks stk-2bc7f15-inner-blocks\">\n<div class=\"wp-block-stackable-columns stk-block-columns stk-block stk-69341ff\" data-block-id=\"69341ff\"><div class=\"stk-row stk-inner-blocks stk-block-content stk-content-align stk-69341ff-column\">\n<div class=\"wp-block-stackable-column stk-block-column stk-column stk-block stk-7451be8\" data-v=\"4\" data-block-id=\"7451be8\"><div class=\"stk-column-wrapper stk-block-column__content stk-container stk-7451be8-container stk--no-background stk--no-padding\"><div class=\"stk-block-content stk-inner-blocks stk-7451be8-inner-blocks\">\n<div class=\"wp-block-stackable-card stk-block-card stk-block stk-56d307e is-style-default\" data-v=\"2\" data-block-id=\"56d307e\"><style>.stk-56d307e {border-style:solid !important;border-color:var(--theme-palette-color-5, #e1e8ed) !important;}<\/style><div class=\"stk--no-padding stk-container stk-56d307e-container stk-hover-parent\"><figure class=\"stk-block-card__image stk-img-wrapper stk-image--shape-stretch\"><img data-dominant-color=\"dad0d0\" data-has-transparency=\"false\" style=\"--dominant-color: #dad0d0;\" loading=\"lazy\" decoding=\"async\" class=\"stk-img wp-image-10790 not-transparent\" src=\"https:\/\/portalf1.si\/wp-content\/uploads\/2026\/02\/Audi-Revolut-F1-Team-Nico-Hulkenberg-433-1.webp\" width=\"2000\" height=\"1250\" srcset=\"https:\/\/portalf1.si\/wp-content\/uploads\/2026\/02\/Audi-Revolut-F1-Team-Nico-Hulkenberg-433-1.webp 2000w, https:\/\/portalf1.si\/wp-content\/uploads\/2026\/02\/Audi-Revolut-F1-Team-Nico-Hulkenberg-433-1-300x188.webp 300w, https:\/\/portalf1.si\/wp-content\/uploads\/2026\/02\/Audi-Revolut-F1-Team-Nico-Hulkenberg-433-1-1024x640.webp 1024w, https:\/\/portalf1.si\/wp-content\/uploads\/2026\/02\/Audi-Revolut-F1-Team-Nico-Hulkenberg-433-1-768x480.webp 768w, https:\/\/portalf1.si\/wp-content\/uploads\/2026\/02\/Audi-Revolut-F1-Team-Nico-Hulkenberg-433-1-1536x960.webp 1536w, https:\/\/portalf1.si\/wp-content\/uploads\/2026\/02\/Audi-Revolut-F1-Team-Nico-Hulkenberg-433-1-18x12.webp 18w\" sizes=\"auto, (max-width: 2000px) 100vw, 2000px\" \/><\/figure><div class=\"stk-container-padding stk-block-card__content\"><div class=\"stk-block-content stk-inner-blocks stk-56d307e-inner-blocks\">\n<div class=\"wp-block-stackable-heading stk-block-heading stk-block-heading--v2 stk-block stk-41c5127\" id=\"27\" data-block-id=\"41c5127\"><h2 class=\"stk-block-heading__text\">27<\/h2><\/div>\n\n\n\n<div class=\"wp-block-stackable-subtitle stk-block-subtitle stk-block stk-2d9a396\" data-block-id=\"2d9a396\"><style>.stk-2d9a396 .stk-block-subtitle__text{font-size:20px !important;color:#000000 !important;}@media screen and (max-width:999px){.stk-2d9a396 .stk-block-subtitle__text{font-size:20px !important;}}<\/style><p class=\"stk-block-subtitle__text stk-subtitle has-text-color\"><strong>Nico Hulkenberg<\/strong><\/p><\/div>\n<\/div><\/div><\/div><\/div>\n<\/div><\/div><\/div>\n\n\n\n<div class=\"wp-block-stackable-column stk-block-column stk-column stk-block stk-2b1225a\" data-v=\"4\" data-block-id=\"2b1225a\"><div class=\"stk-column-wrapper stk-block-column__content stk-container stk-2b1225a-container stk--no-background stk--no-padding\"><div class=\"stk-block-content stk-inner-blocks stk-2b1225a-inner-blocks\">\n<div class=\"wp-block-stackable-card stk-block-card stk-block stk-8daf3fd is-style-default\" data-v=\"2\" data-block-id=\"8daf3fd\"><style>.stk-8daf3fd {border-style:solid !important;border-color:var(--theme-palette-color-5, #e1e8ed) !important;}<\/style><div class=\"stk--no-padding stk-container stk-8daf3fd-container stk-hover-parent\"><figure class=\"stk-block-card__image stk-img-wrapper stk-image--shape-stretch\"><img data-dominant-color=\"bbb0b0\" data-has-transparency=\"false\" style=\"--dominant-color: #bbb0b0;\" loading=\"lazy\" decoding=\"async\" class=\"stk-img wp-image-10789 not-transparent\" src=\"https:\/\/portalf1.si\/wp-content\/uploads\/2026\/02\/Gabriel-Bortoleto-Audi-2026-e1770220561200.webp\" width=\"1170\" height=\"1080\" srcset=\"https:\/\/portalf1.si\/wp-content\/uploads\/2026\/02\/Gabriel-Bortoleto-Audi-2026-e1770220561200.webp 1170w, https:\/\/portalf1.si\/wp-content\/uploads\/2026\/02\/Gabriel-Bortoleto-Audi-2026-e1770220561200-300x277.webp 300w, https:\/\/portalf1.si\/wp-content\/uploads\/2026\/02\/Gabriel-Bortoleto-Audi-2026-e1770220561200-1024x945.webp 1024w, https:\/\/portalf1.si\/wp-content\/uploads\/2026\/02\/Gabriel-Bortoleto-Audi-2026-e1770220561200-768x709.webp 768w, https:\/\/portalf1.si\/wp-content\/uploads\/2026\/02\/Gabriel-Bortoleto-Audi-2026-e1770220561200-13x12.webp 13w\" sizes=\"auto, (max-width: 1170px) 100vw, 1170px\" \/><\/figure><div class=\"stk-container-padding stk-block-card__content\"><div class=\"stk-block-content stk-inner-blocks stk-8daf3fd-inner-blocks\">\n<div class=\"wp-block-stackable-heading stk-block-heading stk-block-heading--v2 stk-block stk-b57074b\" id=\"5\" data-block-id=\"b57074b\"><h2 class=\"stk-block-heading__text\">5<\/h2><\/div>\n\n\n\n<div class=\"wp-block-stackable-subtitle stk-block-subtitle stk-block stk-a1ed749\" data-block-id=\"a1ed749\"><style>.stk-a1ed749 .stk-block-subtitle__text{font-size:20px !important;color:#000000 !important;}@media screen and (max-width:999px){.stk-a1ed749 .stk-block-subtitle__text{font-size:20px !important;}}<\/style><p class=\"stk-block-subtitle__text stk-subtitle has-text-color\"><strong>Gabriel Bortoleto<\/strong><\/p><\/div>\n<\/div><\/div><\/div><\/div>\n<\/div><\/div><\/div>\n<\/div><\/div>\n<\/div><\/div><\/div>\n<\/div><\/div>\n\n\n\n<div class=\"wp-block-stackable-divider stk-block-divider stk-block stk-a652351 is-style-bar\" data-block-id=\"a652351\"><style>.stk-a652351 hr.stk-block-divider__hr{background:#cdd1d1 !important;border-radius:calc(50px \/ 2) !important;height:50px !important;width:100% !important;}.stk-a652351 {margin-bottom:0px !important;}<\/style><hr class=\"stk-block-divider__hr\"\/><\/div>\n\n\n\n<div class=\"wp-block-stackable-divider stk-block-divider stk-block stk-23f976f is-style-bar\" data-block-id=\"23f976f\"><style>.stk-23f976f hr.stk-block-divider__hr{background:#cdd1d1 !important;border-radius:calc(50px \/ 2) !important;height:50px !important;width:100% !important;}<\/style><hr class=\"stk-block-divider__hr\"\/><\/div>\n\n\n\n<div class=\"wp-block-stackable-card stk-block-card stk-block stk-08fb11e is-style-default\" data-v=\"2\" data-block-id=\"08fb11e\"><style>.stk-08fb11e .stk-block-card__image{height:500px !important;}@media screen and (max-width:999px){.stk-08fb11e .stk-block-card__image{height:400px !important;}}@media screen and (max-width:689px){.stk-08fb11e .stk-block-card__image{height:150px !important;}}<\/style><div class=\"stk--no-padding stk-container stk-08fb11e-container stk-hover-parent\"><figure class=\"stk-block-card__image stk-img-wrapper stk-image--shape-stretch\"><img data-dominant-color=\"8e8885\" data-has-transparency=\"false\" style=\"--dominant-color: #8e8885;\" loading=\"lazy\" decoding=\"async\" class=\"stk-img wp-image-10870 not-transparent\" src=\"https:\/\/portalf1.si\/wp-content\/uploads\/2026\/02\/a251796_large.webp\" width=\"2049\" height=\"1152\" srcset=\"https:\/\/portalf1.si\/wp-content\/uploads\/2026\/02\/a251796_large.webp 2049w, https:\/\/portalf1.si\/wp-content\/uploads\/2026\/02\/a251796_large-300x169.webp 300w, https:\/\/portalf1.si\/wp-content\/uploads\/2026\/02\/a251796_large-1024x576.webp 1024w, https:\/\/portalf1.si\/wp-content\/uploads\/2026\/02\/a251796_large-768x432.webp 768w, https:\/\/portalf1.si\/wp-content\/uploads\/2026\/02\/a251796_large-1536x864.webp 1536w, https:\/\/portalf1.si\/wp-content\/uploads\/2026\/02\/a251796_large-18x10.webp 18w\" sizes=\"auto, (max-width: 2049px) 100vw, 2049px\" \/><\/figure><div class=\"stk-container-padding stk-block-card__content\"><div class=\"stk-block-content stk-inner-blocks stk-08fb11e-inner-blocks\">\n<p class=\"has-medium-font-size\"><strong>Glede na desetletja Audijevih uspehov v svetovnem moto\u0161portu je te\u017eko verjeti, da leto 2026 predstavlja prvi izlet te slavne nem\u0161ke znamke v Formulo 1. Potem ko so \u017ee leta 2022 napovedali na\u010drte za dobavo pogonskih enot, je njihova \u017eelja po tekmovanju hitro zrasla, rezultat tega je bil prevzem ekipe Sauber, ki je zdaj sploh prva Audijeva tovarni\u0161ka ekipa.<\/strong><\/p>\n\n\n\n<p class=\"has-medium-font-size\"><strong>Projekt vodi nekdanji \u0161ef Ferrarijeve ekipe Mattia Binotto, medtem ko je Jonathan Wheatley, nekdanji steber Red Bulla, postal vodja ekipe. Kar zadeva vozni\u0161ke spretnosti, te prihajajo iz preverjene me\u0161anice mladosti in izku\u0161enj, ki jo predstavljata Gabriel Bortoleto in Nico Hulkenberg &#8230;<\/strong><\/p>\n<\/div><\/div><\/div><\/div>\n","protected":false},"excerpt":{"rendered":"<p>Polno ime: Audi Revolut F1 Team Sede\u017e ekipe: Hinwil, \u0160vica Vodja ekipe: Jonathan Wheatley Tehni\u010dni direktor: James Key Motor: Audi \u0160asija: R26 27 Nico Hulkenberg 5 Gabriel Bortoleto Glede na desetletja Audijevih uspehov v svetovnem moto\u0161portu je te\u017eko verjeti, da leto 2026 predstavlja prvi izlet te slavne nem\u0161ke znamke v Formulo 1. Potem ko so [&hellip;]<\/p>\n","protected":false},"author":1,"featured_media":0,"parent":3097,"menu_order":0,"comment_status":"closed","ping_status":"closed","template":"","meta":{"footnotes":""},"class_list":["post-3409","page","type-page","status-publish","hentry"],"blocksy_meta":[],"yoast_head":"<!-- This site is optimized with the Yoast SEO plugin v27.4 - https:\/\/yoast.com\/product\/yoast-seo-wordpress\/ -->\n<title>AUDI - Portal F1<\/title>\n<meta name=\"description\" content=\"Portal F1 je spletna platforma, ki vam prina\u0161a najnovej\u0161e novice, strokovne \u010dlanke, analize in kolumne iz sveta Formule 1. F1. Formula 1.\" \/>\n<meta name=\"robots\" content=\"index, follow, max-snippet:-1, max-image-preview:large, max-video-preview:-1\" \/>\n<link rel=\"canonical\" href=\"https:\/\/portalf1.si\/index.php\/ekipe\/audi\/\" \/>\n<meta property=\"og:locale\" content=\"sl_SI\" \/>\n<meta property=\"og:type\" content=\"article\" \/>\n<meta property=\"og:title\" content=\"AUDI - Portal F1\" \/>\n<meta property=\"og:description\" content=\"Portal F1 je spletna platforma, ki vam prina\u0161a najnovej\u0161e novice, strokovne \u010dlanke, analize in kolumne iz sveta Formule 1. F1. Formula 1.\" \/>\n<meta property=\"og:url\" content=\"https:\/\/portalf1.si\/index.php\/ekipe\/audi\/\" \/>\n<meta property=\"og:site_name\" content=\"Portal F1\" \/>\n<meta property=\"article:publisher\" content=\"https:\/\/www.facebook.com\/portalf1.si\/?locale=sl_SI\" \/>\n<meta property=\"article:modified_time\" content=\"2026-02-10T07:00:35+00:00\" \/>\n<meta property=\"og:image\" content=\"https:\/\/portalf1.si\/wp-content\/uploads\/2026\/02\/Audif1.com_logo17_cropped.svg.webp\" \/>\n\t<meta property=\"og:image:width\" content=\"1280\" \/>\n\t<meta property=\"og:image:height\" content=\"1183\" \/>\n\t<meta property=\"og:image:type\" content=\"image\/png\" \/>\n<meta name=\"twitter:card\" content=\"summary_large_image\" \/>\n<meta name=\"twitter:label1\" content=\"Est. reading time\" \/>\n\t<meta name=\"twitter:data1\" content=\"2 minuti\" \/>\n<script type=\"application\/ld+json\" class=\"yoast-schema-graph\">{\"@context\":\"https:\\\/\\\/schema.org\",\"@graph\":[{\"@type\":\"WebPage\",\"@id\":\"https:\\\/\\\/portalf1.si\\\/index.php\\\/ekipe\\\/audi\\\/\",\"url\":\"https:\\\/\\\/portalf1.si\\\/index.php\\\/ekipe\\\/audi\\\/\",\"name\":\"AUDI - Portal F1\",\"isPartOf\":{\"@id\":\"https:\\\/\\\/portalf1.si\\\/#website\"},\"primaryImageOfPage\":{\"@id\":\"https:\\\/\\\/portalf1.si\\\/index.php\\\/ekipe\\\/audi\\\/#primaryimage\"},\"image\":{\"@id\":\"https:\\\/\\\/portalf1.si\\\/index.php\\\/ekipe\\\/audi\\\/#primaryimage\"},\"thumbnailUrl\":\"https:\\\/\\\/portalf1.si\\\/wp-content\\\/uploads\\\/2026\\\/02\\\/Audif1.com_logo17_cropped.svg.webp\",\"datePublished\":\"2025-02-04T21:59:13+00:00\",\"dateModified\":\"2026-02-10T07:00:35+00:00\",\"description\":\"Portal F1 je spletna platforma, ki vam prina\u0161a najnovej\u0161e novice, strokovne \u010dlanke, analize in kolumne iz sveta Formule 1. F1. Formula 1.\",\"breadcrumb\":{\"@id\":\"https:\\\/\\\/portalf1.si\\\/index.php\\\/ekipe\\\/audi\\\/#breadcrumb\"},\"inLanguage\":\"sl-SI\",\"potentialAction\":[{\"@type\":\"ReadAction\",\"target\":[\"https:\\\/\\\/portalf1.si\\\/index.php\\\/ekipe\\\/audi\\\/\"]}]},{\"@type\":\"ImageObject\",\"inLanguage\":\"sl-SI\",\"@id\":\"https:\\\/\\\/portalf1.si\\\/index.php\\\/ekipe\\\/audi\\\/#primaryimage\",\"url\":\"https:\\\/\\\/portalf1.si\\\/wp-content\\\/uploads\\\/2026\\\/02\\\/Audif1.com_logo17_cropped.svg.webp\",\"contentUrl\":\"https:\\\/\\\/portalf1.si\\\/wp-content\\\/uploads\\\/2026\\\/02\\\/Audif1.com_logo17_cropped.svg.webp\",\"width\":1280,\"height\":1183},{\"@type\":\"BreadcrumbList\",\"@id\":\"https:\\\/\\\/portalf1.si\\\/index.php\\\/ekipe\\\/audi\\\/#breadcrumb\",\"itemListElement\":[{\"@type\":\"ListItem\",\"position\":1,\"name\":\"Home\",\"item\":\"https:\\\/\\\/portalf1.si\\\/\"},{\"@type\":\"ListItem\",\"position\":2,\"name\":\"EKIPE\",\"item\":\"https:\\\/\\\/portalf1.si\\\/index.php\\\/ekipe\\\/\"},{\"@type\":\"ListItem\",\"position\":3,\"name\":\"AUDI\"}]},{\"@type\":\"WebSite\",\"@id\":\"https:\\\/\\\/portalf1.si\\\/#website\",\"url\":\"https:\\\/\\\/portalf1.si\\\/\",\"name\":\"Portal F1\",\"description\":\"Vstopite v svet hitrosti in adrenalina\",\"publisher\":{\"@id\":\"https:\\\/\\\/portalf1.si\\\/#organization\"},\"potentialAction\":[{\"@type\":\"SearchAction\",\"target\":{\"@type\":\"EntryPoint\",\"urlTemplate\":\"https:\\\/\\\/portalf1.si\\\/?s={search_term_string}\"},\"query-input\":{\"@type\":\"PropertyValueSpecification\",\"valueRequired\":true,\"valueName\":\"search_term_string\"}}],\"inLanguage\":\"sl-SI\"},{\"@type\":\"Organization\",\"@id\":\"https:\\\/\\\/portalf1.si\\\/#organization\",\"name\":\"Portal F1\",\"url\":\"https:\\\/\\\/portalf1.si\\\/\",\"logo\":{\"@type\":\"ImageObject\",\"inLanguage\":\"sl-SI\",\"@id\":\"https:\\\/\\\/portalf1.si\\\/#\\\/schema\\\/logo\\\/image\\\/\",\"url\":\"https:\\\/\\\/portalf1.si\\\/wp-content\\\/uploads\\\/2025\\\/02\\\/cropped-HiPaint_1738532868530.png\",\"contentUrl\":\"https:\\\/\\\/portalf1.si\\\/wp-content\\\/uploads\\\/2025\\\/02\\\/cropped-HiPaint_1738532868530.png\",\"width\":512,\"height\":512,\"caption\":\"Portal F1\"},\"image\":{\"@id\":\"https:\\\/\\\/portalf1.si\\\/#\\\/schema\\\/logo\\\/image\\\/\"},\"sameAs\":[\"https:\\\/\\\/www.facebook.com\\\/portalf1.si\\\/?locale=sl_SI\"]}]}<\/script>\n<!-- \/ Yoast SEO plugin. -->","yoast_head_json":{"title":"AUDI - Portal F1","description":"Portal F1 je spletna platforma, ki vam prina\u0161a najnovej\u0161e novice, strokovne \u010dlanke, analize in kolumne iz sveta Formule 1. F1. Formula 1.","robots":{"index":"index","follow":"follow","max-snippet":"max-snippet:-1","max-image-preview":"max-image-preview:large","max-video-preview":"max-video-preview:-1"},"canonical":"https:\/\/portalf1.si\/index.php\/ekipe\/audi\/","og_locale":"sl_SI","og_type":"article","og_title":"AUDI - Portal F1","og_description":"Portal F1 je spletna platforma, ki vam prina\u0161a najnovej\u0161e novice, strokovne \u010dlanke, analize in kolumne iz sveta Formule 1. F1. Formula 1.","og_url":"https:\/\/portalf1.si\/index.php\/ekipe\/audi\/","og_site_name":"Portal F1","article_publisher":"https:\/\/www.facebook.com\/portalf1.si\/?locale=sl_SI","article_modified_time":"2026-02-10T07:00:35+00:00","og_image":[{"width":1280,"height":1183,"url":"https:\/\/portalf1.si\/wp-content\/uploads\/2026\/02\/Audif1.com_logo17_cropped.svg.webp","type":"image\/png"}],"twitter_card":"summary_large_image","twitter_misc":{"Est. reading time":"2 minuti"},"schema":{"@context":"https:\/\/schema.org","@graph":[{"@type":"WebPage","@id":"https:\/\/portalf1.si\/index.php\/ekipe\/audi\/","url":"https:\/\/portalf1.si\/index.php\/ekipe\/audi\/","name":"AUDI - Portal F1","isPartOf":{"@id":"https:\/\/portalf1.si\/#website"},"primaryImageOfPage":{"@id":"https:\/\/portalf1.si\/index.php\/ekipe\/audi\/#primaryimage"},"image":{"@id":"https:\/\/portalf1.si\/index.php\/ekipe\/audi\/#primaryimage"},"thumbnailUrl":"https:\/\/portalf1.si\/wp-content\/uploads\/2026\/02\/Audif1.com_logo17_cropped.svg.webp","datePublished":"2025-02-04T21:59:13+00:00","dateModified":"2026-02-10T07:00:35+00:00","description":"Portal F1 je spletna platforma, ki vam prina\u0161a najnovej\u0161e novice, strokovne \u010dlanke, analize in kolumne iz sveta Formule 1. F1. Formula 1.","breadcrumb":{"@id":"https:\/\/portalf1.si\/index.php\/ekipe\/audi\/#breadcrumb"},"inLanguage":"sl-SI","potentialAction":[{"@type":"ReadAction","target":["https:\/\/portalf1.si\/index.php\/ekipe\/audi\/"]}]},{"@type":"ImageObject","inLanguage":"sl-SI","@id":"https:\/\/portalf1.si\/index.php\/ekipe\/audi\/#primaryimage","url":"https:\/\/portalf1.si\/wp-content\/uploads\/2026\/02\/Audif1.com_logo17_cropped.svg.webp","contentUrl":"https:\/\/portalf1.si\/wp-content\/uploads\/2026\/02\/Audif1.com_logo17_cropped.svg.webp","width":1280,"height":1183},{"@type":"BreadcrumbList","@id":"https:\/\/portalf1.si\/index.php\/ekipe\/audi\/#breadcrumb","itemListElement":[{"@type":"ListItem","position":1,"name":"Home","item":"https:\/\/portalf1.si\/"},{"@type":"ListItem","position":2,"name":"EKIPE","item":"https:\/\/portalf1.si\/index.php\/ekipe\/"},{"@type":"ListItem","position":3,"name":"AUDI"}]},{"@type":"WebSite","@id":"https:\/\/portalf1.si\/#website","url":"https:\/\/portalf1.si\/","name":"Portal F1","description":"Vstopite v svet hitrosti in adrenalina","publisher":{"@id":"https:\/\/portalf1.si\/#organization"},"potentialAction":[{"@type":"SearchAction","target":{"@type":"EntryPoint","urlTemplate":"https:\/\/portalf1.si\/?s={search_term_string}"},"query-input":{"@type":"PropertyValueSpecification","valueRequired":true,"valueName":"search_term_string"}}],"inLanguage":"sl-SI"},{"@type":"Organization","@id":"https:\/\/portalf1.si\/#organization","name":"Portal F1","url":"https:\/\/portalf1.si\/","logo":{"@type":"ImageObject","inLanguage":"sl-SI","@id":"https:\/\/portalf1.si\/#\/schema\/logo\/image\/","url":"https:\/\/portalf1.si\/wp-content\/uploads\/2025\/02\/cropped-HiPaint_1738532868530.png","contentUrl":"https:\/\/portalf1.si\/wp-content\/uploads\/2025\/02\/cropped-HiPaint_1738532868530.png","width":512,"height":512,"caption":"Portal F1"},"image":{"@id":"https:\/\/portalf1.si\/#\/schema\/logo\/image\/"},"sameAs":["https:\/\/www.facebook.com\/portalf1.si\/?locale=sl_SI"]}]}},"_links":{"self":[{"href":"https:\/\/portalf1.si\/index.php\/wp-json\/wp\/v2\/pages\/3409","targetHints":{"allow":["GET"]}}],"collection":[{"href":"https:\/\/portalf1.si\/index.php\/wp-json\/wp\/v2\/pages"}],"about":[{"href":"https:\/\/portalf1.si\/index.php\/wp-json\/wp\/v2\/types\/page"}],"author":[{"embeddable":true,"href":"https:\/\/portalf1.si\/index.php\/wp-json\/wp\/v2\/users\/1"}],"replies":[{"embeddable":true,"href":"https:\/\/portalf1.si\/index.php\/wp-json\/wp\/v2\/comments?post=3409"}],"version-history":[{"count":9,"href":"https:\/\/portalf1.si\/index.php\/wp-json\/wp\/v2\/pages\/3409\/revisions"}],"predecessor-version":[{"id":10895,"href":"https:\/\/portalf1.si\/index.php\/wp-json\/wp\/v2\/pages\/3409\/revisions\/10895"}],"up":[{"embeddable":true,"href":"https:\/\/portalf1.si\/index.php\/wp-json\/wp\/v2\/pages\/3097"}],"wp:attachment":[{"href":"https:\/\/portalf1.si\/index.php\/wp-json\/wp\/v2\/media?parent=3409"}],"curies":[{"name":"wp","href":"https:\/\/api.w.org\/{rel}","templated":true}]}}