{"id":3418,"date":"2025-02-04T22:12:51","date_gmt":"2025-02-04T22:12:51","guid":{"rendered":"https:\/\/portalf1.si\/?page_id=3418"},"modified":"2026-02-10T07:19:53","modified_gmt":"2026-02-10T07:19:53","slug":"mclaren","status":"publish","type":"page","link":"https:\/\/portalf1.si\/index.php\/ekipe\/mclaren\/","title":{"rendered":"MCLAREN"},"content":{"rendered":"\n<div class=\"wp-block-stackable-columns stk-block-columns stk-block stk-4cbbf7c\" data-block-id=\"4cbbf7c\"><div class=\"stk-row stk-inner-blocks stk-block-content stk-content-align stk-4cbbf7c-column\">\n<div class=\"wp-block-stackable-column stk-block-column stk-column stk-block stk-a35a9d7\" data-v=\"4\" data-block-id=\"a35a9d7\"><div class=\"stk-column-wrapper stk-block-column__content stk-container stk-a35a9d7-container stk--no-background stk--no-padding\"><div class=\"stk-block-content stk-inner-blocks stk-a35a9d7-inner-blocks\">\n<div class=\"wp-block-stackable-card stk-block-card stk-block stk-5acee8c is-style-default\" data-v=\"2\" data-block-id=\"5acee8c\"><style>.stk-5acee8c .stk-block-card__image img{object-fit:contain !important;}<\/style><div class=\"stk--no-padding stk-container stk-5acee8c-container stk-hover-parent\"><figure class=\"stk-block-card__image stk-img-wrapper stk-image--shape-stretch\"><img data-dominant-color=\"fdf7f4\" data-has-transparency=\"false\" style=\"--dominant-color: #fdf7f4;\" loading=\"lazy\" decoding=\"async\" class=\"stk-img wp-image-10845 not-transparent\" src=\"https:\/\/portalf1.si\/wp-content\/uploads\/2026\/02\/eb4736d835d7f3c47bf294557e16aed2.webp\" width=\"1200\" height=\"1200\" srcset=\"https:\/\/portalf1.si\/wp-content\/uploads\/2026\/02\/eb4736d835d7f3c47bf294557e16aed2.webp 1200w, https:\/\/portalf1.si\/wp-content\/uploads\/2026\/02\/eb4736d835d7f3c47bf294557e16aed2-300x300.webp 300w, https:\/\/portalf1.si\/wp-content\/uploads\/2026\/02\/eb4736d835d7f3c47bf294557e16aed2-1024x1024.webp 1024w, https:\/\/portalf1.si\/wp-content\/uploads\/2026\/02\/eb4736d835d7f3c47bf294557e16aed2-150x150.webp 150w, https:\/\/portalf1.si\/wp-content\/uploads\/2026\/02\/eb4736d835d7f3c47bf294557e16aed2-768x768.webp 768w, https:\/\/portalf1.si\/wp-content\/uploads\/2026\/02\/eb4736d835d7f3c47bf294557e16aed2-12x12.webp 12w\" sizes=\"auto, (max-width: 1200px) 100vw, 1200px\" \/><\/figure><div class=\"stk-container-padding stk-block-card__content\"><div class=\"stk-block-content stk-inner-blocks stk-5acee8c-inner-blocks\">\n<div class=\"wp-block-stackable-text stk-block-text stk-block stk-07003db\" data-block-id=\"07003db\"><p class=\"stk-block-text__text\"><strong>Polno ime:<\/strong> McLaren Mastercard F1 Team<\/p><\/div>\n\n\n\n<p><strong>Sede\u017e ekipe:<\/strong> Woking, Velika Britanija<\/p>\n\n\n\n<p><strong>Vodja ekipe:<\/strong> Andrea Stella<\/p>\n\n\n\n<p><strong>Tehni\u010dni direktor:<\/strong> Peter Prodromou \/ Neil Houldey<\/p>\n\n\n\n<p><strong>Motor:<\/strong> Mercedes<\/p>\n\n\n\n<p><strong>\u0160asija:<\/strong> MCL40<\/p>\n<\/div><\/div><\/div><\/div>\n<\/div><\/div><\/div>\n\n\n\n<div class=\"wp-block-stackable-column stk-block-column stk-column stk-block stk-85dc805\" data-v=\"4\" data-block-id=\"85dc805\"><div class=\"stk-column-wrapper stk-block-column__content stk-container stk-85dc805-container stk--no-background stk--no-padding\"><div class=\"stk-block-content stk-inner-blocks stk-85dc805-inner-blocks\">\n<div class=\"wp-block-stackable-columns stk-block-columns stk-block stk-8752e6b\" data-block-id=\"8752e6b\"><div class=\"stk-row stk-inner-blocks stk-block-content stk-content-align stk-8752e6b-column\">\n<div class=\"wp-block-stackable-column stk-block-column stk-column stk-block stk-a7f7881\" data-v=\"4\" data-block-id=\"a7f7881\"><div class=\"stk-column-wrapper stk-block-column__content stk-container stk-a7f7881-container stk--no-background stk--no-padding\"><div class=\"stk-block-content stk-inner-blocks stk-a7f7881-inner-blocks\">\n<div class=\"wp-block-stackable-card stk-block-card stk-block stk-eb66cee is-style-default\" data-v=\"2\" data-block-id=\"eb66cee\"><style>.stk-eb66cee {border-style:solid !important;border-color:var(--theme-palette-color-5, #e1e8ed) !important;}<\/style><div class=\"stk--no-padding stk-container stk-eb66cee-container stk-hover-parent\"><figure class=\"stk-block-card__image stk-img-wrapper stk-image--shape-stretch\"><img data-dominant-color=\"b36826\" data-has-transparency=\"false\" style=\"--dominant-color: #b36826;\" loading=\"lazy\" decoding=\"async\" class=\"stk-img wp-image-10826 not-transparent\" src=\"https:\/\/portalf1.si\/wp-content\/uploads\/2026\/02\/4a3ecd96c2fd49508824cae497bfcec3.webp\" width=\"460\" height=\"460\" srcset=\"https:\/\/portalf1.si\/wp-content\/uploads\/2026\/02\/4a3ecd96c2fd49508824cae497bfcec3.webp 460w, https:\/\/portalf1.si\/wp-content\/uploads\/2026\/02\/4a3ecd96c2fd49508824cae497bfcec3-300x300.webp 300w, https:\/\/portalf1.si\/wp-content\/uploads\/2026\/02\/4a3ecd96c2fd49508824cae497bfcec3-150x150.webp 150w, https:\/\/portalf1.si\/wp-content\/uploads\/2026\/02\/4a3ecd96c2fd49508824cae497bfcec3-12x12.webp 12w\" sizes=\"auto, (max-width: 460px) 100vw, 460px\" \/><\/figure><div class=\"stk-container-padding stk-block-card__content\"><div class=\"stk-block-content stk-inner-blocks stk-eb66cee-inner-blocks\">\n<div class=\"wp-block-stackable-heading stk-block-heading stk-block-heading--v2 stk-block stk-b0b971e\" id=\"81\" data-block-id=\"b0b971e\"><h2 class=\"stk-block-heading__text\">81<\/h2><\/div>\n\n\n\n<div class=\"wp-block-stackable-subtitle stk-block-subtitle stk-block stk-488f788\" data-block-id=\"488f788\"><style>.stk-488f788 {border-color:var(--theme-palette-color-5, #e1e8ed) !important;}.stk-488f788 .stk-block-subtitle__text{font-size:20px !important;color:#000000 !important;}@media screen and (max-width:999px){.stk-488f788 .stk-block-subtitle__text{font-size:20px !important;}}<\/style><p class=\"stk-block-subtitle__text stk-subtitle has-text-color\"><strong>Oscar Piastri<\/strong><\/p><\/div>\n<\/div><\/div><\/div><\/div>\n<\/div><\/div><\/div>\n\n\n\n<div class=\"wp-block-stackable-column stk-block-column stk-column stk-block stk-b9096e6\" data-v=\"4\" data-block-id=\"b9096e6\"><div class=\"stk-column-wrapper stk-block-column__content stk-container stk-b9096e6-container stk--no-background stk--no-padding\"><div class=\"stk-block-content stk-inner-blocks stk-b9096e6-inner-blocks\">\n<div class=\"wp-block-stackable-card stk-block-card stk-block stk-dfc712e is-style-default\" data-v=\"2\" data-block-id=\"dfc712e\"><style>.stk-dfc712e {border-style:solid !important;border-color:var(--theme-palette-color-5, #e1e8ed) !important;}<\/style><div class=\"stk--no-padding stk-container stk-dfc712e-container stk-hover-parent\"><figure class=\"stk-block-card__image stk-img-wrapper stk-image--shape-stretch\"><img data-dominant-color=\"ac6424\" data-has-transparency=\"false\" style=\"--dominant-color: #ac6424;\" loading=\"lazy\" decoding=\"async\" class=\"stk-img wp-image-10825 not-transparent\" src=\"https:\/\/portalf1.si\/wp-content\/uploads\/2026\/02\/cfc139b2b49e48cd80a436c00a71711d.webp\" width=\"500\" height=\"500\" srcset=\"https:\/\/portalf1.si\/wp-content\/uploads\/2026\/02\/cfc139b2b49e48cd80a436c00a71711d.webp 500w, https:\/\/portalf1.si\/wp-content\/uploads\/2026\/02\/cfc139b2b49e48cd80a436c00a71711d-300x300.webp 300w, https:\/\/portalf1.si\/wp-content\/uploads\/2026\/02\/cfc139b2b49e48cd80a436c00a71711d-150x150.webp 150w, https:\/\/portalf1.si\/wp-content\/uploads\/2026\/02\/cfc139b2b49e48cd80a436c00a71711d-12x12.webp 12w\" sizes=\"auto, (max-width: 500px) 100vw, 500px\" \/><\/figure><div class=\"stk-container-padding stk-block-card__content\"><div class=\"stk-block-content stk-inner-blocks stk-dfc712e-inner-blocks\">\n<div class=\"wp-block-stackable-heading stk-block-heading stk-block-heading--v2 stk-block stk-61695c6\" id=\"1\" data-block-id=\"61695c6\"><h2 class=\"stk-block-heading__text\">1<\/h2><\/div>\n\n\n\n<div class=\"wp-block-stackable-subtitle stk-block-subtitle stk-block stk-ef61049\" data-block-id=\"ef61049\"><style>.stk-ef61049 .stk-block-subtitle__text{font-size:20px !important;color:#000000 !important;}@media screen and (max-width:999px){.stk-ef61049 .stk-block-subtitle__text{font-size:20px !important;}}<\/style><p class=\"stk-block-subtitle__text stk-subtitle has-text-color\"><strong>Lando Norris<\/strong><\/p><\/div>\n<\/div><\/div><\/div><\/div>\n<\/div><\/div><\/div>\n<\/div><\/div>\n<\/div><\/div><\/div>\n<\/div><\/div>\n\n\n\n<div class=\"wp-block-stackable-divider stk-block-divider stk-block stk-a55d324 is-style-bar\" data-block-id=\"a55d324\"><style>.stk-a55d324 hr.stk-block-divider__hr{background:#ff8700 !important;border-radius:calc(50px \/ 2) !important;height:50px !important;width:100% !important;}.stk-a55d324 {margin-bottom:0px !important;}<\/style><hr class=\"stk-block-divider__hr\"\/><\/div>\n\n\n\n<div class=\"wp-block-stackable-divider stk-block-divider stk-block stk-9e99c66 is-style-bar\" data-block-id=\"9e99c66\"><style>.stk-9e99c66 hr.stk-block-divider__hr{background:#ff8700 !important;border-radius:calc(50px \/ 2) !important;height:50px !important;width:100% !important;}<\/style><hr class=\"stk-block-divider__hr\"\/><\/div>\n\n\n\n<div class=\"wp-block-stackable-card stk-block-card stk-block stk-7274404 is-style-default\" data-v=\"2\" data-block-id=\"7274404\"><style>.stk-7274404 .stk-block-card__image{height:500px !important;}@media screen and (max-width:999px){.stk-7274404 .stk-block-card__image{height:450px !important;}}@media screen and (max-width:689px){.stk-7274404 .stk-block-card__image{height:200px !important;}}<\/style><div class=\"stk--no-padding stk-container stk-7274404-container stk-hover-parent\"><figure class=\"stk-block-card__image stk-img-wrapper stk-image--shape-stretch\"><img data-dominant-color=\"704b35\" data-has-transparency=\"false\" style=\"--dominant-color: #704b35;\" loading=\"lazy\" decoding=\"async\" class=\"stk-img wp-image-10883 not-transparent\" src=\"https:\/\/portalf1.si\/wp-content\/uploads\/2026\/02\/MCL40_B_Social_1920x1080.webp\" width=\"1920\" height=\"1080\" srcset=\"https:\/\/portalf1.si\/wp-content\/uploads\/2026\/02\/MCL40_B_Social_1920x1080.webp 1920w, https:\/\/portalf1.si\/wp-content\/uploads\/2026\/02\/MCL40_B_Social_1920x1080-300x169.webp 300w, https:\/\/portalf1.si\/wp-content\/uploads\/2026\/02\/MCL40_B_Social_1920x1080-1024x576.webp 1024w, https:\/\/portalf1.si\/wp-content\/uploads\/2026\/02\/MCL40_B_Social_1920x1080-768x432.webp 768w, https:\/\/portalf1.si\/wp-content\/uploads\/2026\/02\/MCL40_B_Social_1920x1080-1536x864.webp 1536w, https:\/\/portalf1.si\/wp-content\/uploads\/2026\/02\/MCL40_B_Social_1920x1080-18x10.webp 18w\" sizes=\"auto, (max-width: 1920px) 100vw, 1920px\" \/><\/figure><div class=\"stk-container-padding stk-block-card__content\"><div class=\"stk-block-content stk-inner-blocks stk-7274404-inner-blocks\">\n<p><strong>Odkar je McLaren leta 1966 vstopil v \u0161port pod vodstvom in neutrudnim prizadevanjem svojega ustanovitelja Brucea, po katerem nosi tudi ime, je bil uspeh ekipe naravnost dih jemajo\u010d. Pet ble\u0161\u010de\u010dih desetletij je prineslo ne\u0161teto zmag, najbolj\u0161ih \u0161tartnih polo\u017eajev in uvrstitev na stopni\u010dke, da o desetih konstruktorskih naslovih sploh ne govorimo. Poleg tega so si nekateri najve\u010dji dirka\u010di v zgodovini tega \u0161porta ime ustvarili prav v tej ekipi, med njimi Emerson Fittipaldi, Ayrton Senna, Mika Hakkinen in Lewis Hamilton&#8230;<\/strong><\/p>\n<\/div><\/div><\/div><\/div>\n","protected":false},"excerpt":{"rendered":"<p>Polno ime: McLaren Mastercard F1 Team Sede\u017e ekipe: Woking, Velika Britanija Vodja ekipe: Andrea Stella Tehni\u010dni direktor: Peter Prodromou \/ Neil Houldey Motor: Mercedes \u0160asija: MCL40 81 Oscar Piastri 1 Lando Norris Odkar je McLaren leta 1966 vstopil v \u0161port pod vodstvom in neutrudnim prizadevanjem svojega ustanovitelja Brucea, po katerem nosi tudi ime, je bil [&hellip;]<\/p>\n","protected":false},"author":1,"featured_media":0,"parent":3097,"menu_order":0,"comment_status":"closed","ping_status":"closed","template":"","meta":{"footnotes":""},"class_list":["post-3418","page","type-page","status-publish","hentry"],"blocksy_meta":{"page_structure_type":"default","styles_descriptor":{"styles":{"desktop":"","tablet":"","mobile":""},"google_fonts":[],"version":6}},"yoast_head":"<!-- This site is optimized with the Yoast SEO plugin v27.4 - https:\/\/yoast.com\/product\/yoast-seo-wordpress\/ -->\n<title>MCLAREN - Portal F1<\/title>\n<meta name=\"description\" content=\"Portal F1 je spletna platforma, ki vam prina\u0161a najnovej\u0161e novice, strokovne \u010dlanke, analize in kolumne iz sveta Formule 1. F1. Formula 1.\" \/>\n<meta name=\"robots\" content=\"index, follow, max-snippet:-1, max-image-preview:large, max-video-preview:-1\" \/>\n<link rel=\"canonical\" href=\"https:\/\/portalf1.si\/index.php\/ekipe\/mclaren\/\" \/>\n<meta property=\"og:locale\" content=\"sl_SI\" \/>\n<meta property=\"og:type\" content=\"article\" \/>\n<meta property=\"og:title\" content=\"MCLAREN - Portal F1\" \/>\n<meta property=\"og:description\" content=\"Portal F1 je spletna platforma, ki vam prina\u0161a najnovej\u0161e novice, strokovne \u010dlanke, analize in kolumne iz sveta Formule 1. F1. Formula 1.\" \/>\n<meta property=\"og:url\" content=\"https:\/\/portalf1.si\/index.php\/ekipe\/mclaren\/\" \/>\n<meta property=\"og:site_name\" content=\"Portal F1\" \/>\n<meta property=\"article:publisher\" content=\"https:\/\/www.facebook.com\/portalf1.si\/?locale=sl_SI\" \/>\n<meta property=\"article:modified_time\" content=\"2026-02-10T07:19:53+00:00\" \/>\n<meta property=\"og:image\" content=\"https:\/\/portalf1.si\/wp-content\/uploads\/2026\/02\/eb4736d835d7f3c47bf294557e16aed2.webp\" \/>\n\t<meta property=\"og:image:width\" content=\"1200\" \/>\n\t<meta property=\"og:image:height\" content=\"1200\" \/>\n\t<meta property=\"og:image:type\" content=\"image\/webp\" \/>\n<meta name=\"twitter:card\" content=\"summary_large_image\" \/>\n<meta name=\"twitter:label1\" content=\"Est. reading time\" \/>\n\t<meta name=\"twitter:data1\" content=\"2 minuti\" \/>\n<script type=\"application\/ld+json\" class=\"yoast-schema-graph\">{\"@context\":\"https:\\\/\\\/schema.org\",\"@graph\":[{\"@type\":\"WebPage\",\"@id\":\"https:\\\/\\\/portalf1.si\\\/index.php\\\/ekipe\\\/mclaren\\\/\",\"url\":\"https:\\\/\\\/portalf1.si\\\/index.php\\\/ekipe\\\/mclaren\\\/\",\"name\":\"MCLAREN - Portal F1\",\"isPartOf\":{\"@id\":\"https:\\\/\\\/portalf1.si\\\/#website\"},\"primaryImageOfPage\":{\"@id\":\"https:\\\/\\\/portalf1.si\\\/index.php\\\/ekipe\\\/mclaren\\\/#primaryimage\"},\"image\":{\"@id\":\"https:\\\/\\\/portalf1.si\\\/index.php\\\/ekipe\\\/mclaren\\\/#primaryimage\"},\"thumbnailUrl\":\"https:\\\/\\\/portalf1.si\\\/wp-content\\\/uploads\\\/2026\\\/02\\\/eb4736d835d7f3c47bf294557e16aed2.webp\",\"datePublished\":\"2025-02-04T22:12:51+00:00\",\"dateModified\":\"2026-02-10T07:19:53+00:00\",\"description\":\"Portal F1 je spletna platforma, ki vam prina\u0161a najnovej\u0161e novice, strokovne \u010dlanke, analize in kolumne iz sveta Formule 1. F1. Formula 1.\",\"breadcrumb\":{\"@id\":\"https:\\\/\\\/portalf1.si\\\/index.php\\\/ekipe\\\/mclaren\\\/#breadcrumb\"},\"inLanguage\":\"sl-SI\",\"potentialAction\":[{\"@type\":\"ReadAction\",\"target\":[\"https:\\\/\\\/portalf1.si\\\/index.php\\\/ekipe\\\/mclaren\\\/\"]}]},{\"@type\":\"ImageObject\",\"inLanguage\":\"sl-SI\",\"@id\":\"https:\\\/\\\/portalf1.si\\\/index.php\\\/ekipe\\\/mclaren\\\/#primaryimage\",\"url\":\"https:\\\/\\\/portalf1.si\\\/wp-content\\\/uploads\\\/2026\\\/02\\\/eb4736d835d7f3c47bf294557e16aed2.webp\",\"contentUrl\":\"https:\\\/\\\/portalf1.si\\\/wp-content\\\/uploads\\\/2026\\\/02\\\/eb4736d835d7f3c47bf294557e16aed2.webp\",\"width\":1200,\"height\":1200},{\"@type\":\"BreadcrumbList\",\"@id\":\"https:\\\/\\\/portalf1.si\\\/index.php\\\/ekipe\\\/mclaren\\\/#breadcrumb\",\"itemListElement\":[{\"@type\":\"ListItem\",\"position\":1,\"name\":\"Home\",\"item\":\"https:\\\/\\\/portalf1.si\\\/\"},{\"@type\":\"ListItem\",\"position\":2,\"name\":\"EKIPE\",\"item\":\"https:\\\/\\\/portalf1.si\\\/index.php\\\/ekipe\\\/\"},{\"@type\":\"ListItem\",\"position\":3,\"name\":\"MCLAREN\"}]},{\"@type\":\"WebSite\",\"@id\":\"https:\\\/\\\/portalf1.si\\\/#website\",\"url\":\"https:\\\/\\\/portalf1.si\\\/\",\"name\":\"Portal F1\",\"description\":\"Vstopite v svet hitrosti in adrenalina\",\"publisher\":{\"@id\":\"https:\\\/\\\/portalf1.si\\\/#organization\"},\"potentialAction\":[{\"@type\":\"SearchAction\",\"target\":{\"@type\":\"EntryPoint\",\"urlTemplate\":\"https:\\\/\\\/portalf1.si\\\/?s={search_term_string}\"},\"query-input\":{\"@type\":\"PropertyValueSpecification\",\"valueRequired\":true,\"valueName\":\"search_term_string\"}}],\"inLanguage\":\"sl-SI\"},{\"@type\":\"Organization\",\"@id\":\"https:\\\/\\\/portalf1.si\\\/#organization\",\"name\":\"Portal F1\",\"url\":\"https:\\\/\\\/portalf1.si\\\/\",\"logo\":{\"@type\":\"ImageObject\",\"inLanguage\":\"sl-SI\",\"@id\":\"https:\\\/\\\/portalf1.si\\\/#\\\/schema\\\/logo\\\/image\\\/\",\"url\":\"https:\\\/\\\/portalf1.si\\\/wp-content\\\/uploads\\\/2025\\\/02\\\/cropped-HiPaint_1738532868530.png\",\"contentUrl\":\"https:\\\/\\\/portalf1.si\\\/wp-content\\\/uploads\\\/2025\\\/02\\\/cropped-HiPaint_1738532868530.png\",\"width\":512,\"height\":512,\"caption\":\"Portal F1\"},\"image\":{\"@id\":\"https:\\\/\\\/portalf1.si\\\/#\\\/schema\\\/logo\\\/image\\\/\"},\"sameAs\":[\"https:\\\/\\\/www.facebook.com\\\/portalf1.si\\\/?locale=sl_SI\"]}]}<\/script>\n<!-- \/ Yoast SEO plugin. -->","yoast_head_json":{"title":"MCLAREN - Portal F1","description":"Portal F1 je spletna platforma, ki vam prina\u0161a najnovej\u0161e novice, strokovne \u010dlanke, analize in kolumne iz sveta Formule 1. F1. Formula 1.","robots":{"index":"index","follow":"follow","max-snippet":"max-snippet:-1","max-image-preview":"max-image-preview:large","max-video-preview":"max-video-preview:-1"},"canonical":"https:\/\/portalf1.si\/index.php\/ekipe\/mclaren\/","og_locale":"sl_SI","og_type":"article","og_title":"MCLAREN - Portal F1","og_description":"Portal F1 je spletna platforma, ki vam prina\u0161a najnovej\u0161e novice, strokovne \u010dlanke, analize in kolumne iz sveta Formule 1. F1. Formula 1.","og_url":"https:\/\/portalf1.si\/index.php\/ekipe\/mclaren\/","og_site_name":"Portal F1","article_publisher":"https:\/\/www.facebook.com\/portalf1.si\/?locale=sl_SI","article_modified_time":"2026-02-10T07:19:53+00:00","og_image":[{"width":1200,"height":1200,"url":"https:\/\/portalf1.si\/wp-content\/uploads\/2026\/02\/eb4736d835d7f3c47bf294557e16aed2.webp","type":"image\/webp"}],"twitter_card":"summary_large_image","twitter_misc":{"Est. reading time":"2 minuti"},"schema":{"@context":"https:\/\/schema.org","@graph":[{"@type":"WebPage","@id":"https:\/\/portalf1.si\/index.php\/ekipe\/mclaren\/","url":"https:\/\/portalf1.si\/index.php\/ekipe\/mclaren\/","name":"MCLAREN - Portal F1","isPartOf":{"@id":"https:\/\/portalf1.si\/#website"},"primaryImageOfPage":{"@id":"https:\/\/portalf1.si\/index.php\/ekipe\/mclaren\/#primaryimage"},"image":{"@id":"https:\/\/portalf1.si\/index.php\/ekipe\/mclaren\/#primaryimage"},"thumbnailUrl":"https:\/\/portalf1.si\/wp-content\/uploads\/2026\/02\/eb4736d835d7f3c47bf294557e16aed2.webp","datePublished":"2025-02-04T22:12:51+00:00","dateModified":"2026-02-10T07:19:53+00:00","description":"Portal F1 je spletna platforma, ki vam prina\u0161a najnovej\u0161e novice, strokovne \u010dlanke, analize in kolumne iz sveta Formule 1. F1. Formula 1.","breadcrumb":{"@id":"https:\/\/portalf1.si\/index.php\/ekipe\/mclaren\/#breadcrumb"},"inLanguage":"sl-SI","potentialAction":[{"@type":"ReadAction","target":["https:\/\/portalf1.si\/index.php\/ekipe\/mclaren\/"]}]},{"@type":"ImageObject","inLanguage":"sl-SI","@id":"https:\/\/portalf1.si\/index.php\/ekipe\/mclaren\/#primaryimage","url":"https:\/\/portalf1.si\/wp-content\/uploads\/2026\/02\/eb4736d835d7f3c47bf294557e16aed2.webp","contentUrl":"https:\/\/portalf1.si\/wp-content\/uploads\/2026\/02\/eb4736d835d7f3c47bf294557e16aed2.webp","width":1200,"height":1200},{"@type":"BreadcrumbList","@id":"https:\/\/portalf1.si\/index.php\/ekipe\/mclaren\/#breadcrumb","itemListElement":[{"@type":"ListItem","position":1,"name":"Home","item":"https:\/\/portalf1.si\/"},{"@type":"ListItem","position":2,"name":"EKIPE","item":"https:\/\/portalf1.si\/index.php\/ekipe\/"},{"@type":"ListItem","position":3,"name":"MCLAREN"}]},{"@type":"WebSite","@id":"https:\/\/portalf1.si\/#website","url":"https:\/\/portalf1.si\/","name":"Portal F1","description":"Vstopite v svet hitrosti in adrenalina","publisher":{"@id":"https:\/\/portalf1.si\/#organization"},"potentialAction":[{"@type":"SearchAction","target":{"@type":"EntryPoint","urlTemplate":"https:\/\/portalf1.si\/?s={search_term_string}"},"query-input":{"@type":"PropertyValueSpecification","valueRequired":true,"valueName":"search_term_string"}}],"inLanguage":"sl-SI"},{"@type":"Organization","@id":"https:\/\/portalf1.si\/#organization","name":"Portal F1","url":"https:\/\/portalf1.si\/","logo":{"@type":"ImageObject","inLanguage":"sl-SI","@id":"https:\/\/portalf1.si\/#\/schema\/logo\/image\/","url":"https:\/\/portalf1.si\/wp-content\/uploads\/2025\/02\/cropped-HiPaint_1738532868530.png","contentUrl":"https:\/\/portalf1.si\/wp-content\/uploads\/2025\/02\/cropped-HiPaint_1738532868530.png","width":512,"height":512,"caption":"Portal F1"},"image":{"@id":"https:\/\/portalf1.si\/#\/schema\/logo\/image\/"},"sameAs":["https:\/\/www.facebook.com\/portalf1.si\/?locale=sl_SI"]}]}},"_links":{"self":[{"href":"https:\/\/portalf1.si\/index.php\/wp-json\/wp\/v2\/pages\/3418","targetHints":{"allow":["GET"]}}],"collection":[{"href":"https:\/\/portalf1.si\/index.php\/wp-json\/wp\/v2\/pages"}],"about":[{"href":"https:\/\/portalf1.si\/index.php\/wp-json\/wp\/v2\/types\/page"}],"author":[{"embeddable":true,"href":"https:\/\/portalf1.si\/index.php\/wp-json\/wp\/v2\/users\/1"}],"replies":[{"embeddable":true,"href":"https:\/\/portalf1.si\/index.php\/wp-json\/wp\/v2\/comments?post=3418"}],"version-history":[{"count":9,"href":"https:\/\/portalf1.si\/index.php\/wp-json\/wp\/v2\/pages\/3418\/revisions"}],"predecessor-version":[{"id":10900,"href":"https:\/\/portalf1.si\/index.php\/wp-json\/wp\/v2\/pages\/3418\/revisions\/10900"}],"up":[{"embeddable":true,"href":"https:\/\/portalf1.si\/index.php\/wp-json\/wp\/v2\/pages\/3097"}],"wp:attachment":[{"href":"https:\/\/portalf1.si\/index.php\/wp-json\/wp\/v2\/media?parent=3418"}],"curies":[{"name":"wp","href":"https:\/\/api.w.org\/{rel}","templated":true}]}}