{"id":3425,"date":"2025-02-04T22:22:13","date_gmt":"2025-02-04T22:22:13","guid":{"rendered":"https:\/\/portalf1.si\/?page_id=3425"},"modified":"2026-02-10T07:20:29","modified_gmt":"2026-02-10T07:20:29","slug":"racing-bulls","status":"publish","type":"page","link":"https:\/\/portalf1.si\/index.php\/ekipe\/racing-bulls\/","title":{"rendered":"RACING BULLS"},"content":{"rendered":"\n<div class=\"wp-block-stackable-columns stk-block-columns stk-block stk-38cfb36\" data-block-id=\"38cfb36\"><div class=\"stk-row stk-inner-blocks stk-block-content stk-content-align stk-38cfb36-column\">\n<div class=\"wp-block-stackable-column stk-block-column stk-column stk-block stk-65a5651\" data-v=\"4\" data-block-id=\"65a5651\"><div class=\"stk-column-wrapper stk-block-column__content stk-container stk-65a5651-container stk--no-background stk--no-padding\"><div class=\"stk-block-content stk-inner-blocks stk-65a5651-inner-blocks\">\n<div class=\"wp-block-stackable-card stk-block-card stk-block stk-2119e32 is-style-default\" data-v=\"2\" data-block-id=\"2119e32\"><style>.stk-2119e32 .stk-block-card__image img{object-fit:contain !important;}<\/style><div class=\"stk--no-padding stk-container stk-2119e32-container stk-hover-parent\"><figure class=\"stk-block-card__image stk-img-wrapper stk-image--shape-stretch\"><img loading=\"lazy\" decoding=\"async\" class=\"stk-img wp-image-3426\" src=\"https:\/\/portalf1.si\/wp-content\/uploads\/2025\/02\/RACING-BULLS-LOGO.png\" width=\"1920\" height=\"640\" srcset=\"https:\/\/portalf1.si\/wp-content\/uploads\/2025\/02\/RACING-BULLS-LOGO.png 1920w, https:\/\/portalf1.si\/wp-content\/uploads\/2025\/02\/RACING-BULLS-LOGO-300x100.png 300w, https:\/\/portalf1.si\/wp-content\/uploads\/2025\/02\/RACING-BULLS-LOGO-1024x341.png 1024w, https:\/\/portalf1.si\/wp-content\/uploads\/2025\/02\/RACING-BULLS-LOGO-768x256.png 768w, https:\/\/portalf1.si\/wp-content\/uploads\/2025\/02\/RACING-BULLS-LOGO-1536x512.png 1536w\" sizes=\"auto, (max-width: 1920px) 100vw, 1920px\" \/><\/figure><div class=\"stk-container-padding stk-block-card__content\"><div class=\"stk-block-content stk-inner-blocks stk-2119e32-inner-blocks\">\n<div class=\"wp-block-stackable-text stk-block-text stk-block stk-5f3b0af\" data-block-id=\"5f3b0af\"><p class=\"stk-block-text__text\"><strong>Polno ime:<\/strong> Visa Cash App Racing Bulls Formula One Team<\/p><\/div>\n\n\n\n<p><strong>Sede\u017e ekipe:<\/strong> Faenza, Italija<\/p>\n\n\n\n<p><strong>Vodja ekipe:<\/strong> Alan Permane<\/p>\n\n\n\n<p><strong>Tehni\u010dni direktor:<\/strong> Tim Goss<\/p>\n\n\n\n<p><strong>Motor:<\/strong> Red Bull Ford<\/p>\n\n\n\n<p><strong>\u0160asija:<\/strong> VCARB 03<\/p>\n<\/div><\/div><\/div><\/div>\n<\/div><\/div><\/div>\n\n\n\n<div class=\"wp-block-stackable-column stk-block-column stk-column stk-block stk-e9dbc24\" data-v=\"4\" data-block-id=\"e9dbc24\"><div class=\"stk-column-wrapper stk-block-column__content stk-container stk-e9dbc24-container stk--no-background stk--no-padding\"><div class=\"stk-block-content stk-inner-blocks stk-e9dbc24-inner-blocks\">\n<div class=\"wp-block-stackable-columns stk-block-columns stk-block stk-dc777fb\" data-block-id=\"dc777fb\"><div class=\"stk-row stk-inner-blocks stk-block-content stk-content-align stk-dc777fb-column\">\n<div class=\"wp-block-stackable-column stk-block-column stk-column stk-block stk-9cad1ca\" data-v=\"4\" data-block-id=\"9cad1ca\"><div class=\"stk-column-wrapper stk-block-column__content stk-container stk-9cad1ca-container stk--no-background stk--no-padding\"><div class=\"stk-block-content stk-inner-blocks stk-9cad1ca-inner-blocks\">\n<div class=\"wp-block-stackable-card stk-block-card stk-block stk-d943760 is-style-default\" data-v=\"2\" data-block-id=\"d943760\"><style>.stk-d943760 {border-style:solid !important;border-color:var(--theme-palette-color-5, #e1e8ed) !important;}<\/style><div class=\"stk--no-padding stk-container stk-d943760-container stk-hover-parent\"><figure class=\"stk-block-card__image stk-img-wrapper stk-image--shape-stretch\"><img data-dominant-color=\"6c7fab\" data-has-transparency=\"false\" style=\"--dominant-color: #6c7fab;\" loading=\"lazy\" decoding=\"async\" class=\"stk-img wp-image-10837 not-transparent\" src=\"https:\/\/portalf1.si\/wp-content\/uploads\/2026\/02\/Lawson2025_RB.webp\" width=\"1320\" height=\"1320\" srcset=\"https:\/\/portalf1.si\/wp-content\/uploads\/2026\/02\/Lawson2025_RB.webp 1320w, https:\/\/portalf1.si\/wp-content\/uploads\/2026\/02\/Lawson2025_RB-300x300.webp 300w, https:\/\/portalf1.si\/wp-content\/uploads\/2026\/02\/Lawson2025_RB-1024x1024.webp 1024w, https:\/\/portalf1.si\/wp-content\/uploads\/2026\/02\/Lawson2025_RB-150x150.webp 150w, https:\/\/portalf1.si\/wp-content\/uploads\/2026\/02\/Lawson2025_RB-768x768.webp 768w, https:\/\/portalf1.si\/wp-content\/uploads\/2026\/02\/Lawson2025_RB-12x12.webp 12w\" sizes=\"auto, (max-width: 1320px) 100vw, 1320px\" \/><\/figure><div class=\"stk-container-padding stk-block-card__content\"><div class=\"stk-block-content stk-inner-blocks stk-d943760-inner-blocks\">\n<div class=\"wp-block-stackable-heading stk-block-heading stk-block-heading--v2 stk-block stk-3a3a0fe\" id=\"30\" data-block-id=\"3a3a0fe\"><h2 class=\"stk-block-heading__text\">30<\/h2><\/div>\n\n\n\n<div class=\"wp-block-stackable-subtitle stk-block-subtitle stk-block stk-791139d\" data-block-id=\"791139d\"><style>.stk-791139d .stk-block-subtitle__text{font-size:20px !important;color:#000000 !important;}@media screen and (max-width:999px){.stk-791139d .stk-block-subtitle__text{font-size:20px !important;}}<\/style><p class=\"stk-block-subtitle__text stk-subtitle has-text-color\"><strong>Liam Lawson<\/strong><\/p><\/div>\n<\/div><\/div><\/div><\/div>\n<\/div><\/div><\/div>\n\n\n\n<div class=\"wp-block-stackable-column stk-block-column stk-column stk-block stk-c157de2\" data-v=\"4\" data-block-id=\"c157de2\"><div class=\"stk-column-wrapper stk-block-column__content stk-container stk-c157de2-container stk--no-background stk--no-padding\"><div class=\"stk-block-content stk-inner-blocks stk-c157de2-inner-blocks\">\n<div class=\"wp-block-stackable-card stk-block-card stk-block stk-85cfe96 is-style-default\" data-v=\"2\" data-block-id=\"85cfe96\"><style>.stk-85cfe96 {border-style:solid !important;border-color:var(--theme-palette-color-5, #e1e8ed) !important;}<\/style><div class=\"stk--no-padding stk-container stk-85cfe96-container stk-hover-parent\"><figure class=\"stk-block-card__image stk-img-wrapper stk-image--shape-stretch\"><img data-dominant-color=\"d4d7da\" data-has-transparency=\"false\" style=\"--dominant-color: #d4d7da;\" loading=\"lazy\" decoding=\"async\" class=\"stk-img wp-image-10838 not-transparent\" src=\"https:\/\/portalf1.si\/wp-content\/uploads\/2026\/02\/arvid-lindblad-racing-bulls.webp\" width=\"800\" height=\"533\" srcset=\"https:\/\/portalf1.si\/wp-content\/uploads\/2026\/02\/arvid-lindblad-racing-bulls.webp 800w, https:\/\/portalf1.si\/wp-content\/uploads\/2026\/02\/arvid-lindblad-racing-bulls-300x200.webp 300w, https:\/\/portalf1.si\/wp-content\/uploads\/2026\/02\/arvid-lindblad-racing-bulls-768x512.webp 768w, https:\/\/portalf1.si\/wp-content\/uploads\/2026\/02\/arvid-lindblad-racing-bulls-18x12.webp 18w\" sizes=\"auto, (max-width: 800px) 100vw, 800px\" \/><\/figure><div class=\"stk-container-padding stk-block-card__content\"><div class=\"stk-block-content stk-inner-blocks stk-85cfe96-inner-blocks\">\n<div class=\"wp-block-stackable-heading stk-block-heading stk-block-heading--v2 stk-block stk-674d07c\" id=\"6\" data-block-id=\"674d07c\"><h2 class=\"stk-block-heading__text\">6<\/h2><\/div>\n\n\n\n<div class=\"wp-block-stackable-subtitle stk-block-subtitle stk-block stk-63808c9\" data-block-id=\"63808c9\"><style>.stk-63808c9 .stk-block-subtitle__text{font-size:20px !important;color:#000000 !important;}@media screen and (max-width:999px){.stk-63808c9 .stk-block-subtitle__text{font-size:20px !important;}}<\/style><p class=\"stk-block-subtitle__text stk-subtitle has-text-color\"><strong>Isack Hadjar<\/strong><\/p><\/div>\n<\/div><\/div><\/div><\/div>\n<\/div><\/div><\/div>\n<\/div><\/div>\n<\/div><\/div><\/div>\n<\/div><\/div>\n\n\n\n<div class=\"wp-block-stackable-divider stk-block-divider stk-block stk-2a5992d is-style-bar\" data-block-id=\"2a5992d\"><style>.stk-2a5992d hr.stk-block-divider__hr{background:#1434cb !important;border-radius:calc(50px \/ 2) !important;height:50px !important;width:100% !important;}.stk-2a5992d {margin-bottom:0px !important;}<\/style><hr class=\"stk-block-divider__hr\"\/><\/div>\n\n\n\n<div class=\"wp-block-stackable-divider stk-block-divider stk-block stk-07d69ec is-style-bar\" data-block-id=\"07d69ec\"><style>.stk-07d69ec hr.stk-block-divider__hr{background:#1434cb !important;border-radius:calc(50px \/ 2) !important;height:50px !important;width:100% !important;}<\/style><hr class=\"stk-block-divider__hr\"\/><\/div>\n\n\n\n<div class=\"wp-block-stackable-card stk-block-card stk-block stk-7190d76 is-style-default\" data-v=\"2\" data-block-id=\"7190d76\"><style>.stk-7190d76 .stk-block-card__image{height:500px !important;}@media screen and (max-width:999px){.stk-7190d76 .stk-block-card__image{height:450px !important;}}@media screen and (max-width:689px){.stk-7190d76 .stk-block-card__image{height:200px !important;}}<\/style><div class=\"stk--no-padding stk-container stk-7190d76-container stk-hover-parent\"><figure class=\"stk-block-card__image stk-img-wrapper stk-image--shape-stretch\"><img data-dominant-color=\"474c50\" data-has-transparency=\"false\" style=\"--dominant-color: #474c50;\" loading=\"lazy\" decoding=\"async\" class=\"stk-img wp-image-10841 not-transparent\" src=\"https:\/\/portalf1.si\/wp-content\/uploads\/2026\/02\/SI202601151062-1-scaled.webp\" width=\"2560\" height=\"1440\" srcset=\"https:\/\/portalf1.si\/wp-content\/uploads\/2026\/02\/SI202601151062-1-scaled.webp 2560w, https:\/\/portalf1.si\/wp-content\/uploads\/2026\/02\/SI202601151062-1-300x169.webp 300w, https:\/\/portalf1.si\/wp-content\/uploads\/2026\/02\/SI202601151062-1-1024x576.webp 1024w, https:\/\/portalf1.si\/wp-content\/uploads\/2026\/02\/SI202601151062-1-768x432.webp 768w, https:\/\/portalf1.si\/wp-content\/uploads\/2026\/02\/SI202601151062-1-1536x864.webp 1536w, https:\/\/portalf1.si\/wp-content\/uploads\/2026\/02\/SI202601151062-1-2048x1152.webp 2048w, https:\/\/portalf1.si\/wp-content\/uploads\/2026\/02\/SI202601151062-1-18x10.webp 18w\" sizes=\"auto, (max-width: 2560px) 100vw, 2560px\" \/><\/figure><div class=\"stk-container-padding stk-block-card__content\"><div class=\"stk-block-content stk-inner-blocks stk-7190d76-inner-blocks\">\n<p><strong>Ekipa Racing Bulls, prvotno poimenovana Toro Rosso, nato AlphaTauri in kasneje RB, je bila ustanovljena leta 2006 na pepelu pogumnega mo\u0161tva Minardi, z namenom, da bi mladi dirka\u010di iz Red Bullovega izjemnega bazena talentov v njej dobili prve izku\u0161nje v Formuli 1. Sebastian Vettel je ta pristop potrdil skoraj takoj, ko je leta 2008 dosegel pravlji\u010dno zmago, nato pa u\u017eival v uspehih svetovnega prvenstva z mati\u010dno ekipo Red Bull Racing. Danes etos negovanja talentov \u0161e vedno velja, \u010deprav italijanska ekipa ni ve\u010d zgolj &#8220;B-ekipa&#8221;, temve\u010d samostojen konstruktor \u2026<\/strong><\/p>\n<\/div><\/div><\/div><\/div>\n","protected":false},"excerpt":{"rendered":"<p>Polno ime: Visa Cash App Racing Bulls Formula One Team Sede\u017e ekipe: Faenza, Italija Vodja ekipe: Alan Permane Tehni\u010dni direktor: Tim Goss Motor: Red Bull Ford \u0160asija: VCARB 03 30 Liam Lawson 6 Isack Hadjar Ekipa Racing Bulls, prvotno poimenovana Toro Rosso, nato AlphaTauri in kasneje RB, je bila ustanovljena leta 2006 na pepelu pogumnega [&hellip;]<\/p>\n","protected":false},"author":1,"featured_media":0,"parent":3097,"menu_order":0,"comment_status":"closed","ping_status":"closed","template":"","meta":{"footnotes":""},"class_list":["post-3425","page","type-page","status-publish","hentry"],"blocksy_meta":[],"yoast_head":"<!-- This site is optimized with the Yoast SEO plugin v27.4 - https:\/\/yoast.com\/product\/yoast-seo-wordpress\/ -->\n<title>RACING BULLS - Portal F1<\/title>\n<meta name=\"description\" content=\"Portal F1 je spletna platforma, ki vam prina\u0161a najnovej\u0161e novice, strokovne \u010dlanke, analize in kolumne iz sveta Formule 1. F1. Formula 1.\" \/>\n<meta name=\"robots\" content=\"index, follow, max-snippet:-1, max-image-preview:large, max-video-preview:-1\" \/>\n<link rel=\"canonical\" href=\"https:\/\/portalf1.si\/index.php\/ekipe\/racing-bulls\/\" \/>\n<meta property=\"og:locale\" content=\"sl_SI\" \/>\n<meta property=\"og:type\" content=\"article\" \/>\n<meta property=\"og:title\" content=\"RACING BULLS - Portal F1\" \/>\n<meta property=\"og:description\" content=\"Portal F1 je spletna platforma, ki vam prina\u0161a najnovej\u0161e novice, strokovne \u010dlanke, analize in kolumne iz sveta Formule 1. F1. Formula 1.\" \/>\n<meta property=\"og:url\" content=\"https:\/\/portalf1.si\/index.php\/ekipe\/racing-bulls\/\" \/>\n<meta property=\"og:site_name\" content=\"Portal F1\" \/>\n<meta property=\"article:publisher\" content=\"https:\/\/www.facebook.com\/portalf1.si\/?locale=sl_SI\" \/>\n<meta property=\"article:modified_time\" content=\"2026-02-10T07:20:29+00:00\" \/>\n<meta property=\"og:image\" content=\"https:\/\/portalf1.si\/wp-content\/uploads\/2025\/02\/RACING-BULLS-LOGO.png\" \/>\n\t<meta property=\"og:image:width\" content=\"1920\" \/>\n\t<meta property=\"og:image:height\" content=\"640\" \/>\n\t<meta property=\"og:image:type\" content=\"image\/png\" \/>\n<meta name=\"twitter:card\" content=\"summary_large_image\" \/>\n<meta name=\"twitter:label1\" content=\"Est. reading time\" \/>\n\t<meta name=\"twitter:data1\" content=\"2 minuti\" \/>\n<script type=\"application\/ld+json\" class=\"yoast-schema-graph\">{\"@context\":\"https:\\\/\\\/schema.org\",\"@graph\":[{\"@type\":\"WebPage\",\"@id\":\"https:\\\/\\\/portalf1.si\\\/index.php\\\/ekipe\\\/racing-bulls\\\/\",\"url\":\"https:\\\/\\\/portalf1.si\\\/index.php\\\/ekipe\\\/racing-bulls\\\/\",\"name\":\"RACING BULLS - Portal F1\",\"isPartOf\":{\"@id\":\"https:\\\/\\\/portalf1.si\\\/#website\"},\"primaryImageOfPage\":{\"@id\":\"https:\\\/\\\/portalf1.si\\\/index.php\\\/ekipe\\\/racing-bulls\\\/#primaryimage\"},\"image\":{\"@id\":\"https:\\\/\\\/portalf1.si\\\/index.php\\\/ekipe\\\/racing-bulls\\\/#primaryimage\"},\"thumbnailUrl\":\"https:\\\/\\\/portalf1.si\\\/wp-content\\\/uploads\\\/2025\\\/02\\\/RACING-BULLS-LOGO.png\",\"datePublished\":\"2025-02-04T22:22:13+00:00\",\"dateModified\":\"2026-02-10T07:20:29+00:00\",\"description\":\"Portal F1 je spletna platforma, ki vam prina\u0161a najnovej\u0161e novice, strokovne \u010dlanke, analize in kolumne iz sveta Formule 1. F1. Formula 1.\",\"breadcrumb\":{\"@id\":\"https:\\\/\\\/portalf1.si\\\/index.php\\\/ekipe\\\/racing-bulls\\\/#breadcrumb\"},\"inLanguage\":\"sl-SI\",\"potentialAction\":[{\"@type\":\"ReadAction\",\"target\":[\"https:\\\/\\\/portalf1.si\\\/index.php\\\/ekipe\\\/racing-bulls\\\/\"]}]},{\"@type\":\"ImageObject\",\"inLanguage\":\"sl-SI\",\"@id\":\"https:\\\/\\\/portalf1.si\\\/index.php\\\/ekipe\\\/racing-bulls\\\/#primaryimage\",\"url\":\"https:\\\/\\\/portalf1.si\\\/wp-content\\\/uploads\\\/2025\\\/02\\\/RACING-BULLS-LOGO.png\",\"contentUrl\":\"https:\\\/\\\/portalf1.si\\\/wp-content\\\/uploads\\\/2025\\\/02\\\/RACING-BULLS-LOGO.png\",\"width\":1920,\"height\":640},{\"@type\":\"BreadcrumbList\",\"@id\":\"https:\\\/\\\/portalf1.si\\\/index.php\\\/ekipe\\\/racing-bulls\\\/#breadcrumb\",\"itemListElement\":[{\"@type\":\"ListItem\",\"position\":1,\"name\":\"Home\",\"item\":\"https:\\\/\\\/portalf1.si\\\/\"},{\"@type\":\"ListItem\",\"position\":2,\"name\":\"EKIPE\",\"item\":\"https:\\\/\\\/portalf1.si\\\/index.php\\\/ekipe\\\/\"},{\"@type\":\"ListItem\",\"position\":3,\"name\":\"RACING BULLS\"}]},{\"@type\":\"WebSite\",\"@id\":\"https:\\\/\\\/portalf1.si\\\/#website\",\"url\":\"https:\\\/\\\/portalf1.si\\\/\",\"name\":\"Portal F1\",\"description\":\"Vstopite v svet hitrosti in adrenalina\",\"publisher\":{\"@id\":\"https:\\\/\\\/portalf1.si\\\/#organization\"},\"potentialAction\":[{\"@type\":\"SearchAction\",\"target\":{\"@type\":\"EntryPoint\",\"urlTemplate\":\"https:\\\/\\\/portalf1.si\\\/?s={search_term_string}\"},\"query-input\":{\"@type\":\"PropertyValueSpecification\",\"valueRequired\":true,\"valueName\":\"search_term_string\"}}],\"inLanguage\":\"sl-SI\"},{\"@type\":\"Organization\",\"@id\":\"https:\\\/\\\/portalf1.si\\\/#organization\",\"name\":\"Portal F1\",\"url\":\"https:\\\/\\\/portalf1.si\\\/\",\"logo\":{\"@type\":\"ImageObject\",\"inLanguage\":\"sl-SI\",\"@id\":\"https:\\\/\\\/portalf1.si\\\/#\\\/schema\\\/logo\\\/image\\\/\",\"url\":\"https:\\\/\\\/portalf1.si\\\/wp-content\\\/uploads\\\/2025\\\/02\\\/cropped-HiPaint_1738532868530.png\",\"contentUrl\":\"https:\\\/\\\/portalf1.si\\\/wp-content\\\/uploads\\\/2025\\\/02\\\/cropped-HiPaint_1738532868530.png\",\"width\":512,\"height\":512,\"caption\":\"Portal F1\"},\"image\":{\"@id\":\"https:\\\/\\\/portalf1.si\\\/#\\\/schema\\\/logo\\\/image\\\/\"},\"sameAs\":[\"https:\\\/\\\/www.facebook.com\\\/portalf1.si\\\/?locale=sl_SI\"]}]}<\/script>\n<!-- \/ Yoast SEO plugin. -->","yoast_head_json":{"title":"RACING BULLS - Portal F1","description":"Portal F1 je spletna platforma, ki vam prina\u0161a najnovej\u0161e novice, strokovne \u010dlanke, analize in kolumne iz sveta Formule 1. F1. Formula 1.","robots":{"index":"index","follow":"follow","max-snippet":"max-snippet:-1","max-image-preview":"max-image-preview:large","max-video-preview":"max-video-preview:-1"},"canonical":"https:\/\/portalf1.si\/index.php\/ekipe\/racing-bulls\/","og_locale":"sl_SI","og_type":"article","og_title":"RACING BULLS - Portal F1","og_description":"Portal F1 je spletna platforma, ki vam prina\u0161a najnovej\u0161e novice, strokovne \u010dlanke, analize in kolumne iz sveta Formule 1. F1. Formula 1.","og_url":"https:\/\/portalf1.si\/index.php\/ekipe\/racing-bulls\/","og_site_name":"Portal F1","article_publisher":"https:\/\/www.facebook.com\/portalf1.si\/?locale=sl_SI","article_modified_time":"2026-02-10T07:20:29+00:00","og_image":[{"width":1920,"height":640,"url":"https:\/\/portalf1.si\/wp-content\/uploads\/2025\/02\/RACING-BULLS-LOGO.png","type":"image\/png"}],"twitter_card":"summary_large_image","twitter_misc":{"Est. reading time":"2 minuti"},"schema":{"@context":"https:\/\/schema.org","@graph":[{"@type":"WebPage","@id":"https:\/\/portalf1.si\/index.php\/ekipe\/racing-bulls\/","url":"https:\/\/portalf1.si\/index.php\/ekipe\/racing-bulls\/","name":"RACING BULLS - Portal F1","isPartOf":{"@id":"https:\/\/portalf1.si\/#website"},"primaryImageOfPage":{"@id":"https:\/\/portalf1.si\/index.php\/ekipe\/racing-bulls\/#primaryimage"},"image":{"@id":"https:\/\/portalf1.si\/index.php\/ekipe\/racing-bulls\/#primaryimage"},"thumbnailUrl":"https:\/\/portalf1.si\/wp-content\/uploads\/2025\/02\/RACING-BULLS-LOGO.png","datePublished":"2025-02-04T22:22:13+00:00","dateModified":"2026-02-10T07:20:29+00:00","description":"Portal F1 je spletna platforma, ki vam prina\u0161a najnovej\u0161e novice, strokovne \u010dlanke, analize in kolumne iz sveta Formule 1. F1. Formula 1.","breadcrumb":{"@id":"https:\/\/portalf1.si\/index.php\/ekipe\/racing-bulls\/#breadcrumb"},"inLanguage":"sl-SI","potentialAction":[{"@type":"ReadAction","target":["https:\/\/portalf1.si\/index.php\/ekipe\/racing-bulls\/"]}]},{"@type":"ImageObject","inLanguage":"sl-SI","@id":"https:\/\/portalf1.si\/index.php\/ekipe\/racing-bulls\/#primaryimage","url":"https:\/\/portalf1.si\/wp-content\/uploads\/2025\/02\/RACING-BULLS-LOGO.png","contentUrl":"https:\/\/portalf1.si\/wp-content\/uploads\/2025\/02\/RACING-BULLS-LOGO.png","width":1920,"height":640},{"@type":"BreadcrumbList","@id":"https:\/\/portalf1.si\/index.php\/ekipe\/racing-bulls\/#breadcrumb","itemListElement":[{"@type":"ListItem","position":1,"name":"Home","item":"https:\/\/portalf1.si\/"},{"@type":"ListItem","position":2,"name":"EKIPE","item":"https:\/\/portalf1.si\/index.php\/ekipe\/"},{"@type":"ListItem","position":3,"name":"RACING BULLS"}]},{"@type":"WebSite","@id":"https:\/\/portalf1.si\/#website","url":"https:\/\/portalf1.si\/","name":"Portal F1","description":"Vstopite v svet hitrosti in adrenalina","publisher":{"@id":"https:\/\/portalf1.si\/#organization"},"potentialAction":[{"@type":"SearchAction","target":{"@type":"EntryPoint","urlTemplate":"https:\/\/portalf1.si\/?s={search_term_string}"},"query-input":{"@type":"PropertyValueSpecification","valueRequired":true,"valueName":"search_term_string"}}],"inLanguage":"sl-SI"},{"@type":"Organization","@id":"https:\/\/portalf1.si\/#organization","name":"Portal F1","url":"https:\/\/portalf1.si\/","logo":{"@type":"ImageObject","inLanguage":"sl-SI","@id":"https:\/\/portalf1.si\/#\/schema\/logo\/image\/","url":"https:\/\/portalf1.si\/wp-content\/uploads\/2025\/02\/cropped-HiPaint_1738532868530.png","contentUrl":"https:\/\/portalf1.si\/wp-content\/uploads\/2025\/02\/cropped-HiPaint_1738532868530.png","width":512,"height":512,"caption":"Portal F1"},"image":{"@id":"https:\/\/portalf1.si\/#\/schema\/logo\/image\/"},"sameAs":["https:\/\/www.facebook.com\/portalf1.si\/?locale=sl_SI"]}]}},"_links":{"self":[{"href":"https:\/\/portalf1.si\/index.php\/wp-json\/wp\/v2\/pages\/3425","targetHints":{"allow":["GET"]}}],"collection":[{"href":"https:\/\/portalf1.si\/index.php\/wp-json\/wp\/v2\/pages"}],"about":[{"href":"https:\/\/portalf1.si\/index.php\/wp-json\/wp\/v2\/types\/page"}],"author":[{"embeddable":true,"href":"https:\/\/portalf1.si\/index.php\/wp-json\/wp\/v2\/users\/1"}],"replies":[{"embeddable":true,"href":"https:\/\/portalf1.si\/index.php\/wp-json\/wp\/v2\/comments?post=3425"}],"version-history":[{"count":6,"href":"https:\/\/portalf1.si\/index.php\/wp-json\/wp\/v2\/pages\/3425\/revisions"}],"predecessor-version":[{"id":10901,"href":"https:\/\/portalf1.si\/index.php\/wp-json\/wp\/v2\/pages\/3425\/revisions\/10901"}],"up":[{"embeddable":true,"href":"https:\/\/portalf1.si\/index.php\/wp-json\/wp\/v2\/pages\/3097"}],"wp:attachment":[{"href":"https:\/\/portalf1.si\/index.php\/wp-json\/wp\/v2\/media?parent=3425"}],"curies":[{"name":"wp","href":"https:\/\/api.w.org\/{rel}","templated":true}]}}