{"id":3428,"date":"2025-02-04T22:25:46","date_gmt":"2025-02-04T22:25:46","guid":{"rendered":"https:\/\/portalf1.si\/?page_id=3428"},"modified":"2026-02-10T07:20:55","modified_gmt":"2026-02-10T07:20:55","slug":"red-bull-racing","status":"publish","type":"page","link":"https:\/\/portalf1.si\/index.php\/ekipe\/red-bull-racing\/","title":{"rendered":"RED BULL RACING"},"content":{"rendered":"\n<div class=\"wp-block-stackable-columns stk-block-columns stk-block stk-403761a\" data-block-id=\"403761a\"><div class=\"stk-row stk-inner-blocks stk-block-content stk-content-align stk-403761a-column\">\n<div class=\"wp-block-stackable-column stk-block-column stk-column stk-block stk-63b2ddf\" data-v=\"4\" data-block-id=\"63b2ddf\"><div class=\"stk-column-wrapper stk-block-column__content stk-container stk-63b2ddf-container stk--no-background stk--no-padding\"><div class=\"stk-block-content stk-inner-blocks stk-63b2ddf-inner-blocks\">\n<div class=\"wp-block-stackable-card stk-block-card stk-block stk-a0574d5 is-style-default\" data-v=\"2\" data-block-id=\"a0574d5\"><div class=\"stk--no-padding stk-container stk-a0574d5-container stk-hover-parent\"><figure class=\"stk-block-card__image stk-img-wrapper stk-image--shape-stretch\"><img loading=\"lazy\" decoding=\"async\" class=\"stk-img wp-image-3429\" src=\"https:\/\/portalf1.si\/wp-content\/uploads\/2025\/02\/RED-BULL-LOGO-e1738707941554.jpg\" width=\"1996\" height=\"910\" srcset=\"https:\/\/portalf1.si\/wp-content\/uploads\/2025\/02\/RED-BULL-LOGO-e1738707941554.jpg 1996w, https:\/\/portalf1.si\/wp-content\/uploads\/2025\/02\/RED-BULL-LOGO-e1738707941554-300x137.jpg 300w, https:\/\/portalf1.si\/wp-content\/uploads\/2025\/02\/RED-BULL-LOGO-e1738707941554-1024x467.jpg 1024w, https:\/\/portalf1.si\/wp-content\/uploads\/2025\/02\/RED-BULL-LOGO-e1738707941554-768x350.jpg 768w, https:\/\/portalf1.si\/wp-content\/uploads\/2025\/02\/RED-BULL-LOGO-e1738707941554-1536x700.jpg 1536w\" sizes=\"auto, (max-width: 1996px) 100vw, 1996px\" \/><\/figure><div class=\"stk-container-padding stk-block-card__content\"><div class=\"stk-block-content stk-inner-blocks stk-a0574d5-inner-blocks\">\n<div class=\"wp-block-stackable-text stk-block-text stk-block stk-81fbaaa\" data-block-id=\"81fbaaa\"><p class=\"stk-block-text__text\"><strong>Polno ime:<\/strong> Oracle Red Bull Racing<\/p><\/div>\n\n\n\n<p><strong>Sede\u017e ekipe:<\/strong> Milton Keynes, Velika Britanija<\/p>\n\n\n\n<p><strong>Vodja ekipe:<\/strong> Laurent Mekies<\/p>\n\n\n\n<p><strong>Tehni\u010dni direktor:<\/strong> Pierre Wach\u00e9<\/p>\n\n\n\n<p><strong>Motor:<\/strong> Red Bull Ford<\/p>\n\n\n\n<p><strong>\u0160asija:<\/strong> RB22<\/p>\n<\/div><\/div><\/div><\/div>\n<\/div><\/div><\/div>\n\n\n\n<div class=\"wp-block-stackable-column stk-block-column stk-column stk-block stk-9fc975d\" data-v=\"4\" data-block-id=\"9fc975d\"><div class=\"stk-column-wrapper stk-block-column__content stk-container stk-9fc975d-container stk--no-background stk--no-padding\"><div class=\"stk-block-content stk-inner-blocks stk-9fc975d-inner-blocks\">\n<div class=\"wp-block-stackable-columns stk-block-columns stk-block stk-52ed2df\" data-block-id=\"52ed2df\"><div class=\"stk-row stk-inner-blocks stk-block-content stk-content-align stk-52ed2df-column\">\n<div class=\"wp-block-stackable-column stk-block-column stk-column stk-block stk-b478f55\" data-v=\"4\" data-block-id=\"b478f55\"><div class=\"stk-column-wrapper stk-block-column__content stk-container stk-b478f55-container stk--no-background stk--no-padding\"><div class=\"stk-block-content stk-inner-blocks stk-b478f55-inner-blocks\">\n<div class=\"wp-block-stackable-card stk-block-card stk-block stk-dda85eb is-style-default\" data-v=\"2\" data-block-id=\"dda85eb\"><style>.stk-dda85eb {border-style:solid !important;border-color:var(--theme-palette-color-5, #e1e8ed) !important;}<\/style><div class=\"stk--no-padding stk-container stk-dda85eb-container stk-hover-parent\"><figure class=\"stk-block-card__image stk-img-wrapper stk-image--shape-stretch\"><img data-dominant-color=\"272020\" data-has-transparency=\"true\" style=\"--dominant-color: #272020;\" loading=\"lazy\" decoding=\"async\" class=\"stk-img wp-image-10848 has-transparency\" src=\"https:\/\/portalf1.si\/wp-content\/uploads\/2026\/02\/Max-Verstappen-F1-2023.webp\" width=\"440\" height=\"440\" srcset=\"https:\/\/portalf1.si\/wp-content\/uploads\/2026\/02\/Max-Verstappen-F1-2023.webp 440w, https:\/\/portalf1.si\/wp-content\/uploads\/2026\/02\/Max-Verstappen-F1-2023-300x300.webp 300w, https:\/\/portalf1.si\/wp-content\/uploads\/2026\/02\/Max-Verstappen-F1-2023-150x150.webp 150w, https:\/\/portalf1.si\/wp-content\/uploads\/2026\/02\/Max-Verstappen-F1-2023-12x12.webp 12w\" sizes=\"auto, (max-width: 440px) 100vw, 440px\" \/><\/figure><div class=\"stk-container-padding stk-block-card__content\"><div class=\"stk-block-content stk-inner-blocks stk-dda85eb-inner-blocks\">\n<div class=\"wp-block-stackable-heading stk-block-heading stk-block-heading--v2 stk-block stk-da73ac2\" id=\"3\" data-block-id=\"da73ac2\"><h2 class=\"stk-block-heading__text\">3<\/h2><\/div>\n\n\n\n<div class=\"wp-block-stackable-subtitle stk-block-subtitle stk-block stk-e05a195\" data-block-id=\"e05a195\"><style>.stk-e05a195 .stk-block-subtitle__text{font-size:20px !important;color:#000000 !important;}@media screen and (max-width:999px){.stk-e05a195 .stk-block-subtitle__text{font-size:20px !important;}}<\/style><p class=\"stk-block-subtitle__text stk-subtitle has-text-color\"><strong>Max Verstappen<\/strong><\/p><\/div>\n<\/div><\/div><\/div><\/div>\n<\/div><\/div><\/div>\n\n\n\n<div class=\"wp-block-stackable-column stk-block-column stk-column stk-block stk-24eb605\" data-v=\"4\" data-block-id=\"24eb605\"><div class=\"stk-column-wrapper stk-block-column__content stk-container stk-24eb605-container stk--no-background stk--no-padding\"><div class=\"stk-block-content stk-inner-blocks stk-24eb605-inner-blocks\">\n<div class=\"wp-block-stackable-card stk-block-card stk-block stk-6e39a8c is-style-default\" data-v=\"2\" data-block-id=\"6e39a8c\"><style>.stk-6e39a8c {border-style:solid !important;border-color:var(--theme-palette-color-5, #e1e8ed) !important;}<\/style><div class=\"stk--no-padding stk-container stk-6e39a8c-container stk-hover-parent\"><figure class=\"stk-block-card__image stk-img-wrapper stk-image--shape-stretch\"><img data-dominant-color=\"231e21\" data-has-transparency=\"true\" style=\"--dominant-color: #231e21;\" loading=\"lazy\" decoding=\"async\" class=\"stk-img wp-image-10849 has-transparency\" src=\"https:\/\/portalf1.si\/wp-content\/uploads\/2026\/02\/Isack-Hadjar-F1-2026-RedBull.webp\" width=\"440\" height=\"440\" srcset=\"https:\/\/portalf1.si\/wp-content\/uploads\/2026\/02\/Isack-Hadjar-F1-2026-RedBull.webp 440w, https:\/\/portalf1.si\/wp-content\/uploads\/2026\/02\/Isack-Hadjar-F1-2026-RedBull-300x300.webp 300w, https:\/\/portalf1.si\/wp-content\/uploads\/2026\/02\/Isack-Hadjar-F1-2026-RedBull-150x150.webp 150w, https:\/\/portalf1.si\/wp-content\/uploads\/2026\/02\/Isack-Hadjar-F1-2026-RedBull-12x12.webp 12w\" sizes=\"auto, (max-width: 440px) 100vw, 440px\" \/><\/figure><div class=\"stk-container-padding stk-block-card__content\"><div class=\"stk-block-content stk-inner-blocks stk-6e39a8c-inner-blocks\">\n<div class=\"wp-block-stackable-heading stk-block-heading stk-block-heading--v2 stk-block stk-f422e78\" id=\"6\" data-block-id=\"f422e78\"><h2 class=\"stk-block-heading__text\">6<\/h2><\/div>\n\n\n\n<div class=\"wp-block-stackable-subtitle stk-block-subtitle stk-block stk-206e31e\" data-block-id=\"206e31e\"><style>.stk-206e31e .stk-block-subtitle__text{font-size:20px !important;color:#000000 !important;}@media screen and (max-width:999px){.stk-206e31e .stk-block-subtitle__text{font-size:20px !important;}}<\/style><p class=\"stk-block-subtitle__text stk-subtitle has-text-color\"><strong><strong>Isack Hadjar<\/strong><\/strong><\/p><\/div>\n<\/div><\/div><\/div><\/div>\n<\/div><\/div><\/div>\n<\/div><\/div>\n<\/div><\/div><\/div>\n<\/div><\/div>\n\n\n\n<div class=\"wp-block-stackable-divider stk-block-divider stk-block stk-87bb972 is-style-bar\" data-block-id=\"87bb972\"><style>.stk-87bb972 hr.stk-block-divider__hr{background:#001d46 !important;border-radius:calc(50px \/ 2) !important;height:50px !important;width:100% !important;}.stk-87bb972 {margin-bottom:0px !important;}<\/style><hr class=\"stk-block-divider__hr\"\/><\/div>\n\n\n\n<div class=\"wp-block-stackable-divider stk-block-divider stk-block stk-61695ad is-style-bar\" data-block-id=\"61695ad\"><style>.stk-61695ad hr.stk-block-divider__hr{background:#001d46 !important;border-radius:calc(50px \/ 2) !important;height:50px !important;width:100% !important;}<\/style><hr class=\"stk-block-divider__hr\"\/><\/div>\n\n\n\n<div class=\"wp-block-stackable-card stk-block-card stk-block stk-db4e854 is-style-default\" data-v=\"2\" data-block-id=\"db4e854\"><style>.stk-db4e854 .stk-block-card__image{height:500px !important;}@media screen and (max-width:999px){.stk-db4e854 .stk-block-card__image{height:450px !important;}}@media screen and (max-width:689px){.stk-db4e854 .stk-block-card__image{height:200px !important;}}<\/style><div class=\"stk--no-padding stk-container stk-db4e854-container stk-hover-parent\"><figure class=\"stk-block-card__image stk-img-wrapper stk-image--shape-stretch\"><img data-dominant-color=\"5a3826\" data-has-transparency=\"false\" style=\"--dominant-color: #5a3826;\" loading=\"lazy\" decoding=\"async\" class=\"stk-img wp-image-10850 not-transparent\" src=\"https:\/\/portalf1.si\/wp-content\/uploads\/2026\/02\/red-bull-racing-livery.webp\" width=\"1200\" height=\"799\" srcset=\"https:\/\/portalf1.si\/wp-content\/uploads\/2026\/02\/red-bull-racing-livery.webp 1200w, https:\/\/portalf1.si\/wp-content\/uploads\/2026\/02\/red-bull-racing-livery-300x200.webp 300w, https:\/\/portalf1.si\/wp-content\/uploads\/2026\/02\/red-bull-racing-livery-1024x682.webp 1024w, https:\/\/portalf1.si\/wp-content\/uploads\/2026\/02\/red-bull-racing-livery-768x511.webp 768w, https:\/\/portalf1.si\/wp-content\/uploads\/2026\/02\/red-bull-racing-livery-18x12.webp 18w\" sizes=\"auto, (max-width: 1200px) 100vw, 1200px\" \/><\/figure><div class=\"stk-container-padding stk-block-card__content\"><div class=\"stk-block-content stk-inner-blocks stk-db4e854-inner-blocks\">\n<p><strong>Red Bullu Formula 1 ni bila tuja \u017ee pred formalnim vstopom s tovarni\u0161ko ekipo leta 2004, saj so bili dolgoletni sponzor ekip. Kljub temu je bil obseg njihovega uspeha v naslednjem desetletju osupljiv. Po prvih stopni\u010dkah leta 2006 je ekipa leta 2009 ujela pravi ritem ter dosegla \u0161est zmag in drugo mesto v konstruktorskem se\u0161tevku. V naslednjih \u0161tirih sezonah so bili neustavljiva sila, saj so med letoma 2010 in 2013 osvojili zaporedne dvojne naslove, Sebastian Vettel pa je postal najmlaj\u0161i \u0161tirikratni prvak v zgodovini tega \u0161porta. Danes to slavo ponovno obujajo z enako razburljivim talentom, Maxom Verstappnom &#8230;<\/strong><\/p>\n<\/div><\/div><\/div><\/div>\n","protected":false},"excerpt":{"rendered":"<p>Polno ime: Oracle Red Bull Racing Sede\u017e ekipe: Milton Keynes, Velika Britanija Vodja ekipe: Laurent Mekies Tehni\u010dni direktor: Pierre Wach\u00e9 Motor: Red Bull Ford \u0160asija: RB22 3 Max Verstappen 6 Isack Hadjar Red Bullu Formula 1 ni bila tuja \u017ee pred formalnim vstopom s tovarni\u0161ko ekipo leta 2004, saj so bili dolgoletni sponzor ekip. Kljub [&hellip;]<\/p>\n","protected":false},"author":1,"featured_media":0,"parent":3097,"menu_order":0,"comment_status":"closed","ping_status":"closed","template":"","meta":{"footnotes":""},"class_list":["post-3428","page","type-page","status-publish","hentry"],"blocksy_meta":[],"yoast_head":"<!-- This site is optimized with the Yoast SEO plugin v27.4 - https:\/\/yoast.com\/product\/yoast-seo-wordpress\/ -->\n<title>RED BULL RACING - Portal F1<\/title>\n<meta name=\"description\" content=\"Portal F1 je spletna platforma, ki vam prina\u0161a najnovej\u0161e novice, strokovne \u010dlanke, analize in kolumne iz sveta Formule 1. F1. Formula 1.\" \/>\n<meta name=\"robots\" content=\"index, follow, max-snippet:-1, max-image-preview:large, max-video-preview:-1\" \/>\n<link rel=\"canonical\" href=\"https:\/\/portalf1.si\/index.php\/ekipe\/red-bull-racing\/\" \/>\n<meta property=\"og:locale\" content=\"sl_SI\" \/>\n<meta property=\"og:type\" content=\"article\" \/>\n<meta property=\"og:title\" content=\"RED BULL RACING - Portal F1\" \/>\n<meta property=\"og:description\" content=\"Portal F1 je spletna platforma, ki vam prina\u0161a najnovej\u0161e novice, strokovne \u010dlanke, analize in kolumne iz sveta Formule 1. F1. Formula 1.\" \/>\n<meta property=\"og:url\" content=\"https:\/\/portalf1.si\/index.php\/ekipe\/red-bull-racing\/\" \/>\n<meta property=\"og:site_name\" content=\"Portal F1\" \/>\n<meta property=\"article:publisher\" content=\"https:\/\/www.facebook.com\/portalf1.si\/?locale=sl_SI\" \/>\n<meta property=\"article:modified_time\" content=\"2026-02-10T07:20:55+00:00\" \/>\n<meta property=\"og:image\" content=\"https:\/\/portalf1.si\/wp-content\/uploads\/2025\/02\/RED-BULL-LOGO-e1738707941554.jpg\" \/>\n\t<meta property=\"og:image:width\" content=\"1996\" \/>\n\t<meta property=\"og:image:height\" content=\"910\" \/>\n\t<meta property=\"og:image:type\" content=\"image\/jpeg\" \/>\n<meta name=\"twitter:card\" content=\"summary_large_image\" \/>\n<meta name=\"twitter:label1\" content=\"Est. reading time\" \/>\n\t<meta name=\"twitter:data1\" content=\"2 minuti\" \/>\n<script type=\"application\/ld+json\" class=\"yoast-schema-graph\">{\"@context\":\"https:\\\/\\\/schema.org\",\"@graph\":[{\"@type\":\"WebPage\",\"@id\":\"https:\\\/\\\/portalf1.si\\\/index.php\\\/ekipe\\\/red-bull-racing\\\/\",\"url\":\"https:\\\/\\\/portalf1.si\\\/index.php\\\/ekipe\\\/red-bull-racing\\\/\",\"name\":\"RED BULL RACING - Portal F1\",\"isPartOf\":{\"@id\":\"https:\\\/\\\/portalf1.si\\\/#website\"},\"primaryImageOfPage\":{\"@id\":\"https:\\\/\\\/portalf1.si\\\/index.php\\\/ekipe\\\/red-bull-racing\\\/#primaryimage\"},\"image\":{\"@id\":\"https:\\\/\\\/portalf1.si\\\/index.php\\\/ekipe\\\/red-bull-racing\\\/#primaryimage\"},\"thumbnailUrl\":\"https:\\\/\\\/portalf1.si\\\/wp-content\\\/uploads\\\/2025\\\/02\\\/RED-BULL-LOGO-e1738707941554.jpg\",\"datePublished\":\"2025-02-04T22:25:46+00:00\",\"dateModified\":\"2026-02-10T07:20:55+00:00\",\"description\":\"Portal F1 je spletna platforma, ki vam prina\u0161a najnovej\u0161e novice, strokovne \u010dlanke, analize in kolumne iz sveta Formule 1. F1. Formula 1.\",\"breadcrumb\":{\"@id\":\"https:\\\/\\\/portalf1.si\\\/index.php\\\/ekipe\\\/red-bull-racing\\\/#breadcrumb\"},\"inLanguage\":\"sl-SI\",\"potentialAction\":[{\"@type\":\"ReadAction\",\"target\":[\"https:\\\/\\\/portalf1.si\\\/index.php\\\/ekipe\\\/red-bull-racing\\\/\"]}]},{\"@type\":\"ImageObject\",\"inLanguage\":\"sl-SI\",\"@id\":\"https:\\\/\\\/portalf1.si\\\/index.php\\\/ekipe\\\/red-bull-racing\\\/#primaryimage\",\"url\":\"https:\\\/\\\/portalf1.si\\\/wp-content\\\/uploads\\\/2025\\\/02\\\/RED-BULL-LOGO-e1738707941554.jpg\",\"contentUrl\":\"https:\\\/\\\/portalf1.si\\\/wp-content\\\/uploads\\\/2025\\\/02\\\/RED-BULL-LOGO-e1738707941554.jpg\",\"width\":1996,\"height\":910},{\"@type\":\"BreadcrumbList\",\"@id\":\"https:\\\/\\\/portalf1.si\\\/index.php\\\/ekipe\\\/red-bull-racing\\\/#breadcrumb\",\"itemListElement\":[{\"@type\":\"ListItem\",\"position\":1,\"name\":\"Home\",\"item\":\"https:\\\/\\\/portalf1.si\\\/\"},{\"@type\":\"ListItem\",\"position\":2,\"name\":\"EKIPE\",\"item\":\"https:\\\/\\\/portalf1.si\\\/index.php\\\/ekipe\\\/\"},{\"@type\":\"ListItem\",\"position\":3,\"name\":\"RED BULL RACING\"}]},{\"@type\":\"WebSite\",\"@id\":\"https:\\\/\\\/portalf1.si\\\/#website\",\"url\":\"https:\\\/\\\/portalf1.si\\\/\",\"name\":\"Portal F1\",\"description\":\"Vstopite v svet hitrosti in adrenalina\",\"publisher\":{\"@id\":\"https:\\\/\\\/portalf1.si\\\/#organization\"},\"potentialAction\":[{\"@type\":\"SearchAction\",\"target\":{\"@type\":\"EntryPoint\",\"urlTemplate\":\"https:\\\/\\\/portalf1.si\\\/?s={search_term_string}\"},\"query-input\":{\"@type\":\"PropertyValueSpecification\",\"valueRequired\":true,\"valueName\":\"search_term_string\"}}],\"inLanguage\":\"sl-SI\"},{\"@type\":\"Organization\",\"@id\":\"https:\\\/\\\/portalf1.si\\\/#organization\",\"name\":\"Portal F1\",\"url\":\"https:\\\/\\\/portalf1.si\\\/\",\"logo\":{\"@type\":\"ImageObject\",\"inLanguage\":\"sl-SI\",\"@id\":\"https:\\\/\\\/portalf1.si\\\/#\\\/schema\\\/logo\\\/image\\\/\",\"url\":\"https:\\\/\\\/portalf1.si\\\/wp-content\\\/uploads\\\/2025\\\/02\\\/cropped-HiPaint_1738532868530.png\",\"contentUrl\":\"https:\\\/\\\/portalf1.si\\\/wp-content\\\/uploads\\\/2025\\\/02\\\/cropped-HiPaint_1738532868530.png\",\"width\":512,\"height\":512,\"caption\":\"Portal F1\"},\"image\":{\"@id\":\"https:\\\/\\\/portalf1.si\\\/#\\\/schema\\\/logo\\\/image\\\/\"},\"sameAs\":[\"https:\\\/\\\/www.facebook.com\\\/portalf1.si\\\/?locale=sl_SI\"]}]}<\/script>\n<!-- \/ Yoast SEO plugin. -->","yoast_head_json":{"title":"RED BULL RACING - Portal F1","description":"Portal F1 je spletna platforma, ki vam prina\u0161a najnovej\u0161e novice, strokovne \u010dlanke, analize in kolumne iz sveta Formule 1. F1. Formula 1.","robots":{"index":"index","follow":"follow","max-snippet":"max-snippet:-1","max-image-preview":"max-image-preview:large","max-video-preview":"max-video-preview:-1"},"canonical":"https:\/\/portalf1.si\/index.php\/ekipe\/red-bull-racing\/","og_locale":"sl_SI","og_type":"article","og_title":"RED BULL RACING - Portal F1","og_description":"Portal F1 je spletna platforma, ki vam prina\u0161a najnovej\u0161e novice, strokovne \u010dlanke, analize in kolumne iz sveta Formule 1. F1. Formula 1.","og_url":"https:\/\/portalf1.si\/index.php\/ekipe\/red-bull-racing\/","og_site_name":"Portal F1","article_publisher":"https:\/\/www.facebook.com\/portalf1.si\/?locale=sl_SI","article_modified_time":"2026-02-10T07:20:55+00:00","og_image":[{"width":1996,"height":910,"url":"https:\/\/portalf1.si\/wp-content\/uploads\/2025\/02\/RED-BULL-LOGO-e1738707941554.jpg","type":"image\/jpeg"}],"twitter_card":"summary_large_image","twitter_misc":{"Est. reading time":"2 minuti"},"schema":{"@context":"https:\/\/schema.org","@graph":[{"@type":"WebPage","@id":"https:\/\/portalf1.si\/index.php\/ekipe\/red-bull-racing\/","url":"https:\/\/portalf1.si\/index.php\/ekipe\/red-bull-racing\/","name":"RED BULL RACING - Portal F1","isPartOf":{"@id":"https:\/\/portalf1.si\/#website"},"primaryImageOfPage":{"@id":"https:\/\/portalf1.si\/index.php\/ekipe\/red-bull-racing\/#primaryimage"},"image":{"@id":"https:\/\/portalf1.si\/index.php\/ekipe\/red-bull-racing\/#primaryimage"},"thumbnailUrl":"https:\/\/portalf1.si\/wp-content\/uploads\/2025\/02\/RED-BULL-LOGO-e1738707941554.jpg","datePublished":"2025-02-04T22:25:46+00:00","dateModified":"2026-02-10T07:20:55+00:00","description":"Portal F1 je spletna platforma, ki vam prina\u0161a najnovej\u0161e novice, strokovne \u010dlanke, analize in kolumne iz sveta Formule 1. F1. Formula 1.","breadcrumb":{"@id":"https:\/\/portalf1.si\/index.php\/ekipe\/red-bull-racing\/#breadcrumb"},"inLanguage":"sl-SI","potentialAction":[{"@type":"ReadAction","target":["https:\/\/portalf1.si\/index.php\/ekipe\/red-bull-racing\/"]}]},{"@type":"ImageObject","inLanguage":"sl-SI","@id":"https:\/\/portalf1.si\/index.php\/ekipe\/red-bull-racing\/#primaryimage","url":"https:\/\/portalf1.si\/wp-content\/uploads\/2025\/02\/RED-BULL-LOGO-e1738707941554.jpg","contentUrl":"https:\/\/portalf1.si\/wp-content\/uploads\/2025\/02\/RED-BULL-LOGO-e1738707941554.jpg","width":1996,"height":910},{"@type":"BreadcrumbList","@id":"https:\/\/portalf1.si\/index.php\/ekipe\/red-bull-racing\/#breadcrumb","itemListElement":[{"@type":"ListItem","position":1,"name":"Home","item":"https:\/\/portalf1.si\/"},{"@type":"ListItem","position":2,"name":"EKIPE","item":"https:\/\/portalf1.si\/index.php\/ekipe\/"},{"@type":"ListItem","position":3,"name":"RED BULL RACING"}]},{"@type":"WebSite","@id":"https:\/\/portalf1.si\/#website","url":"https:\/\/portalf1.si\/","name":"Portal F1","description":"Vstopite v svet hitrosti in adrenalina","publisher":{"@id":"https:\/\/portalf1.si\/#organization"},"potentialAction":[{"@type":"SearchAction","target":{"@type":"EntryPoint","urlTemplate":"https:\/\/portalf1.si\/?s={search_term_string}"},"query-input":{"@type":"PropertyValueSpecification","valueRequired":true,"valueName":"search_term_string"}}],"inLanguage":"sl-SI"},{"@type":"Organization","@id":"https:\/\/portalf1.si\/#organization","name":"Portal F1","url":"https:\/\/portalf1.si\/","logo":{"@type":"ImageObject","inLanguage":"sl-SI","@id":"https:\/\/portalf1.si\/#\/schema\/logo\/image\/","url":"https:\/\/portalf1.si\/wp-content\/uploads\/2025\/02\/cropped-HiPaint_1738532868530.png","contentUrl":"https:\/\/portalf1.si\/wp-content\/uploads\/2025\/02\/cropped-HiPaint_1738532868530.png","width":512,"height":512,"caption":"Portal F1"},"image":{"@id":"https:\/\/portalf1.si\/#\/schema\/logo\/image\/"},"sameAs":["https:\/\/www.facebook.com\/portalf1.si\/?locale=sl_SI"]}]}},"_links":{"self":[{"href":"https:\/\/portalf1.si\/index.php\/wp-json\/wp\/v2\/pages\/3428","targetHints":{"allow":["GET"]}}],"collection":[{"href":"https:\/\/portalf1.si\/index.php\/wp-json\/wp\/v2\/pages"}],"about":[{"href":"https:\/\/portalf1.si\/index.php\/wp-json\/wp\/v2\/types\/page"}],"author":[{"embeddable":true,"href":"https:\/\/portalf1.si\/index.php\/wp-json\/wp\/v2\/users\/1"}],"replies":[{"embeddable":true,"href":"https:\/\/portalf1.si\/index.php\/wp-json\/wp\/v2\/comments?post=3428"}],"version-history":[{"count":5,"href":"https:\/\/portalf1.si\/index.php\/wp-json\/wp\/v2\/pages\/3428\/revisions"}],"predecessor-version":[{"id":10902,"href":"https:\/\/portalf1.si\/index.php\/wp-json\/wp\/v2\/pages\/3428\/revisions\/10902"}],"up":[{"embeddable":true,"href":"https:\/\/portalf1.si\/index.php\/wp-json\/wp\/v2\/pages\/3097"}],"wp:attachment":[{"href":"https:\/\/portalf1.si\/index.php\/wp-json\/wp\/v2\/media?parent=3428"}],"curies":[{"name":"wp","href":"https:\/\/api.w.org\/{rel}","templated":true}]}}