{"id":3431,"date":"2025-02-04T22:29:53","date_gmt":"2025-02-04T22:29:53","guid":{"rendered":"https:\/\/portalf1.si\/?page_id=3431"},"modified":"2026-02-10T07:21:30","modified_gmt":"2026-02-10T07:21:30","slug":"williams","status":"publish","type":"page","link":"https:\/\/portalf1.si\/index.php\/ekipe\/williams\/","title":{"rendered":"WILLIAMS"},"content":{"rendered":"\n<div class=\"wp-block-stackable-columns stk-block-columns stk-block stk-14540d7\" data-block-id=\"14540d7\"><div class=\"stk-row stk-inner-blocks stk-block-content stk-content-align stk-14540d7-column\">\n<div class=\"wp-block-stackable-column stk-block-column stk-column stk-block stk-b18361c\" data-v=\"4\" data-block-id=\"b18361c\"><div class=\"stk-column-wrapper stk-block-column__content stk-container stk-b18361c-container stk--no-background stk--no-padding\"><div class=\"stk-block-content stk-inner-blocks stk-b18361c-inner-blocks\">\n<div class=\"wp-block-stackable-card stk-block-card stk-block stk-6300992 is-style-default\" data-v=\"2\" data-block-id=\"6300992\"><style>.stk-6300992 .stk-block-card__image img{object-fit:contain !important;}<\/style><div class=\"stk--no-padding stk-container stk-6300992-container stk-hover-parent\"><figure class=\"stk-block-card__image stk-img-wrapper stk-image--shape-stretch\"><img data-dominant-color=\"00134b\" data-has-transparency=\"true\" style=\"--dominant-color: #00134b;\" loading=\"lazy\" decoding=\"async\" class=\"stk-img wp-image-10859 has-transparency\" src=\"https:\/\/portalf1.si\/wp-content\/uploads\/2026\/02\/Williams_F1_logo_2026_Corrigindo.webp\" width=\"1800\" height=\"977\" srcset=\"https:\/\/portalf1.si\/wp-content\/uploads\/2026\/02\/Williams_F1_logo_2026_Corrigindo.webp 1800w, https:\/\/portalf1.si\/wp-content\/uploads\/2026\/02\/Williams_F1_logo_2026_Corrigindo-300x163.webp 300w, https:\/\/portalf1.si\/wp-content\/uploads\/2026\/02\/Williams_F1_logo_2026_Corrigindo-1024x556.webp 1024w, https:\/\/portalf1.si\/wp-content\/uploads\/2026\/02\/Williams_F1_logo_2026_Corrigindo-768x417.webp 768w, https:\/\/portalf1.si\/wp-content\/uploads\/2026\/02\/Williams_F1_logo_2026_Corrigindo-1536x834.webp 1536w, https:\/\/portalf1.si\/wp-content\/uploads\/2026\/02\/Williams_F1_logo_2026_Corrigindo-18x10.webp 18w\" sizes=\"auto, (max-width: 1800px) 100vw, 1800px\" \/><\/figure><div class=\"stk-container-padding stk-block-card__content\"><div class=\"stk-block-content stk-inner-blocks stk-6300992-inner-blocks\">\n<div class=\"wp-block-stackable-text stk-block-text stk-block stk-1f21c3d\" data-block-id=\"1f21c3d\"><p class=\"stk-block-text__text\"><strong>Polno ime:<\/strong> Atlassian Williams F1 Team<\/p><\/div>\n\n\n\n<p><strong>Sede\u017e ekipe:<\/strong> Grove, Velika Britanija<\/p>\n\n\n\n<p><strong>Vodja ekipe:<\/strong> James Vowles<\/p>\n\n\n\n<p><strong>Tehni\u010dni direktor:<\/strong> Pat Fry<\/p>\n\n\n\n<p><strong>Motor:<\/strong> Mercedes<\/p>\n\n\n\n<p><strong>\u0160asija:<\/strong> FW48<\/p>\n<\/div><\/div><\/div><\/div>\n<\/div><\/div><\/div>\n\n\n\n<div class=\"wp-block-stackable-column stk-block-column stk-column stk-block stk-4f0f495\" data-v=\"4\" data-block-id=\"4f0f495\"><div class=\"stk-column-wrapper stk-block-column__content stk-container stk-4f0f495-container stk--no-background stk--no-padding\"><div class=\"stk-block-content stk-inner-blocks stk-4f0f495-inner-blocks\">\n<div class=\"wp-block-stackable-columns stk-block-columns stk-block stk-268d5b2\" data-block-id=\"268d5b2\"><div class=\"stk-row stk-inner-blocks stk-block-content stk-content-align stk-268d5b2-column\">\n<div class=\"wp-block-stackable-column stk-block-column stk-column stk-block stk-bfd53b3\" data-v=\"4\" data-block-id=\"bfd53b3\"><div class=\"stk-column-wrapper stk-block-column__content stk-container stk-bfd53b3-container stk--no-background stk--no-padding\"><div class=\"stk-block-content stk-inner-blocks stk-bfd53b3-inner-blocks\">\n<div class=\"wp-block-stackable-card stk-block-card stk-block stk-aaa45cf is-style-default\" data-v=\"2\" data-block-id=\"aaa45cf\"><style>.stk-aaa45cf {border-style:solid !important;border-color:var(--theme-palette-color-5, #e1e8ed) !important;}<\/style><div class=\"stk--no-padding stk-container stk-aaa45cf-container stk-hover-parent\"><figure class=\"stk-block-card__image stk-img-wrapper stk-image--shape-stretch\"><img data-dominant-color=\"667fa9\" data-has-transparency=\"false\" style=\"--dominant-color: #667fa9;\" loading=\"lazy\" decoding=\"async\" class=\"stk-img wp-image-10852 not-transparent\" src=\"https:\/\/portalf1.si\/wp-content\/uploads\/2026\/02\/1f1fd439e5344c7a83faf4a80d09486f.webp\" width=\"520\" height=\"520\" srcset=\"https:\/\/portalf1.si\/wp-content\/uploads\/2026\/02\/1f1fd439e5344c7a83faf4a80d09486f.webp 520w, https:\/\/portalf1.si\/wp-content\/uploads\/2026\/02\/1f1fd439e5344c7a83faf4a80d09486f-300x300.webp 300w, https:\/\/portalf1.si\/wp-content\/uploads\/2026\/02\/1f1fd439e5344c7a83faf4a80d09486f-150x150.webp 150w, https:\/\/portalf1.si\/wp-content\/uploads\/2026\/02\/1f1fd439e5344c7a83faf4a80d09486f-12x12.webp 12w\" sizes=\"auto, (max-width: 520px) 100vw, 520px\" \/><\/figure><div class=\"stk-container-padding stk-block-card__content\"><div class=\"stk-block-content stk-inner-blocks stk-aaa45cf-inner-blocks\">\n<div class=\"wp-block-stackable-heading stk-block-heading stk-block-heading--v2 stk-block stk-6f31dfe\" id=\"23\" data-block-id=\"6f31dfe\"><h2 class=\"stk-block-heading__text\">23<\/h2><\/div>\n\n\n\n<div class=\"wp-block-stackable-subtitle stk-block-subtitle stk-block stk-2360093\" data-block-id=\"2360093\"><style>.stk-2360093 .stk-block-subtitle__text{font-size:20px !important;color:#000000 !important;}@media screen and (max-width:999px){.stk-2360093 .stk-block-subtitle__text{font-size:20px !important;}}<\/style><p class=\"stk-block-subtitle__text stk-subtitle has-text-color\"><strong>Alexander Albon<\/strong><\/p><\/div>\n<\/div><\/div><\/div><\/div>\n<\/div><\/div><\/div>\n\n\n\n<div class=\"wp-block-stackable-column stk-block-column stk-column stk-block stk-4a6b9f7\" data-v=\"4\" data-block-id=\"4a6b9f7\"><div class=\"stk-column-wrapper stk-block-column__content stk-container stk-4a6b9f7-container stk--no-background stk--no-padding\"><div class=\"stk-block-content stk-inner-blocks stk-4a6b9f7-inner-blocks\">\n<div class=\"wp-block-stackable-card stk-block-card stk-block stk-4ea833e is-style-default\" data-v=\"2\" data-block-id=\"4ea833e\"><style>.stk-4ea833e {border-style:solid !important;border-color:var(--theme-palette-color-5, #e1e8ed) !important;}<\/style><div class=\"stk--no-padding stk-container stk-4ea833e-container stk-hover-parent\"><figure class=\"stk-block-card__image stk-img-wrapper stk-image--shape-stretch\"><img data-dominant-color=\"6581ac\" data-has-transparency=\"false\" style=\"--dominant-color: #6581ac;\" loading=\"lazy\" decoding=\"async\" class=\"stk-img wp-image-10854 not-transparent\" src=\"https:\/\/portalf1.si\/wp-content\/uploads\/2026\/02\/sainz-600x600-1-e1770634536720.webp\" width=\"600\" height=\"461\" srcset=\"https:\/\/portalf1.si\/wp-content\/uploads\/2026\/02\/sainz-600x600-1-e1770634536720.webp 600w, https:\/\/portalf1.si\/wp-content\/uploads\/2026\/02\/sainz-600x600-1-e1770634536720-300x231.webp 300w, https:\/\/portalf1.si\/wp-content\/uploads\/2026\/02\/sainz-600x600-1-e1770634536720-16x12.webp 16w\" sizes=\"auto, (max-width: 600px) 100vw, 600px\" \/><\/figure><div class=\"stk-container-padding stk-block-card__content\"><div class=\"stk-block-content stk-inner-blocks stk-4ea833e-inner-blocks\">\n<div class=\"wp-block-stackable-heading stk-block-heading stk-block-heading--v2 stk-block stk-ca20369\" id=\"55\" data-block-id=\"ca20369\"><h2 class=\"stk-block-heading__text\">55<\/h2><\/div>\n\n\n\n<div class=\"wp-block-stackable-subtitle stk-block-subtitle stk-block stk-0787522\" data-block-id=\"0787522\"><style>.stk-0787522 .stk-block-subtitle__text{font-size:20px !important;color:#000000 !important;}@media screen and (max-width:999px){.stk-0787522 .stk-block-subtitle__text{font-size:20px !important;}}<\/style><p class=\"stk-block-subtitle__text stk-subtitle has-text-color\"><strong>Carlos Sainz<\/strong><\/p><\/div>\n<\/div><\/div><\/div><\/div>\n<\/div><\/div><\/div>\n<\/div><\/div>\n<\/div><\/div><\/div>\n<\/div><\/div>\n\n\n\n<div class=\"wp-block-stackable-divider stk-block-divider stk-block stk-9254d60 is-style-bar\" data-block-id=\"9254d60\"><style>.stk-9254d60 hr.stk-block-divider__hr{background:#00a0dd !important;border-radius:calc(50px \/ 2) !important;height:50px !important;width:100% !important;}.stk-9254d60 {margin-bottom:0px !important;}<\/style><hr class=\"stk-block-divider__hr\"\/><\/div>\n\n\n\n<div class=\"wp-block-stackable-divider stk-block-divider stk-block stk-21c3310 is-style-bar\" data-block-id=\"21c3310\"><style>.stk-21c3310 hr.stk-block-divider__hr{background:#00a0dd !important;border-radius:calc(50px \/ 2) !important;height:50px !important;width:100% !important;}<\/style><hr class=\"stk-block-divider__hr\"\/><\/div>\n\n\n\n<div class=\"wp-block-stackable-card stk-block-card stk-block stk-657cde5 is-style-default\" data-v=\"2\" data-block-id=\"657cde5\"><style>.stk-657cde5 .stk-block-card__image{height:500px !important;}@media screen and (max-width:999px){.stk-657cde5 .stk-block-card__image{height:350px !important;}}@media screen and (max-width:689px){.stk-657cde5 .stk-block-card__image{height:150px !important;}}<\/style><div class=\"stk--no-padding stk-container stk-657cde5-container stk-hover-parent\"><figure class=\"stk-block-card__image stk-img-wrapper stk-image--shape-stretch\"><img data-dominant-color=\"434e6a\" data-has-transparency=\"false\" style=\"--dominant-color: #434e6a;\" loading=\"lazy\" decoding=\"async\" class=\"stk-img wp-image-10860 not-transparent\" src=\"https:\/\/portalf1.si\/wp-content\/uploads\/2026\/02\/HApUVpnWIAAMJRA-e1770646049727.webp\" width=\"1080\" height=\"466\" srcset=\"https:\/\/portalf1.si\/wp-content\/uploads\/2026\/02\/HApUVpnWIAAMJRA-e1770646049727.webp 1080w, https:\/\/portalf1.si\/wp-content\/uploads\/2026\/02\/HApUVpnWIAAMJRA-e1770646049727-300x129.webp 300w, https:\/\/portalf1.si\/wp-content\/uploads\/2026\/02\/HApUVpnWIAAMJRA-e1770646049727-1024x442.webp 1024w, https:\/\/portalf1.si\/wp-content\/uploads\/2026\/02\/HApUVpnWIAAMJRA-e1770646049727-768x331.webp 768w, https:\/\/portalf1.si\/wp-content\/uploads\/2026\/02\/HApUVpnWIAAMJRA-e1770646049727-18x8.webp 18w\" sizes=\"auto, (max-width: 1080px) 100vw, 1080px\" \/><\/figure><div class=\"stk-container-padding stk-block-card__content\"><div class=\"stk-block-content stk-inner-blocks stk-657cde5-inner-blocks\">\n<p><strong>Pod vodstvom briljantnosti in strasti pokojnega sira Franka Williamsa je ekipa Williams zrasla iz skromnih za\u010detkov v velikana Formule 1, ki mu po dolgotrajnih uspehih nista kos le Ferrari in McLaren. V zadnjih \u0161tirih desetletjih je ekipa nizala zmage na Velikih nagradah in osvajala prvenstva, ob tem pa vzgojila nekatere najve\u010dje talente v \u0161portu, tako v dirkalniku kot ob njem. Po odlo\u010ditvi dru\u017eine Williams, da se leta 2020 po prodaji ekipe dru\u017ebi Dorilton Capital umakne, pa se je za\u010delo novo obdobje &#8230;<\/strong><\/p>\n<\/div><\/div><\/div><\/div>\n","protected":false},"excerpt":{"rendered":"<p>Polno ime: Atlassian Williams F1 Team Sede\u017e ekipe: Grove, Velika Britanija Vodja ekipe: James Vowles Tehni\u010dni direktor: Pat Fry Motor: Mercedes \u0160asija: FW48 23 Alexander Albon 55 Carlos Sainz Pod vodstvom briljantnosti in strasti pokojnega sira Franka Williamsa je ekipa Williams zrasla iz skromnih za\u010detkov v velikana Formule 1, ki mu po dolgotrajnih uspehih nista [&hellip;]<\/p>\n","protected":false},"author":1,"featured_media":0,"parent":3097,"menu_order":0,"comment_status":"closed","ping_status":"closed","template":"","meta":{"footnotes":""},"class_list":["post-3431","page","type-page","status-publish","hentry"],"blocksy_meta":[],"yoast_head":"<!-- This site is optimized with the Yoast SEO plugin v27.4 - https:\/\/yoast.com\/product\/yoast-seo-wordpress\/ -->\n<title>WILLIAMS - Portal F1<\/title>\n<meta name=\"description\" content=\"Portal F1 je spletna platforma, ki vam prina\u0161a najnovej\u0161e novice, strokovne \u010dlanke, analize in kolumne iz sveta Formule 1. F1. Formula 1.\" \/>\n<meta name=\"robots\" content=\"index, follow, max-snippet:-1, max-image-preview:large, max-video-preview:-1\" \/>\n<link rel=\"canonical\" href=\"https:\/\/portalf1.si\/index.php\/ekipe\/williams\/\" \/>\n<meta property=\"og:locale\" content=\"sl_SI\" \/>\n<meta property=\"og:type\" content=\"article\" \/>\n<meta property=\"og:title\" content=\"WILLIAMS - Portal F1\" \/>\n<meta property=\"og:description\" content=\"Portal F1 je spletna platforma, ki vam prina\u0161a najnovej\u0161e novice, strokovne \u010dlanke, analize in kolumne iz sveta Formule 1. F1. Formula 1.\" \/>\n<meta property=\"og:url\" content=\"https:\/\/portalf1.si\/index.php\/ekipe\/williams\/\" \/>\n<meta property=\"og:site_name\" content=\"Portal F1\" \/>\n<meta property=\"article:publisher\" content=\"https:\/\/www.facebook.com\/portalf1.si\/?locale=sl_SI\" \/>\n<meta property=\"article:modified_time\" content=\"2026-02-10T07:21:30+00:00\" \/>\n<meta property=\"og:image\" content=\"https:\/\/portalf1.si\/wp-content\/uploads\/2026\/02\/Williams_F1_logo_2026_Corrigindo.webp\" \/>\n\t<meta property=\"og:image:width\" content=\"1800\" \/>\n\t<meta property=\"og:image:height\" content=\"977\" \/>\n\t<meta property=\"og:image:type\" content=\"image\/png\" \/>\n<meta name=\"twitter:card\" content=\"summary_large_image\" \/>\n<meta name=\"twitter:label1\" content=\"Est. reading time\" \/>\n\t<meta name=\"twitter:data1\" content=\"2 minuti\" \/>\n<script type=\"application\/ld+json\" class=\"yoast-schema-graph\">{\"@context\":\"https:\\\/\\\/schema.org\",\"@graph\":[{\"@type\":\"WebPage\",\"@id\":\"https:\\\/\\\/portalf1.si\\\/index.php\\\/ekipe\\\/williams\\\/\",\"url\":\"https:\\\/\\\/portalf1.si\\\/index.php\\\/ekipe\\\/williams\\\/\",\"name\":\"WILLIAMS - Portal F1\",\"isPartOf\":{\"@id\":\"https:\\\/\\\/portalf1.si\\\/#website\"},\"primaryImageOfPage\":{\"@id\":\"https:\\\/\\\/portalf1.si\\\/index.php\\\/ekipe\\\/williams\\\/#primaryimage\"},\"image\":{\"@id\":\"https:\\\/\\\/portalf1.si\\\/index.php\\\/ekipe\\\/williams\\\/#primaryimage\"},\"thumbnailUrl\":\"https:\\\/\\\/portalf1.si\\\/wp-content\\\/uploads\\\/2026\\\/02\\\/Williams_F1_logo_2026_Corrigindo.webp\",\"datePublished\":\"2025-02-04T22:29:53+00:00\",\"dateModified\":\"2026-02-10T07:21:30+00:00\",\"description\":\"Portal F1 je spletna platforma, ki vam prina\u0161a najnovej\u0161e novice, strokovne \u010dlanke, analize in kolumne iz sveta Formule 1. F1. Formula 1.\",\"breadcrumb\":{\"@id\":\"https:\\\/\\\/portalf1.si\\\/index.php\\\/ekipe\\\/williams\\\/#breadcrumb\"},\"inLanguage\":\"sl-SI\",\"potentialAction\":[{\"@type\":\"ReadAction\",\"target\":[\"https:\\\/\\\/portalf1.si\\\/index.php\\\/ekipe\\\/williams\\\/\"]}]},{\"@type\":\"ImageObject\",\"inLanguage\":\"sl-SI\",\"@id\":\"https:\\\/\\\/portalf1.si\\\/index.php\\\/ekipe\\\/williams\\\/#primaryimage\",\"url\":\"https:\\\/\\\/portalf1.si\\\/wp-content\\\/uploads\\\/2026\\\/02\\\/Williams_F1_logo_2026_Corrigindo.webp\",\"contentUrl\":\"https:\\\/\\\/portalf1.si\\\/wp-content\\\/uploads\\\/2026\\\/02\\\/Williams_F1_logo_2026_Corrigindo.webp\",\"width\":1800,\"height\":977},{\"@type\":\"BreadcrumbList\",\"@id\":\"https:\\\/\\\/portalf1.si\\\/index.php\\\/ekipe\\\/williams\\\/#breadcrumb\",\"itemListElement\":[{\"@type\":\"ListItem\",\"position\":1,\"name\":\"Home\",\"item\":\"https:\\\/\\\/portalf1.si\\\/\"},{\"@type\":\"ListItem\",\"position\":2,\"name\":\"EKIPE\",\"item\":\"https:\\\/\\\/portalf1.si\\\/index.php\\\/ekipe\\\/\"},{\"@type\":\"ListItem\",\"position\":3,\"name\":\"WILLIAMS\"}]},{\"@type\":\"WebSite\",\"@id\":\"https:\\\/\\\/portalf1.si\\\/#website\",\"url\":\"https:\\\/\\\/portalf1.si\\\/\",\"name\":\"Portal F1\",\"description\":\"Vstopite v svet hitrosti in adrenalina\",\"publisher\":{\"@id\":\"https:\\\/\\\/portalf1.si\\\/#organization\"},\"potentialAction\":[{\"@type\":\"SearchAction\",\"target\":{\"@type\":\"EntryPoint\",\"urlTemplate\":\"https:\\\/\\\/portalf1.si\\\/?s={search_term_string}\"},\"query-input\":{\"@type\":\"PropertyValueSpecification\",\"valueRequired\":true,\"valueName\":\"search_term_string\"}}],\"inLanguage\":\"sl-SI\"},{\"@type\":\"Organization\",\"@id\":\"https:\\\/\\\/portalf1.si\\\/#organization\",\"name\":\"Portal F1\",\"url\":\"https:\\\/\\\/portalf1.si\\\/\",\"logo\":{\"@type\":\"ImageObject\",\"inLanguage\":\"sl-SI\",\"@id\":\"https:\\\/\\\/portalf1.si\\\/#\\\/schema\\\/logo\\\/image\\\/\",\"url\":\"https:\\\/\\\/portalf1.si\\\/wp-content\\\/uploads\\\/2025\\\/02\\\/cropped-HiPaint_1738532868530.png\",\"contentUrl\":\"https:\\\/\\\/portalf1.si\\\/wp-content\\\/uploads\\\/2025\\\/02\\\/cropped-HiPaint_1738532868530.png\",\"width\":512,\"height\":512,\"caption\":\"Portal F1\"},\"image\":{\"@id\":\"https:\\\/\\\/portalf1.si\\\/#\\\/schema\\\/logo\\\/image\\\/\"},\"sameAs\":[\"https:\\\/\\\/www.facebook.com\\\/portalf1.si\\\/?locale=sl_SI\"]}]}<\/script>\n<!-- \/ Yoast SEO plugin. -->","yoast_head_json":{"title":"WILLIAMS - Portal F1","description":"Portal F1 je spletna platforma, ki vam prina\u0161a najnovej\u0161e novice, strokovne \u010dlanke, analize in kolumne iz sveta Formule 1. F1. Formula 1.","robots":{"index":"index","follow":"follow","max-snippet":"max-snippet:-1","max-image-preview":"max-image-preview:large","max-video-preview":"max-video-preview:-1"},"canonical":"https:\/\/portalf1.si\/index.php\/ekipe\/williams\/","og_locale":"sl_SI","og_type":"article","og_title":"WILLIAMS - Portal F1","og_description":"Portal F1 je spletna platforma, ki vam prina\u0161a najnovej\u0161e novice, strokovne \u010dlanke, analize in kolumne iz sveta Formule 1. F1. Formula 1.","og_url":"https:\/\/portalf1.si\/index.php\/ekipe\/williams\/","og_site_name":"Portal F1","article_publisher":"https:\/\/www.facebook.com\/portalf1.si\/?locale=sl_SI","article_modified_time":"2026-02-10T07:21:30+00:00","og_image":[{"width":1800,"height":977,"url":"https:\/\/portalf1.si\/wp-content\/uploads\/2026\/02\/Williams_F1_logo_2026_Corrigindo.webp","type":"image\/png"}],"twitter_card":"summary_large_image","twitter_misc":{"Est. reading time":"2 minuti"},"schema":{"@context":"https:\/\/schema.org","@graph":[{"@type":"WebPage","@id":"https:\/\/portalf1.si\/index.php\/ekipe\/williams\/","url":"https:\/\/portalf1.si\/index.php\/ekipe\/williams\/","name":"WILLIAMS - Portal F1","isPartOf":{"@id":"https:\/\/portalf1.si\/#website"},"primaryImageOfPage":{"@id":"https:\/\/portalf1.si\/index.php\/ekipe\/williams\/#primaryimage"},"image":{"@id":"https:\/\/portalf1.si\/index.php\/ekipe\/williams\/#primaryimage"},"thumbnailUrl":"https:\/\/portalf1.si\/wp-content\/uploads\/2026\/02\/Williams_F1_logo_2026_Corrigindo.webp","datePublished":"2025-02-04T22:29:53+00:00","dateModified":"2026-02-10T07:21:30+00:00","description":"Portal F1 je spletna platforma, ki vam prina\u0161a najnovej\u0161e novice, strokovne \u010dlanke, analize in kolumne iz sveta Formule 1. F1. Formula 1.","breadcrumb":{"@id":"https:\/\/portalf1.si\/index.php\/ekipe\/williams\/#breadcrumb"},"inLanguage":"sl-SI","potentialAction":[{"@type":"ReadAction","target":["https:\/\/portalf1.si\/index.php\/ekipe\/williams\/"]}]},{"@type":"ImageObject","inLanguage":"sl-SI","@id":"https:\/\/portalf1.si\/index.php\/ekipe\/williams\/#primaryimage","url":"https:\/\/portalf1.si\/wp-content\/uploads\/2026\/02\/Williams_F1_logo_2026_Corrigindo.webp","contentUrl":"https:\/\/portalf1.si\/wp-content\/uploads\/2026\/02\/Williams_F1_logo_2026_Corrigindo.webp","width":1800,"height":977},{"@type":"BreadcrumbList","@id":"https:\/\/portalf1.si\/index.php\/ekipe\/williams\/#breadcrumb","itemListElement":[{"@type":"ListItem","position":1,"name":"Home","item":"https:\/\/portalf1.si\/"},{"@type":"ListItem","position":2,"name":"EKIPE","item":"https:\/\/portalf1.si\/index.php\/ekipe\/"},{"@type":"ListItem","position":3,"name":"WILLIAMS"}]},{"@type":"WebSite","@id":"https:\/\/portalf1.si\/#website","url":"https:\/\/portalf1.si\/","name":"Portal F1","description":"Vstopite v svet hitrosti in adrenalina","publisher":{"@id":"https:\/\/portalf1.si\/#organization"},"potentialAction":[{"@type":"SearchAction","target":{"@type":"EntryPoint","urlTemplate":"https:\/\/portalf1.si\/?s={search_term_string}"},"query-input":{"@type":"PropertyValueSpecification","valueRequired":true,"valueName":"search_term_string"}}],"inLanguage":"sl-SI"},{"@type":"Organization","@id":"https:\/\/portalf1.si\/#organization","name":"Portal F1","url":"https:\/\/portalf1.si\/","logo":{"@type":"ImageObject","inLanguage":"sl-SI","@id":"https:\/\/portalf1.si\/#\/schema\/logo\/image\/","url":"https:\/\/portalf1.si\/wp-content\/uploads\/2025\/02\/cropped-HiPaint_1738532868530.png","contentUrl":"https:\/\/portalf1.si\/wp-content\/uploads\/2025\/02\/cropped-HiPaint_1738532868530.png","width":512,"height":512,"caption":"Portal F1"},"image":{"@id":"https:\/\/portalf1.si\/#\/schema\/logo\/image\/"},"sameAs":["https:\/\/www.facebook.com\/portalf1.si\/?locale=sl_SI"]}]}},"_links":{"self":[{"href":"https:\/\/portalf1.si\/index.php\/wp-json\/wp\/v2\/pages\/3431","targetHints":{"allow":["GET"]}}],"collection":[{"href":"https:\/\/portalf1.si\/index.php\/wp-json\/wp\/v2\/pages"}],"about":[{"href":"https:\/\/portalf1.si\/index.php\/wp-json\/wp\/v2\/types\/page"}],"author":[{"embeddable":true,"href":"https:\/\/portalf1.si\/index.php\/wp-json\/wp\/v2\/users\/1"}],"replies":[{"embeddable":true,"href":"https:\/\/portalf1.si\/index.php\/wp-json\/wp\/v2\/comments?post=3431"}],"version-history":[{"count":5,"href":"https:\/\/portalf1.si\/index.php\/wp-json\/wp\/v2\/pages\/3431\/revisions"}],"predecessor-version":[{"id":10903,"href":"https:\/\/portalf1.si\/index.php\/wp-json\/wp\/v2\/pages\/3431\/revisions\/10903"}],"up":[{"embeddable":true,"href":"https:\/\/portalf1.si\/index.php\/wp-json\/wp\/v2\/pages\/3097"}],"wp:attachment":[{"href":"https:\/\/portalf1.si\/index.php\/wp-json\/wp\/v2\/media?parent=3431"}],"curies":[{"name":"wp","href":"https:\/\/api.w.org\/{rel}","templated":true}]}}