{"id":3745,"date":"2025-02-19T12:17:04","date_gmt":"2025-02-19T12:17:04","guid":{"rendered":"https:\/\/portalf1.si\/?page_id=3745"},"modified":"2025-02-19T12:17:04","modified_gmt":"2025-02-19T12:17:04","slug":"pravilnik-o-zasebnosti-in-piskotkih","status":"publish","type":"page","link":"https:\/\/portalf1.si\/index.php\/pravilnik-o-zasebnosti-in-piskotkih\/","title":{"rendered":"PRAVILNIK O ZASEBNOSTI IN PI\u0160KOTKIH"},"content":{"rendered":"<p>Ta dokument opisuje Politiko zasebnosti in pi\u0161kotkov (v nadaljevanju \u00bbPolitika zasebnosti\u00ab) spletne strani Portal F1 na naslovu <a href=\"https:\/\/portalf1.si\/\">https:\/\/portalf1.si\/<\/a> (v nadaljevanju \u00bbspletna stran\u00ab) ter opisuje katere va\u0161e podatke zbiramo, na kak\u0161en na\u010din jih uporabljamo in kak\u0161na je na\u0161a politika pi\u0161kotkov. Prosimo zavedajte se, da spletno stran uporabljate na lastno odgovornost.<\/p>\r\n<p>Izraz \u00bbvi\/vas\/uporabnik\u00ab opredeljuje uporabnika spletne strani, izraz \u00bbdru\u017eba\/mi\/nami\/na\u0161a\u00ab pa opredeljuje upravitelja spletne strani Portal F1.<\/p>\r\n<p><strong>SPREJEMANJE POLITIKE ZASEBNOSTI<\/strong><\/p>\r\n<p>Politika zasebnosti opisuje na kak\u0161en na\u010din dru\u017eba zbira in uporablja podatke uporabnikov spletne strani ter na kak\u0161en na\u010din oziroma pod katerimi pogoji jih deli s tretjimi. \u0160teje se, da s prvo uporabo spletne strani sogla\u0161ate s Politiko zasebnosti in tudi s Pogoji uporabe (uporaba na lastno odgovornost).<\/p>\r\n<p><strong>KATERE PODATKE ZBIRAMO<\/strong><\/p>\r\n<p><strong>Podatke, ki jih zbiramo avtomati\u010dno.<\/strong> Avtomati\u010dno zbiramo nekatere podatke o vas oziroma o va\u0161em ra\u010dunalniku, in sicer podatke v zvezi z va\u0161im obiskom na\u0161e spletne strani, kateri operacijski sistem uporabljate, vrsto brskalnika, jezik brskalnika, podatke o tem koliko \u010dasa ste pre\u017eiveli na na\u0161i spletni strani in ostale podobne podatke.<\/p>\r\n<p><strong>Podatke, ki jih zbiramo s pi\u0161kotki.<\/strong> Dolo\u010dene podatke pridobivamo tudi s pomo\u010djo pi\u0161kotkov. Pi\u0161kotki so majhne datoteke, pomembne za delovanje spletnih strani, najve\u010dkrat namenjene navigaciji in izvajanju dolo\u010denih funkcij. Njihov glavni namen je izbolj\u0161ati uporabnikovo izku\u0161njo. Za podrobnosti glede pi\u0161kotkov prosim preberite na\u0161o politiko pi\u0161kotkov v nadaljevanju te Politike zasebnosti.<\/p>\r\n<p><strong>KAKO UPORABLJAMO VA\u0160E PODATKE<\/strong><\/p>\r\n<p>Va\u0161e podatke uporabljamo za namene opravljanja storitev, in sicer da vam omogo\u010dimo uporabo spletne strani, odgovorimo na va\u0161a vpra\u0161anja in komentarje, ki nam jih posredujete preko spletne strani ter za upravljanje, nadgrajevanje in izbolj\u0161anje delovanje na\u0161e spletne strani.<\/p>\r\n<p>Uporabljamo Google Analytics (analiti\u010dno orodje Googla) za spremljanje prometa na spletni strani. Google Analyitics zbira podatke kot so: kako pogosto uporabnik obi\u0161\u010de spletno stran, katere spletne strani obi\u0161\u010de pred obiskom na\u0161e spletne strani, itd. Google Analyitics zbira le IP naslov, ki vam je dodeljen na dan obiska spletne strani, ne pa tudi imena ali druge identifikacijske podatke. Dru\u017eba podatkov zbranih z Google Analytics ne kombinira s podatki zbranimi na drug na\u010din in s tem ne ugotavlja identitete obiskovalcev spletnih strani. Kljub temu da Google Analytics uporablja stalne pi\u0161kotke, z namenom da vas tudi ob naslednjem obisku prepozna kot istega uporabnika, so omenjeni pi\u0161kotki lahko uporabljeni samo s strani Googla. Pravice Googla do uporabe in posredovanja podatkov, ki jih pridobi s pomo\u010djo Google Analyitics, so opredeljene skladno z naslednjima dokumentoma: Google Analytics Terms of Use in Google Privacy Policy. Google Analyticsu lahko onemogo\u010dite, da vas prepozna ob va\u0161em naslednjem obisku spletne strani, tako da izklju\u010dite funkcijo uporabe pi\u0161kotkov v va\u0161em spletnem brskalniku. Podatke, ki jih pridobimo s pomo\u010djo Google Analytics, uporabljamo izklju\u010dno za namen izbolj\u0161ave na\u0161e spletne strani. Teh podatkov ne prodajamo ali ne delimo s tretjimi osebami.<\/p>\r\n<p>\u010ce ni izrecno dolo\u010deno druga\u010de, bomo va\u0161e podatke posredovali tretjim le v primeru, \u010de je to nujno potrebno za zagotovitev skladnosti poslovanja dru\u017ebe z zakoni in drugimi pravno zavezujo\u010dimi akti ali \u010de to od nas zahteva pristojen dr\u017eavni organ.<\/p>\r\n<p><strong>POVEZAVE DO ZUNANJIH SPLETNIH STRANI<\/strong><\/p>\r\n<p>Na\u0161a spletna stran lahko vklju\u010duje povezave na druge, zunanje spletne strani, ki niso neposredno vezane na na\u0161o spletno stran. Za za\u0161\u010dito podatkov na teh spletnih straneh dru\u017eba ne prevzema nobene odgovornosti.<\/p>\r\n<p><strong>UPORABA PI\u0160KOTKOV<\/strong><\/p>\r\n<p style=\"text-align: left;\">S predmetnim \u010dlenom vam \u017eelimo zagotoviti vse potrebne informacije glede pi\u0161kotkov, ki jih uporabljamo na spletni strani. Informacije vsebujejo splo\u0161ne podatke o pi\u0161kotkih, mo\u017enosti uporabnikov spletne strani ter informacije glede specifi\u010dnih pi\u0161kotkov, ki jih uporablja dru\u017eba oziroma jih z na\u0161im soglasjem uporabljajo tretje osebe.<\/p>\r\n<p>Pi\u0161kotki so majhne datoteke, pomembne za delovanje spletnih strani, najve\u010dkrat namenjene navigaciji in izvajanju dolo\u010denih funkcij. Njihov glavni namen je izbolj\u0161ati uporabnikovo izku\u0161njo.<\/p>\r\n<p>Pi\u0161kotek obi\u010dajno vsebuje zaporedje \u010drk in \u0161tevilk, ki se nalo\u017eijo va\u0161o napravo, s katero dostopate na na\u0161o spletno stran. Ob vsakem ponovnem obisku bo spletna stran pridobila podatek o nalo\u017eenem pi\u0161kotku in vas prepoznala.<\/p>\r\n<p>Poleg funkcije izbolj\u0161anja uporabni\u0161ke izku\u0161nje je njihov namen razli\u010den. Pi\u0161kotki se lahko uporabljajo tudi za analizo vedenja ali prepoznavanje uporabnikov. Lo\u010dimo razli\u010dne vrste pi\u0161kotkov. Spodaj lahko najdete podrobne informacije o posameznih pi\u0161kotkih.<\/p>\r\n<p><strong>Nujno potrebni pi\u0161kotki<\/strong>\u00a0omogo\u010dajo uporabo osnovnih in nujno potrebnih funkcij za pravilno delovanje spletne strani. Brez teh pi\u0161kotov nekateri servisi te spletne strani ne bi delovali pravilno (npr. prijava). Ti pi\u0161kotki ne shranjujejo nobenih osebnih podatkov.<\/p>\r\n<p><strong>Funkcionalni pi\u0161kotki<\/strong>\u00a0omogo\u010dajo spletni strani, da si zapomni nekatere va\u0161e nastavitve in izbire (npr. uporabni\u0161ko ime, jezik, regijo) in pomagajo zagotavljati napredne in personalizirane funkcije, kot je deljenje vsebine spletnega mesta na platformah dru\u017ebenih medijev, zbiranje povratnih informacij itd. Tovrstni pi\u0161kotki lahko omogo\u010dajo sledenje va\u0161im akcijam na spletni strani.<\/p>\r\n<p><strong>Analiti\u010dni pi\u0161kotki<\/strong>\u00a0se uporabljajo za bolj\u0161e razumevanje interakcije obiskovalcev s spletno stranjo z namenom izbolj\u0161anja izkustvene komponente spletne strani. Ti pi\u0161kotki ne zbirajo informacij, preko katerih bi lahko identificirali uporabnika, temve\u010d le pomagajo zagotoviti informacije o meritvah, kot so \u0161tevilo obiskovalcev, stopnja obiskov ene strani, vir prometa itd.<\/p>\r\n<p><strong>Oglasni pi\u0161kotki<\/strong> se uporabljajo z namenom, da vam prika\u017eejo bolj ciljane oglase, omejujejo ponavljanje oglasov ali analizirajo u\u010dinkovitost ogla\u0161evalskih akcij. Tovrstni pi\u0161kotki lahko omogo\u010dajo sledenje va\u0161im akcijam na spletu.<\/p>\r\n<p><strong>Soglasje. <\/strong>Po na\u0161em prepri\u010danju mora imeti vsak obiskovalec na\u0161e spletne strani mo\u017enost nadziranja zbiranja njegovih osebnih podatkov, povezanega z obiskom spletne strani. V primeru da se ne strinjate z uporabo pi\u0161kotkov z na\u0161e strani, prosimo da prenehate z njenim uporabljanjem.<\/p>\r\n<p>Z nadaljnjo uporabo spletne strani nakazujete va\u0161e soglasje (skladno s Politiko zasebnosti in Pogoji uporabe) k uporabi:<\/p>\r\n<ul>\r\n<li>pi\u0161kotkov omenjenih v tej politiki;<\/li>\r\n<li>va\u0161ih osebnih podatkov, ki jih pridobimo z uporabo pi\u0161kotkov.<\/li>\r\n<\/ul>\r\n<p><strong>Dodatne informacije. <\/strong>V primeru, da potrebujete kakr\u0161ne koli dodatne informacije, vam svetujemo da obi\u0161\u010dete spletno stran <a href=\"https:\/\/www.ip-rs.si\">www.ip-rs.si<\/a> ali <a href=\"http:\/\/www.aboutcookies.org\">www.aboutcookies.org<\/a> ali <a href=\"http:\/\/www.whatarecookies.com\">www.whatarecookies.com<\/a>.<\/p>\r\n<p><strong>DOSTOP IN NADZOR S STRANI UPORABNIKA<\/strong><\/p>\r\n<p>\u010ce bi radi dostopali, pregledali, popravili, posodobili, umaknili ali kako druga\u010de omejili na\u0161o uporabo va\u0161ih osebnih podatkov, ki ste nam jih predhodno neposredno posredovali, nam to sporo\u010dite na elektronski naslov: <a href=\"mailto:info@portalf1.si\">info@portalf1.si<\/a>. V va\u0161i zahtevi naj bo vklju\u010den va\u0161 elektronski naslov, ime, naslov, telefonska \u0161tevilka in jasna navedba podatkov, do katerih bi radi dostopali, jih spremenili, posodobili ali umaknili. Posku\u0161ali bomo ugoditi va\u0161i zahtevi takoj, ko bo to razumno prakti\u010dno.<\/p>\r\n<p><strong>SPREMEMBE POLITIKE ZASEBNOSTI<\/strong><\/p>\r\n<p>Dru\u017eba si pridru\u017euje pravico, da lahko kadarkoli spremeni in dopolni Politiko zasebnosti v okviru spletne strani. Va\u0161a odgovornost je, da se seznanite z vsemi morebitnimi spremembami.\u00a0<\/p>\r\n","protected":false},"excerpt":{"rendered":"<p>Ta dokument opisuje Politiko zasebnosti in pi\u0161kotkov (v nadaljevanju \u00bbPolitika zasebnosti\u00ab) spletne strani Portal F1 na naslovu https:\/\/portalf1.si\/ (v nadaljevanju \u00bbspletna stran\u00ab) ter opisuje katere va\u0161e podatke zbiramo, na kak\u0161en na\u010din jih uporabljamo in kak\u0161na je na\u0161a politika pi\u0161kotkov. Prosimo zavedajte se, da spletno stran uporabljate na lastno odgovornost. Izraz \u00bbvi\/vas\/uporabnik\u00ab opredeljuje uporabnika spletne strani, [&hellip;]<\/p>\n","protected":false},"author":1,"featured_media":0,"parent":0,"menu_order":0,"comment_status":"closed","ping_status":"closed","template":"","meta":{"footnotes":""},"class_list":["post-3745","page","type-page","status-publish","hentry"],"blocksy_meta":[],"yoast_head":"<!-- This site is optimized with the Yoast SEO plugin v27.4 - https:\/\/yoast.com\/product\/yoast-seo-wordpress\/ -->\n<title>PRAVILNIK O ZASEBNOSTI IN PI\u0160KOTKIH - Portal F1<\/title>\n<meta name=\"description\" content=\"Portal F1 je spletna platforma, ki vam prina\u0161a najnovej\u0161e novice, strokovne \u010dlanke, analize in kolumne iz sveta Formule 1. F1. Formula 1.\" \/>\n<meta name=\"robots\" content=\"index, follow, max-snippet:-1, max-image-preview:large, max-video-preview:-1\" \/>\n<link rel=\"canonical\" href=\"https:\/\/portalf1.si\/index.php\/pravilnik-o-zasebnosti-in-piskotkih\/\" \/>\n<meta property=\"og:locale\" content=\"sl_SI\" \/>\n<meta property=\"og:type\" content=\"article\" \/>\n<meta property=\"og:title\" content=\"PRAVILNIK O ZASEBNOSTI IN PI\u0160KOTKIH - Portal F1\" \/>\n<meta property=\"og:description\" content=\"Portal F1 je spletna platforma, ki vam prina\u0161a najnovej\u0161e novice, strokovne \u010dlanke, analize in kolumne iz sveta Formule 1. F1. Formula 1.\" \/>\n<meta property=\"og:url\" content=\"https:\/\/portalf1.si\/index.php\/pravilnik-o-zasebnosti-in-piskotkih\/\" \/>\n<meta property=\"og:site_name\" content=\"Portal F1\" \/>\n<meta property=\"article:publisher\" content=\"https:\/\/www.facebook.com\/portalf1.si\/?locale=sl_SI\" \/>\n<meta name=\"twitter:card\" content=\"summary_large_image\" \/>\n<meta name=\"twitter:label1\" content=\"Est. reading time\" \/>\n\t<meta name=\"twitter:data1\" content=\"6 minut\" \/>\n<script type=\"application\/ld+json\" class=\"yoast-schema-graph\">{\"@context\":\"https:\\\/\\\/schema.org\",\"@graph\":[{\"@type\":\"WebPage\",\"@id\":\"https:\\\/\\\/portalf1.si\\\/index.php\\\/pravilnik-o-zasebnosti-in-piskotkih\\\/\",\"url\":\"https:\\\/\\\/portalf1.si\\\/index.php\\\/pravilnik-o-zasebnosti-in-piskotkih\\\/\",\"name\":\"PRAVILNIK O ZASEBNOSTI IN PI\u0160KOTKIH - Portal F1\",\"isPartOf\":{\"@id\":\"https:\\\/\\\/portalf1.si\\\/#website\"},\"datePublished\":\"2025-02-19T12:17:04+00:00\",\"description\":\"Portal F1 je spletna platforma, ki vam prina\u0161a najnovej\u0161e novice, strokovne \u010dlanke, analize in kolumne iz sveta Formule 1. F1. Formula 1.\",\"breadcrumb\":{\"@id\":\"https:\\\/\\\/portalf1.si\\\/index.php\\\/pravilnik-o-zasebnosti-in-piskotkih\\\/#breadcrumb\"},\"inLanguage\":\"sl-SI\",\"potentialAction\":[{\"@type\":\"ReadAction\",\"target\":[\"https:\\\/\\\/portalf1.si\\\/index.php\\\/pravilnik-o-zasebnosti-in-piskotkih\\\/\"]}]},{\"@type\":\"BreadcrumbList\",\"@id\":\"https:\\\/\\\/portalf1.si\\\/index.php\\\/pravilnik-o-zasebnosti-in-piskotkih\\\/#breadcrumb\",\"itemListElement\":[{\"@type\":\"ListItem\",\"position\":1,\"name\":\"Home\",\"item\":\"https:\\\/\\\/portalf1.si\\\/\"},{\"@type\":\"ListItem\",\"position\":2,\"name\":\"PRAVILNIK O ZASEBNOSTI IN PI\u0160KOTKIH\"}]},{\"@type\":\"WebSite\",\"@id\":\"https:\\\/\\\/portalf1.si\\\/#website\",\"url\":\"https:\\\/\\\/portalf1.si\\\/\",\"name\":\"Portal F1\",\"description\":\"Vstopite v svet hitrosti in adrenalina\",\"publisher\":{\"@id\":\"https:\\\/\\\/portalf1.si\\\/#organization\"},\"potentialAction\":[{\"@type\":\"SearchAction\",\"target\":{\"@type\":\"EntryPoint\",\"urlTemplate\":\"https:\\\/\\\/portalf1.si\\\/?s={search_term_string}\"},\"query-input\":{\"@type\":\"PropertyValueSpecification\",\"valueRequired\":true,\"valueName\":\"search_term_string\"}}],\"inLanguage\":\"sl-SI\"},{\"@type\":\"Organization\",\"@id\":\"https:\\\/\\\/portalf1.si\\\/#organization\",\"name\":\"Portal F1\",\"url\":\"https:\\\/\\\/portalf1.si\\\/\",\"logo\":{\"@type\":\"ImageObject\",\"inLanguage\":\"sl-SI\",\"@id\":\"https:\\\/\\\/portalf1.si\\\/#\\\/schema\\\/logo\\\/image\\\/\",\"url\":\"https:\\\/\\\/portalf1.si\\\/wp-content\\\/uploads\\\/2025\\\/02\\\/cropped-HiPaint_1738532868530.png\",\"contentUrl\":\"https:\\\/\\\/portalf1.si\\\/wp-content\\\/uploads\\\/2025\\\/02\\\/cropped-HiPaint_1738532868530.png\",\"width\":512,\"height\":512,\"caption\":\"Portal F1\"},\"image\":{\"@id\":\"https:\\\/\\\/portalf1.si\\\/#\\\/schema\\\/logo\\\/image\\\/\"},\"sameAs\":[\"https:\\\/\\\/www.facebook.com\\\/portalf1.si\\\/?locale=sl_SI\"]}]}<\/script>\n<!-- \/ Yoast SEO plugin. -->","yoast_head_json":{"title":"PRAVILNIK O ZASEBNOSTI IN PI\u0160KOTKIH - Portal F1","description":"Portal F1 je spletna platforma, ki vam prina\u0161a najnovej\u0161e novice, strokovne \u010dlanke, analize in kolumne iz sveta Formule 1. F1. Formula 1.","robots":{"index":"index","follow":"follow","max-snippet":"max-snippet:-1","max-image-preview":"max-image-preview:large","max-video-preview":"max-video-preview:-1"},"canonical":"https:\/\/portalf1.si\/index.php\/pravilnik-o-zasebnosti-in-piskotkih\/","og_locale":"sl_SI","og_type":"article","og_title":"PRAVILNIK O ZASEBNOSTI IN PI\u0160KOTKIH - Portal F1","og_description":"Portal F1 je spletna platforma, ki vam prina\u0161a najnovej\u0161e novice, strokovne \u010dlanke, analize in kolumne iz sveta Formule 1. F1. Formula 1.","og_url":"https:\/\/portalf1.si\/index.php\/pravilnik-o-zasebnosti-in-piskotkih\/","og_site_name":"Portal F1","article_publisher":"https:\/\/www.facebook.com\/portalf1.si\/?locale=sl_SI","twitter_card":"summary_large_image","twitter_misc":{"Est. reading time":"6 minut"},"schema":{"@context":"https:\/\/schema.org","@graph":[{"@type":"WebPage","@id":"https:\/\/portalf1.si\/index.php\/pravilnik-o-zasebnosti-in-piskotkih\/","url":"https:\/\/portalf1.si\/index.php\/pravilnik-o-zasebnosti-in-piskotkih\/","name":"PRAVILNIK O ZASEBNOSTI IN PI\u0160KOTKIH - Portal F1","isPartOf":{"@id":"https:\/\/portalf1.si\/#website"},"datePublished":"2025-02-19T12:17:04+00:00","description":"Portal F1 je spletna platforma, ki vam prina\u0161a najnovej\u0161e novice, strokovne \u010dlanke, analize in kolumne iz sveta Formule 1. F1. Formula 1.","breadcrumb":{"@id":"https:\/\/portalf1.si\/index.php\/pravilnik-o-zasebnosti-in-piskotkih\/#breadcrumb"},"inLanguage":"sl-SI","potentialAction":[{"@type":"ReadAction","target":["https:\/\/portalf1.si\/index.php\/pravilnik-o-zasebnosti-in-piskotkih\/"]}]},{"@type":"BreadcrumbList","@id":"https:\/\/portalf1.si\/index.php\/pravilnik-o-zasebnosti-in-piskotkih\/#breadcrumb","itemListElement":[{"@type":"ListItem","position":1,"name":"Home","item":"https:\/\/portalf1.si\/"},{"@type":"ListItem","position":2,"name":"PRAVILNIK O ZASEBNOSTI IN PI\u0160KOTKIH"}]},{"@type":"WebSite","@id":"https:\/\/portalf1.si\/#website","url":"https:\/\/portalf1.si\/","name":"Portal F1","description":"Vstopite v svet hitrosti in adrenalina","publisher":{"@id":"https:\/\/portalf1.si\/#organization"},"potentialAction":[{"@type":"SearchAction","target":{"@type":"EntryPoint","urlTemplate":"https:\/\/portalf1.si\/?s={search_term_string}"},"query-input":{"@type":"PropertyValueSpecification","valueRequired":true,"valueName":"search_term_string"}}],"inLanguage":"sl-SI"},{"@type":"Organization","@id":"https:\/\/portalf1.si\/#organization","name":"Portal F1","url":"https:\/\/portalf1.si\/","logo":{"@type":"ImageObject","inLanguage":"sl-SI","@id":"https:\/\/portalf1.si\/#\/schema\/logo\/image\/","url":"https:\/\/portalf1.si\/wp-content\/uploads\/2025\/02\/cropped-HiPaint_1738532868530.png","contentUrl":"https:\/\/portalf1.si\/wp-content\/uploads\/2025\/02\/cropped-HiPaint_1738532868530.png","width":512,"height":512,"caption":"Portal F1"},"image":{"@id":"https:\/\/portalf1.si\/#\/schema\/logo\/image\/"},"sameAs":["https:\/\/www.facebook.com\/portalf1.si\/?locale=sl_SI"]}]}},"_links":{"self":[{"href":"https:\/\/portalf1.si\/index.php\/wp-json\/wp\/v2\/pages\/3745","targetHints":{"allow":["GET"]}}],"collection":[{"href":"https:\/\/portalf1.si\/index.php\/wp-json\/wp\/v2\/pages"}],"about":[{"href":"https:\/\/portalf1.si\/index.php\/wp-json\/wp\/v2\/types\/page"}],"author":[{"embeddable":true,"href":"https:\/\/portalf1.si\/index.php\/wp-json\/wp\/v2\/users\/1"}],"replies":[{"embeddable":true,"href":"https:\/\/portalf1.si\/index.php\/wp-json\/wp\/v2\/comments?post=3745"}],"version-history":[{"count":10,"href":"https:\/\/portalf1.si\/index.php\/wp-json\/wp\/v2\/pages\/3745\/revisions"}],"predecessor-version":[{"id":3793,"href":"https:\/\/portalf1.si\/index.php\/wp-json\/wp\/v2\/pages\/3745\/revisions\/3793"}],"wp:attachment":[{"href":"https:\/\/portalf1.si\/index.php\/wp-json\/wp\/v2\/media?parent=3745"}],"curies":[{"name":"wp","href":"https:\/\/api.w.org\/{rel}","templated":true}]}}